{"id":9651,"date":"2023-10-10T15:11:53","date_gmt":"2023-10-10T15:11:53","guid":{"rendered":"https:\/\/viajes.estropical.com\/?page_id=9651"},"modified":"2025-06-06T11:00:51","modified_gmt":"2025-06-06T15:00:51","slug":"cochabamba","status":"publish","type":"page","link":"https:\/\/viajes.estropical.com\/en\/info\/sucursales\/cochabamba\/","title":{"rendered":"Sucursales Cochabamba"},"content":{"rendered":"<div data-elementor-type=\"wp-page\" data-elementor-id=\"9651\" class=\"elementor elementor-9651\">\n\t\t\t\t\t\t<section class=\"elementor-section elementor-top-section elementor-element elementor-element-fd923fc elementor-section-boxed elementor-section-height-default elementor-section-height-default wpr-particle-no wpr-jarallax-no wpr-parallax-no wpr-sticky-section-no\" data-id=\"fd923fc\" data-element_type=\"section\" data-settings=\"{&quot;background_background&quot;:&quot;classic&quot;}\">\n\t\t\t\t\t\t<div class=\"elementor-container elementor-column-gap-default\">\n\t\t\t\t\t<div class=\"elementor-column elementor-col-100 elementor-top-column elementor-element elementor-element-e6eac1b\" data-id=\"e6eac1b\" data-element_type=\"column\">\n\t\t\t<div class=\"elementor-widget-wrap elementor-element-populated\">\n\t\t\t\t\t\t<div class=\"elementor-element elementor-element-c7a3fbb elementor-widget elementor-widget-heading\" data-id=\"c7a3fbb\" data-element_type=\"widget\" data-widget_type=\"heading.default\">\n\t\t\t\t<div class=\"elementor-widget-container\">\n\t\t\t\t\t<h1 class=\"elementor-heading-title elementor-size-default\">Sucursales Cochabamba<\/h1>\t\t\t\t<\/div>\n\t\t\t\t<\/div>\n\t\t\t\t\t<\/div>\n\t\t<\/div>\n\t\t\t\t\t<\/div>\n\t\t<\/section>\n\t\t\t\t<section class=\"elementor-section elementor-top-section elementor-element elementor-element-a229953 elementor-section-boxed elementor-section-height-default elementor-section-height-default wpr-particle-no wpr-jarallax-no wpr-parallax-no wpr-sticky-section-no\" data-id=\"a229953\" data-element_type=\"section\">\n\t\t\t\t\t\t<div class=\"elementor-container elementor-column-gap-default\">\n\t\t\t\t\t<div class=\"elementor-column elementor-col-100 elementor-top-column elementor-element elementor-element-7d984e8\" data-id=\"7d984e8\" data-element_type=\"column\">\n\t\t\t<div class=\"elementor-widget-wrap elementor-element-populated\">\n\t\t\t\t\t\t<div class=\"elementor-element elementor-element-d576361 elementor-widget elementor-widget-text-editor\" data-id=\"d576361\" data-element_type=\"widget\" data-widget_type=\"text-editor.default\">\n\t\t\t\t<div class=\"elementor-widget-container\">\n\t\t\t\t\t\t\t\t\t<p><strong><a href=\"https:\/\/viajes.estropical.com\/en\/info\/sucursales\/santa-cruz\/\">Santa Cruz<\/a><\/strong>\u00a0 \u00a0|\u00a0 \u00a0<a href=\"https:\/\/viajes.estropical.com\/en\/info\/sucursales\/la-paz\/\"><strong>La Paz<\/strong><\/a>\u00a0 \u00a0|\u00a0 \u00a0<a href=\"https:\/\/viajes.estropical.com\/en\/info\/sucursales\/cochabamba\/\"><strong>Cochabamba<\/strong><\/a>\u00a0 |\u00a0 <a href=\"https:\/\/viajes.estropical.com\/en\/info\/sucursales\/sucursales-oruro\/\"><strong>Oruro<\/strong><\/a>\u00a0| <strong><a href=\"https:\/\/viajes.estropical.com\/en\/info\/sucursales\/tarija\/\">Tarija<\/a> <\/strong>| <strong><a href=\"https:\/\/viajes.estropical.com\/en\/info\/sucursales\/sucre\/\">Sucre<\/a><\/strong><\/p>\t\t\t\t\t\t\t\t<\/div>\n\t\t\t\t<\/div>\n\t\t\t\t\t<\/div>\n\t\t<\/div>\n\t\t\t\t\t<\/div>\n\t\t<\/section>\n\t\t\t\t<section class=\"elementor-section elementor-top-section elementor-element elementor-element-7dbbd8a elementor-section-boxed elementor-section-height-default elementor-section-height-default wpr-particle-no wpr-jarallax-no wpr-parallax-no wpr-sticky-section-no\" data-id=\"7dbbd8a\" data-element_type=\"section\">\n\t\t\t\t\t\t<div class=\"elementor-container elementor-column-gap-default\">\n\t\t\t\t\t<div class=\"elementor-column elementor-col-33 elementor-top-column elementor-element elementor-element-0a37049\" data-id=\"0a37049\" data-element_type=\"column\">\n\t\t\t<div class=\"elementor-widget-wrap elementor-element-populated\">\n\t\t\t\t\t\t<div class=\"elementor-element elementor-element-5fe3d5b elementor-widget elementor-widget-image\" data-id=\"5fe3d5b\" data-element_type=\"widget\" data-widget_type=\"image.default\">\n\t\t\t\t<div class=\"elementor-widget-container\">\n\t\t\t\t\t\t\t\t\t\t\t\t\t\t\t\t<a href=\"https:\/\/www.google.com\/maps\/place\/estropical.com-+Regional+Cochabamba+-+Agencia+de+Viajes\/@-17.375071,-66.1534558,17z\/data=!4m5!3m4!1s0x0:0xaa964ea92b94a29f!8m2!3d-17.375071!4d-66.1512671?authuser=1\" target=\"_blank\">\n\t\t\t\t\t\t\t<img fetchpriority=\"high\" decoding=\"async\" width=\"469\" height=\"155\" src=\"https:\/\/viajes.estropical.com\/\/wp-content\/uploads\/2023\/10\/cochabamba-central-jpg.webp\" class=\"attachment-medium_large size-medium_large wp-image-9676\" alt=\"\" srcset=\"https:\/\/viajes.estropical.com\/\/wp-content\/uploads\/2023\/10\/cochabamba-central-jpg.webp 469w, https:\/\/viajes.estropical.com\/\/wp-content\/uploads\/2023\/10\/cochabamba-central-300x99.webp 300w, https:\/\/viajes.estropical.com\/\/wp-content\/uploads\/2023\/10\/cochabamba-central-24x8.webp 24w, https:\/\/viajes.estropical.com\/\/wp-content\/uploads\/2023\/10\/cochabamba-central-36x12.webp 36w, https:\/\/viajes.estropical.com\/\/wp-content\/uploads\/2023\/10\/cochabamba-central-48x16.webp 48w\" sizes=\"(max-width: 469px) 100vw, 469px\" \/>\t\t\t\t\t\t\t\t<\/a>\n\t\t\t\t\t\t\t\t\t\t\t\t\t\t\t<\/div>\n\t\t\t\t<\/div>\n\t\t\t\t<div class=\"elementor-element elementor-element-8f6d0c9 elementor-widget elementor-widget-heading\" data-id=\"8f6d0c9\" data-element_type=\"widget\" data-widget_type=\"heading.default\">\n\t\t\t\t<div class=\"elementor-widget-container\">\n\t\t\t\t\t<h4 class=\"elementor-heading-title elementor-size-default\"><a href=\"https:\/\/www.google.com\/maps\/place\/estropical.com-+Regional+Cochabamba+-+Agencia+de+Viajes\/@-17.375071,-66.1534558,17z\/data=!4m5!3m4!1s0x0:0xaa964ea92b94a29f!8m2!3d-17.375071!4d-66.1512671?authuser=1\" target=\"_blank\">estropical.com - Cochabamba, Central Pando - Agencia de Viajes<\/a><\/h4>\t\t\t\t<\/div>\n\t\t\t\t<\/div>\n\t\t\t\t<div class=\"elementor-element elementor-element-85a56f8 elementor-widget elementor-widget-text-editor\" data-id=\"85a56f8\" data-element_type=\"widget\" data-widget_type=\"text-editor.default\">\n\t\t\t\t<div class=\"elementor-widget-container\">\n\t\t\t\t\t\t\t\t\t<p style=\"margin-bottom:10px;\">\nAvenida Pando #1325 Pasaje Portales, Acera Oeste<br>\n<strong>Horario de Atenci\u00f3n<\/strong><br>\nLunes a Viernes: 09:00 &#8211; 19:00\nS\u00e1bados: 09:00 &#8211; 17:00\n<\/p>\t\t\t\t\t\t\t\t<\/div>\n\t\t\t\t<\/div>\n\t\t\t\t\t<\/div>\n\t\t<\/div>\n\t\t\t\t<div class=\"elementor-column elementor-col-33 elementor-top-column elementor-element elementor-element-4284b49\" data-id=\"4284b49\" data-element_type=\"column\">\n\t\t\t<div class=\"elementor-widget-wrap elementor-element-populated\">\n\t\t\t\t\t\t<div class=\"elementor-element elementor-element-6b11b7e elementor-widget elementor-widget-image\" data-id=\"6b11b7e\" data-element_type=\"widget\" data-widget_type=\"image.default\">\n\t\t\t\t<div class=\"elementor-widget-container\">\n\t\t\t\t\t\t\t\t\t\t\t\t\t\t\t\t<a href=\"https:\/\/maps.app.goo.gl\/KMBZPjWsz5MCcd516\" target=\"_blank\">\n\t\t\t\t\t\t\t<img decoding=\"async\" width=\"469\" height=\"155\" src=\"https:\/\/viajes.estropical.com\/\/wp-content\/uploads\/2023\/10\/cochabamba-jordan-ok-jpg.webp\" class=\"attachment-medium_large size-medium_large wp-image-9710\" alt=\"\" srcset=\"https:\/\/viajes.estropical.com\/\/wp-content\/uploads\/2023\/10\/cochabamba-jordan-ok-jpg.webp 469w, https:\/\/viajes.estropical.com\/\/wp-content\/uploads\/2023\/10\/cochabamba-jordan-ok-300x99.webp 300w, https:\/\/viajes.estropical.com\/\/wp-content\/uploads\/2023\/10\/cochabamba-jordan-ok-24x8.webp 24w, https:\/\/viajes.estropical.com\/\/wp-content\/uploads\/2023\/10\/cochabamba-jordan-ok-36x12.webp 36w, https:\/\/viajes.estropical.com\/\/wp-content\/uploads\/2023\/10\/cochabamba-jordan-ok-48x16.webp 48w\" sizes=\"(max-width: 469px) 100vw, 469px\" \/>\t\t\t\t\t\t\t\t<\/a>\n\t\t\t\t\t\t\t\t\t\t\t\t\t\t\t<\/div>\n\t\t\t\t<\/div>\n\t\t\t\t<div class=\"elementor-element elementor-element-aef57b2 elementor-widget elementor-widget-heading\" data-id=\"aef57b2\" data-element_type=\"widget\" data-widget_type=\"heading.default\">\n\t\t\t\t<div class=\"elementor-widget-container\">\n\t\t\t\t\t<h4 class=\"elementor-heading-title elementor-size-default\"><a href=\"https:\/\/maps.app.goo.gl\/KMBZPjWsz5MCcd516\" target=\"_blank\">estropical.com - Cochabamba, Jord\u00e1n - Agencia de Viajes<\/a><\/h4>\t\t\t\t<\/div>\n\t\t\t\t<\/div>\n\t\t\t\t<div class=\"elementor-element elementor-element-d8c3a61 elementor-widget elementor-widget-text-editor\" data-id=\"d8c3a61\" data-element_type=\"widget\" data-widget_type=\"text-editor.default\">\n\t\t\t\t<div class=\"elementor-widget-container\">\n\t\t\t\t\t\t\t\t\t<p>Calle Jordan 286 entre Esteban Arce y Nataniel Aguirre<br \/><strong>Horario de Atenci\u00f3n<\/strong><br \/>Lunes a Viernes: 09:00 &#8211; 19:00<br \/>S\u00e1bados: 09:00 &#8211; 13:00<\/p>\t\t\t\t\t\t\t\t<\/div>\n\t\t\t\t<\/div>\n\t\t\t\t\t<\/div>\n\t\t<\/div>\n\t\t\t\t<div class=\"elementor-column elementor-col-33 elementor-top-column elementor-element elementor-element-30a5d73\" data-id=\"30a5d73\" data-element_type=\"column\">\n\t\t\t<div class=\"elementor-widget-wrap\">\n\t\t\t\t\t\t\t<\/div>\n\t\t<\/div>\n\t\t\t\t\t<\/div>\n\t\t<\/section>\n\t\t\t\t<\/div>","protected":false},"excerpt":{"rendered":"<p>Sucursales Cochabamba Santa Cruz\u00a0 \u00a0|\u00a0 \u00a0La Paz\u00a0 \u00a0|\u00a0 \u00a0Cochabamba\u00a0 |\u00a0 Oruro\u00a0| Tarija | Sucre estropical.com &#8211; Cochabamba, Central Pando &#8211; Agencia de Viajes Avenida Pando #1325 Pasaje Portales, Acera Oeste Horario de Atenci\u00f3n Lunes a Viernes: 09:00 &#8211; 19:00 S\u00e1bados: 09:00 &#8211; 17:00 estropical.com &#8211; Cochabamba, Jord\u00e1n &#8211; Agencia de Viajes Calle Jordan 286 entre Esteban Arce y Nataniel AguirreHorario de Atenci\u00f3nLunes a Viernes: 09:00 &#8211; 19:00S\u00e1bados: 09:00 &#8211; 13:00<\/p>","protected":false},"author":14,"featured_media":1552,"parent":118,"menu_order":0,"comment_status":"closed","ping_status":"closed","template":"","meta":{"content-type":"","site-sidebar-layout":"no-sidebar","site-content-layout":"page-builder","ast-site-content-layout":"full-width-container","site-content-style":"unboxed","site-sidebar-style":"unboxed","ast-global-header-display":"","ast-banner-title-visibility":"","ast-main-header-display":"","ast-hfb-above-header-display":"","ast-hfb-below-header-display":"","ast-hfb-mobile-header-display":"","site-post-title":"disabled","ast-breadcrumbs-content":"","ast-featured-img":"disabled","footer-sml-layout":"","theme-transparent-header-meta":"default","adv-header-id-meta":"","stick-header-meta":"","header-above-stick-meta":"","header-main-stick-meta":"","header-below-stick-meta":"","astra-migrate-meta-layouts":"set","ast-page-background-enabled":"default","ast-page-background-meta":{"desktop":{"background-color":"var(--ast-global-color-4)","background-image":"","background-repeat":"repeat","background-position":"center center","background-size":"auto","background-attachment":"scroll","background-type":"","background-media":"","overlay-type":"","overlay-color":"","overlay-opacity":"","overlay-gradient":""},"tablet":{"background-color":"","background-image":"","background-repeat":"repeat","background-position":"center center","background-size":"auto","background-attachment":"scroll","background-type":"","background-media":"","overlay-type":"","overlay-color":"","overlay-opacity":"","overlay-gradient":""},"mobile":{"background-color":"","background-image":"","background-repeat":"repeat","background-position":"center center","background-size":"auto","background-attachment":"scroll","background-type":"","background-media":"","overlay-type":"","overlay-color":"","overlay-opacity":"","overlay-gradient":""}},"ast-content-background-meta":{"desktop":{"background-color":"var(--ast-global-color-5)","background-image":"","background-repeat":"repeat","background-position":"center center","background-size":"auto","background-attachment":"scroll","background-type":"","background-media":"","overlay-type":"","overlay-color":"","overlay-opacity":"","overlay-gradient":""},"tablet":{"background-color":"var(--ast-global-color-5)","background-image":"","background-repeat":"repeat","background-position":"center center","background-size":"auto","background-attachment":"scroll","background-type":"","background-media":"","overlay-type":"","overlay-color":"","overlay-opacity":"","overlay-gradient":""},"mobile":{"background-color":"var(--ast-global-color-5)","background-image":"","background-repeat":"repeat","background-position":"center center","background-size":"auto","background-attachment":"scroll","background-type":"","background-media":"","overlay-type":"","overlay-color":"","overlay-opacity":"","overlay-gradient":""}},"footnotes":""},"class_list":["post-9651","page","type-page","status-publish","has-post-thumbnail","hentry"],"yoast_head":"<!-- This site is optimized with the Yoast SEO plugin v26.7 - https:\/\/yoast.com\/wordpress\/plugins\/seo\/ -->\n<title>Sucursales Cochabamba - estropical.com | Paquetes, Vuelos y Hoteles Baratos<\/title>\n<meta name=\"robots\" content=\"index, follow, max-snippet:-1, max-image-preview:large, max-video-preview:-1\" \/>\n<link rel=\"canonical\" href=\"https:\/\/viajes.estropical.com\/en\/info\/sucursales\/cochabamba\/\" \/>\n<meta property=\"og:locale\" content=\"en_US\" \/>\n<meta property=\"og:type\" content=\"article\" \/>\n<meta property=\"og:title\" content=\"Sucursales Cochabamba - estropical.com | Paquetes, Vuelos y Hoteles Baratos\" \/>\n<meta property=\"og:description\" content=\"Sucursales Cochabamba Santa Cruz\u00a0 \u00a0|\u00a0 \u00a0La Paz\u00a0 \u00a0|\u00a0 \u00a0Cochabamba\u00a0 |\u00a0 Oruro\u00a0| Tarija | Sucre estropical.com &#8211; Cochabamba, Central Pando &#8211; Agencia de Viajes Avenida Pando #1325 Pasaje Portales, Acera Oeste Horario de Atenci\u00f3n Lunes a Viernes: 09:00 &#8211; 19:00 S\u00e1bados: 09:00 &#8211; 17:00 estropical.com &#8211; Cochabamba, Jord\u00e1n &#8211; Agencia de Viajes Calle Jordan 286 entre Esteban Arce y Nataniel AguirreHorario de Atenci\u00f3nLunes a Viernes: 09:00 &#8211; 19:00S\u00e1bados: 09:00 &#8211; 13:00\" \/>\n<meta property=\"og:url\" content=\"https:\/\/viajes.estropical.com\/en\/info\/sucursales\/cochabamba\/\" \/>\n<meta property=\"og:site_name\" content=\"estropical.com | Paquetes, Vuelos y Hoteles Baratos\" \/>\n<meta property=\"article:publisher\" content=\"https:\/\/www.facebook.com\/estropicalcom\" \/>\n<meta property=\"article:modified_time\" content=\"2025-06-06T15:00:51+00:00\" \/>\n<meta property=\"og:image\" content=\"https:\/\/viajes.estropical.com\/\/wp-content\/uploads\/2022\/07\/logo-estropical-opengraph.png\" \/>\n\t<meta property=\"og:image:width\" content=\"200\" \/>\n\t<meta property=\"og:image:height\" content=\"200\" \/>\n\t<meta property=\"og:image:type\" content=\"image\/png\" \/>\n<meta name=\"twitter:card\" content=\"summary_large_image\" \/>\n<meta name=\"twitter:label1\" content=\"Est. reading time\" \/>\n\t<meta name=\"twitter:data1\" content=\"1 minute\" \/>\n<script type=\"application\/ld+json\" class=\"yoast-schema-graph\">{\"@context\":\"https:\/\/schema.org\",\"@graph\":[{\"@type\":\"WebPage\",\"@id\":\"https:\/\/viajes.estropical.com\/en\/info\/sucursales\/cochabamba\/\",\"url\":\"https:\/\/viajes.estropical.com\/en\/info\/sucursales\/cochabamba\/\",\"name\":\"Sucursales Cochabamba - estropical.com | Paquetes, Vuelos y Hoteles Baratos\",\"isPartOf\":{\"@id\":\"https:\/\/viajes.estropical.com\/en\/#website\"},\"primaryImageOfPage\":{\"@id\":\"https:\/\/viajes.estropical.com\/en\/info\/sucursales\/cochabamba\/#primaryimage\"},\"image\":{\"@id\":\"https:\/\/viajes.estropical.com\/en\/info\/sucursales\/cochabamba\/#primaryimage\"},\"thumbnailUrl\":\"https:\/\/viajes.estropical.com\/\/wp-content\/uploads\/2022\/07\/logo-estropical-opengraph.png\",\"datePublished\":\"2023-10-10T15:11:53+00:00\",\"dateModified\":\"2025-06-06T15:00:51+00:00\",\"breadcrumb\":{\"@id\":\"https:\/\/viajes.estropical.com\/en\/info\/sucursales\/cochabamba\/#breadcrumb\"},\"inLanguage\":\"en-US\",\"potentialAction\":[{\"@type\":\"ReadAction\",\"target\":[\"https:\/\/viajes.estropical.com\/en\/info\/sucursales\/cochabamba\/\"]}]},{\"@type\":\"ImageObject\",\"inLanguage\":\"en-US\",\"@id\":\"https:\/\/viajes.estropical.com\/en\/info\/sucursales\/cochabamba\/#primaryimage\",\"url\":\"https:\/\/viajes.estropical.com\/\/wp-content\/uploads\/2022\/07\/logo-estropical-opengraph.png\",\"contentUrl\":\"https:\/\/viajes.estropical.com\/\/wp-content\/uploads\/2022\/07\/logo-estropical-opengraph.png\",\"width\":200,\"height\":200},{\"@type\":\"BreadcrumbList\",\"@id\":\"https:\/\/viajes.estropical.com\/en\/info\/sucursales\/cochabamba\/#breadcrumb\",\"itemListElement\":[{\"@type\":\"ListItem\",\"position\":1,\"name\":\"Portada\",\"item\":\"https:\/\/viajes.estropical.com\/\"},{\"@type\":\"ListItem\",\"position\":2,\"name\":\"Info\",\"item\":\"https:\/\/viajes.estropical.com\/info\/\"},{\"@type\":\"ListItem\",\"position\":3,\"name\":\"Sucursales\",\"item\":\"https:\/\/viajes.estropical.com\/info\/sucursales\/\"},{\"@type\":\"ListItem\",\"position\":4,\"name\":\"Sucursales Cochabamba\"}]},{\"@type\":\"WebSite\",\"@id\":\"https:\/\/viajes.estropical.com\/en\/#website\",\"url\":\"https:\/\/viajes.estropical.com\/en\/\",\"name\":\"estropical.com | Paquetes, Vuelos y Hoteles Baratos\",\"description\":\"\",\"publisher\":{\"@id\":\"https:\/\/viajes.estropical.com\/en\/#organization\"},\"potentialAction\":[{\"@type\":\"SearchAction\",\"target\":{\"@type\":\"EntryPoint\",\"urlTemplate\":\"https:\/\/viajes.estropical.com\/en\/?s={search_term_string}\"},\"query-input\":{\"@type\":\"PropertyValueSpecification\",\"valueRequired\":true,\"valueName\":\"search_term_string\"}}],\"inLanguage\":\"en-US\"},{\"@type\":\"Organization\",\"@id\":\"https:\/\/viajes.estropical.com\/en\/#organization\",\"name\":\"estropical.com | Paquetes, Vuelos y Hoteles Baratos\",\"url\":\"https:\/\/viajes.estropical.com\/en\/\",\"logo\":{\"@type\":\"ImageObject\",\"inLanguage\":\"en-US\",\"@id\":\"https:\/\/viajes.estropical.com\/en\/#\/schema\/logo\/image\/\",\"url\":\"https:\/\/viajes.estropical.com\/\/wp-content\/uploads\/2022\/07\/logo-estropical-opengraph.png\",\"contentUrl\":\"https:\/\/viajes.estropical.com\/\/wp-content\/uploads\/2022\/07\/logo-estropical-opengraph.png\",\"width\":200,\"height\":200,\"caption\":\"estropical.com | Paquetes, Vuelos y Hoteles Baratos\"},\"image\":{\"@id\":\"https:\/\/viajes.estropical.com\/en\/#\/schema\/logo\/image\/\"},\"sameAs\":[\"https:\/\/www.facebook.com\/estropicalcom\"]}]}<\/script>\n<!-- \/ Yoast SEO plugin. -->","yoast_head_json":{"title":"Sucursales Cochabamba - estropical.com | Paquetes, Vuelos y Hoteles Baratos","robots":{"index":"index","follow":"follow","max-snippet":"max-snippet:-1","max-image-preview":"max-image-preview:large","max-video-preview":"max-video-preview:-1"},"canonical":"https:\/\/viajes.estropical.com\/en\/info\/sucursales\/cochabamba\/","og_locale":"en_US","og_type":"article","og_title":"Sucursales Cochabamba - estropical.com | Paquetes, Vuelos y Hoteles Baratos","og_description":"Sucursales Cochabamba Santa Cruz\u00a0 \u00a0|\u00a0 \u00a0La Paz\u00a0 \u00a0|\u00a0 \u00a0Cochabamba\u00a0 |\u00a0 Oruro\u00a0| Tarija | Sucre estropical.com &#8211; Cochabamba, Central Pando &#8211; Agencia de Viajes Avenida Pando #1325 Pasaje Portales, Acera Oeste Horario de Atenci\u00f3n Lunes a Viernes: 09:00 &#8211; 19:00 S\u00e1bados: 09:00 &#8211; 17:00 estropical.com &#8211; Cochabamba, Jord\u00e1n &#8211; Agencia de Viajes Calle Jordan 286 entre Esteban Arce y Nataniel AguirreHorario de Atenci\u00f3nLunes a Viernes: 09:00 &#8211; 19:00S\u00e1bados: 09:00 &#8211; 13:00","og_url":"https:\/\/viajes.estropical.com\/en\/info\/sucursales\/cochabamba\/","og_site_name":"estropical.com | Paquetes, Vuelos y Hoteles Baratos","article_publisher":"https:\/\/www.facebook.com\/estropicalcom","article_modified_time":"2025-06-06T15:00:51+00:00","og_image":[{"width":200,"height":200,"url":"https:\/\/viajes.estropical.com\/\/wp-content\/uploads\/2022\/07\/logo-estropical-opengraph.png","type":"image\/png"}],"twitter_card":"summary_large_image","twitter_misc":{"Est. reading time":"1 minute"},"schema":{"@context":"https:\/\/schema.org","@graph":[{"@type":"WebPage","@id":"https:\/\/viajes.estropical.com\/en\/info\/sucursales\/cochabamba\/","url":"https:\/\/viajes.estropical.com\/en\/info\/sucursales\/cochabamba\/","name":"Sucursales Cochabamba - estropical.com | Paquetes, Vuelos y Hoteles Baratos","isPartOf":{"@id":"https:\/\/viajes.estropical.com\/en\/#website"},"primaryImageOfPage":{"@id":"https:\/\/viajes.estropical.com\/en\/info\/sucursales\/cochabamba\/#primaryimage"},"image":{"@id":"https:\/\/viajes.estropical.com\/en\/info\/sucursales\/cochabamba\/#primaryimage"},"thumbnailUrl":"https:\/\/viajes.estropical.com\/\/wp-content\/uploads\/2022\/07\/logo-estropical-opengraph.png","datePublished":"2023-10-10T15:11:53+00:00","dateModified":"2025-06-06T15:00:51+00:00","breadcrumb":{"@id":"https:\/\/viajes.estropical.com\/en\/info\/sucursales\/cochabamba\/#breadcrumb"},"inLanguage":"en-US","potentialAction":[{"@type":"ReadAction","target":["https:\/\/viajes.estropical.com\/en\/info\/sucursales\/cochabamba\/"]}]},{"@type":"ImageObject","inLanguage":"en-US","@id":"https:\/\/viajes.estropical.com\/en\/info\/sucursales\/cochabamba\/#primaryimage","url":"https:\/\/viajes.estropical.com\/\/wp-content\/uploads\/2022\/07\/logo-estropical-opengraph.png","contentUrl":"https:\/\/viajes.estropical.com\/\/wp-content\/uploads\/2022\/07\/logo-estropical-opengraph.png","width":200,"height":200},{"@type":"BreadcrumbList","@id":"https:\/\/viajes.estropical.com\/en\/info\/sucursales\/cochabamba\/#breadcrumb","itemListElement":[{"@type":"ListItem","position":1,"name":"Portada","item":"https:\/\/viajes.estropical.com\/"},{"@type":"ListItem","position":2,"name":"Info","item":"https:\/\/viajes.estropical.com\/info\/"},{"@type":"ListItem","position":3,"name":"Sucursales","item":"https:\/\/viajes.estropical.com\/info\/sucursales\/"},{"@type":"ListItem","position":4,"name":"Sucursales Cochabamba"}]},{"@type":"WebSite","@id":"https:\/\/viajes.estropical.com\/en\/#website","url":"https:\/\/viajes.estropical.com\/en\/","name":"estropical.com | Paquetes, Vuelos y Hoteles Baratos","description":"","publisher":{"@id":"https:\/\/viajes.estropical.com\/en\/#organization"},"potentialAction":[{"@type":"SearchAction","target":{"@type":"EntryPoint","urlTemplate":"https:\/\/viajes.estropical.com\/en\/?s={search_term_string}"},"query-input":{"@type":"PropertyValueSpecification","valueRequired":true,"valueName":"search_term_string"}}],"inLanguage":"en-US"},{"@type":"Organization","@id":"https:\/\/viajes.estropical.com\/en\/#organization","name":"estropical.com | Paquetes, Vuelos y Hoteles Baratos","url":"https:\/\/viajes.estropical.com\/en\/","logo":{"@type":"ImageObject","inLanguage":"en-US","@id":"https:\/\/viajes.estropical.com\/en\/#\/schema\/logo\/image\/","url":"https:\/\/viajes.estropical.com\/\/wp-content\/uploads\/2022\/07\/logo-estropical-opengraph.png","contentUrl":"https:\/\/viajes.estropical.com\/\/wp-content\/uploads\/2022\/07\/logo-estropical-opengraph.png","width":200,"height":200,"caption":"estropical.com | Paquetes, Vuelos y Hoteles Baratos"},"image":{"@id":"https:\/\/viajes.estropical.com\/en\/#\/schema\/logo\/image\/"},"sameAs":["https:\/\/www.facebook.com\/estropicalcom"]}]}},"_links":{"self":[{"href":"https:\/\/viajes.estropical.com\/en\/wp-json\/wp\/v2\/pages\/9651","targetHints":{"allow":["GET"]}}],"collection":[{"href":"https:\/\/viajes.estropical.com\/en\/wp-json\/wp\/v2\/pages"}],"about":[{"href":"https:\/\/viajes.estropical.com\/en\/wp-json\/wp\/v2\/types\/page"}],"author":[{"embeddable":true,"href":"https:\/\/viajes.estropical.com\/en\/wp-json\/wp\/v2\/users\/14"}],"replies":[{"embeddable":true,"href":"https:\/\/viajes.estropical.com\/en\/wp-json\/wp\/v2\/comments?post=9651"}],"version-history":[{"count":52,"href":"https:\/\/viajes.estropical.com\/en\/wp-json\/wp\/v2\/pages\/9651\/revisions"}],"predecessor-version":[{"id":18162,"href":"https:\/\/viajes.estropical.com\/en\/wp-json\/wp\/v2\/pages\/9651\/revisions\/18162"}],"up":[{"embeddable":true,"href":"https:\/\/viajes.estropical.com\/en\/wp-json\/wp\/v2\/pages\/118"}],"wp:featuredmedia":[{"embeddable":true,"href":"https:\/\/viajes.estropical.com\/en\/wp-json\/wp\/v2\/media\/1552"}],"wp:attachment":[{"href":"https:\/\/viajes.estropical.com\/en\/wp-json\/wp\/v2\/media?parent=9651"}],"curies":[{"name":"wp","href":"https:\/\/api.w.org\/{rel}","templated":true}]}}