{"id":9068,"date":"2024-01-24T11:12:46","date_gmt":"2024-01-24T15:12:46","guid":{"rendered":"https:\/\/viajes.estropical.com\/?page_id=9068"},"modified":"2024-07-08T11:00:42","modified_gmt":"2024-07-08T15:00:42","slug":"travelsale","status":"publish","type":"page","link":"https:\/\/viajes.estropical.com\/en\/ofertas\/travelsale\/","title":{"rendered":"Travel Sale"},"content":{"rendered":"<div data-elementor-type=\"wp-page\" data-elementor-id=\"9068\" class=\"elementor elementor-9068\">\n\t\t\t\t<div class=\"elementor-element elementor-element-04e1f70 e-con-full elementor-hidden-mobile e-flex wpr-particle-no wpr-jarallax-no wpr-parallax-no wpr-sticky-section-no e-con e-parent\" data-id=\"04e1f70\" data-element_type=\"container\">\n\t\t\t\t<div class=\"elementor-element elementor-element-e21b2dd elementor-widget elementor-widget-image\" data-id=\"e21b2dd\" data-element_type=\"widget\" data-widget_type=\"image.default\">\n\t\t\t\t<div class=\"elementor-widget-container\">\n\t\t\t\t\t\t\t\t\t\t\t\t\t\t\t<img fetchpriority=\"high\" decoding=\"async\" width=\"1500\" height=\"500\" src=\"https:\/\/viajes.estropical.com\/\/wp-content\/uploads\/2024\/07\/banner-travelsale-desktop.jpg\" class=\"attachment-full size-full wp-image-16441\" alt=\"\" srcset=\"https:\/\/viajes.estropical.com\/\/wp-content\/uploads\/2024\/07\/banner-travelsale-desktop.jpg 1500w, https:\/\/viajes.estropical.com\/\/wp-content\/uploads\/2024\/07\/banner-travelsale-desktop-300x100.jpg 300w, https:\/\/viajes.estropical.com\/\/wp-content\/uploads\/2024\/07\/banner-travelsale-desktop-1024x341.jpg 1024w, https:\/\/viajes.estropical.com\/\/wp-content\/uploads\/2024\/07\/banner-travelsale-desktop-768x256.jpg 768w, https:\/\/viajes.estropical.com\/\/wp-content\/uploads\/2024\/07\/banner-travelsale-desktop-18x6.jpg 18w, https:\/\/viajes.estropical.com\/\/wp-content\/uploads\/2024\/07\/banner-travelsale-desktop-24x8.jpg 24w, https:\/\/viajes.estropical.com\/\/wp-content\/uploads\/2024\/07\/banner-travelsale-desktop-36x12.jpg 36w, https:\/\/viajes.estropical.com\/\/wp-content\/uploads\/2024\/07\/banner-travelsale-desktop-48x16.jpg 48w\" sizes=\"(max-width: 1500px) 100vw, 1500px\" \/>\t\t\t\t\t\t\t\t\t\t\t\t\t\t\t<\/div>\n\t\t\t\t<\/div>\n\t\t\t\t<\/div>\n\t\t<div class=\"elementor-element elementor-element-7d9a47f e-con-full elementor-hidden-desktop elementor-hidden-tablet e-flex wpr-particle-no wpr-jarallax-no wpr-parallax-no wpr-sticky-section-no e-con e-parent\" data-id=\"7d9a47f\" data-element_type=\"container\">\n\t\t\t\t<div class=\"elementor-element elementor-element-d6823a7 elementor-widget elementor-widget-image\" data-id=\"d6823a7\" data-element_type=\"widget\" data-widget_type=\"image.default\">\n\t\t\t\t<div class=\"elementor-widget-container\">\n\t\t\t\t\t\t\t\t\t\t\t\t\t\t\t<img decoding=\"async\" width=\"768\" height=\"720\" src=\"https:\/\/viajes.estropical.com\/\/wp-content\/uploads\/2024\/07\/banner-travelsale-mobile.jpg\" class=\"attachment-full size-full wp-image-16443\" alt=\"\" srcset=\"https:\/\/viajes.estropical.com\/\/wp-content\/uploads\/2024\/07\/banner-travelsale-mobile.jpg 768w, https:\/\/viajes.estropical.com\/\/wp-content\/uploads\/2024\/07\/banner-travelsale-mobile-300x281.jpg 300w, https:\/\/viajes.estropical.com\/\/wp-content\/uploads\/2024\/07\/banner-travelsale-mobile-13x12.jpg 13w, https:\/\/viajes.estropical.com\/\/wp-content\/uploads\/2024\/07\/banner-travelsale-mobile-24x24.jpg 24w, https:\/\/viajes.estropical.com\/\/wp-content\/uploads\/2024\/07\/banner-travelsale-mobile-36x34.jpg 36w, https:\/\/viajes.estropical.com\/\/wp-content\/uploads\/2024\/07\/banner-travelsale-mobile-48x45.jpg 48w\" sizes=\"(max-width: 768px) 100vw, 768px\" \/>\t\t\t\t\t\t\t\t\t\t\t\t\t\t\t<\/div>\n\t\t\t\t<\/div>\n\t\t\t\t<\/div>\n\t\t<div class=\"elementor-element elementor-element-8830216 e-con-full e-flex wpr-particle-no wpr-jarallax-no wpr-parallax-no wpr-sticky-section-no e-con e-parent\" data-id=\"8830216\" data-element_type=\"container\">\n\t\t\t\t<div class=\"elementor-element elementor-element-6c2fd62 elementor-widget elementor-widget-shortcode\" data-id=\"6c2fd62\" data-element_type=\"widget\" data-widget_type=\"shortcode.default\">\n\t\t\t\t<div class=\"elementor-widget-container\">\n\t\t\t\t\t\t\t<div class=\"elementor-shortcode\"><\/div>\n\t\t\t\t\t\t<\/div>\n\t\t\t\t<\/div>\n\t\t\t\t<\/div>\n\t\t\t\t<section class=\"elementor-section elementor-top-section elementor-element elementor-element-c0b90f2 elementor-section-full_width elementor-section-height-default elementor-section-height-default wpr-particle-no wpr-jarallax-no wpr-parallax-no wpr-sticky-section-no\" data-id=\"c0b90f2\" data-element_type=\"section\">\n\t\t\t\t\t\t<div class=\"elementor-container elementor-column-gap-default\">\n\t\t\t\t\t<div class=\"elementor-column elementor-col-100 elementor-top-column elementor-element elementor-element-ffb3edb\" data-id=\"ffb3edb\" data-element_type=\"column\">\n\t\t\t<div class=\"elementor-widget-wrap elementor-element-populated\">\n\t\t\t\t\t\t<div class=\"elementor-element elementor-element-3bbac23 elementor-widget elementor-widget-html\" data-id=\"3bbac23\" data-element_type=\"widget\" data-widget_type=\"html.default\">\n\t\t\t\t<div class=\"elementor-widget-container\">\n\t\t\t\t\t<link rel=\"stylesheet\" href=\"https:\/\/cdn.jsdelivr.net\/npm\/bootstrap@5.3.2\/dist\/css\/bootstrap.min.css\">\n<link rel=\"stylesheet\" href=\"https:\/\/viajes.estropical.com\/googlesheetphpnew\/getproducts3.css?c=50\">\n<script src=\"https:\/\/viajes.estropical.com\/googlesheetphpnew\/getproducts2024.js?c=990\"><\/script>\n\n<style>\nbody{\n    background-color:#fbfbfb !important;\n}\n\n.col-2, .col-sm-2{\n    width: 20% !important;\n    display: inline-block !important;\n}\n\n.col-9, .col-sm-9{\n    width:65% !important;\n    display:inline-block !important;\n}\n\n.bloque-precio{\n  bottom: 10px !important;   \n}\n\n.boton-comprar{\n    cursor: pointer;\n    text-transform: capitalize !important;\n    font-size:16px;\n}\n\n.tituloseccion{\n    font-size:25px;\n    line-height:25px;\n    font-weight:700;\n    margin-top:30px;\n}\n\n.contenido-producto-paquete p, .contenido-producto-hospedaje p,.contenido-producto-circuito p, .contenido-producto-concierto p,.contenido-producto-aereo p{\n    margin-top:0px !important;\n    margin-bottom:0px !important;\n}   \n    \n.contenido-producto-paquete{\n    border:1px solid #cccccc;\n    background-color:#ffffff;\n    min-height:370px !important;\n}\n\n.contenido-producto-aereo{\n    border:1px solid #cccccc;\n    background-color:#ffffff;\n    min-height:200px !important;\n    \n}  \n\n.contenido-producto-paquete, .contenido-producto-hospedaje,.contenido-producto-circuito, .contenido-producto-concierto,.contenido-producto-aereo{\n    padding-bottom:10px !important;\n}\n\n\n.tituloseccion{\n    margin-bottom:0 !important;\n}\n\n.imagen-producto{\n    height:200px !important;\n}\n\n.equipaje img{\n    display:inline-block;\n}\n\n\n.col-9, .col-sm-9{\n    padding-left: 0 !important;\n}\n\n<\/style>\t\t\t\t<\/div>\n\t\t\t\t<\/div>\n\t\t\t\t<div class=\"elementor-element elementor-element-9406c84 elementor-widget elementor-widget-html\" data-id=\"9406c84\" data-element_type=\"widget\" data-widget_type=\"html.default\">\n\t\t\t\t<div class=\"elementor-widget-container\">\n\t\t\t\t\t<a id=\"boletosinternacionales\"><\/a>\n<p class=\"tituloseccion\">Boletos Internacionales<\/p>\n<div id=\"contenedorboletosinternacionales\"><\/div>\n<!--\n<a id=\"boletosnacionales\"><\/a>\n<p class=\"tituloseccion\">Boletos Nacionales<\/p>\n<div id=\"contenedorboletosnacionales\"><\/div>\n-->\n\n<a id=\"paquetes\"><\/a>\n<p class=\"tituloseccion\">Paquetes<\/p>\n<div id=\"contenedorpaquetes\"><\/div>\n\n<a id=\"hospedaje\"><\/a>\n<p class=\"tituloseccion\">Hospedaje<\/p>\n<div id=\"contenedorhospedaje\"><\/div>\n\n<a id=\"actividades\"><\/a>\n<p class=\"tituloseccion\">Activities<\/p>\n<div id=\"contenedoractividades\"><\/div>\n\n<a id=\"concierto\"><\/a>\n<p class=\"tituloseccion\">Eventos<\/p>\n<div id=\"contenedorconciertos\"><\/div>\n\n<a id=\"circuitos\"><\/a>\n<p class=\"tituloseccion\">Circuitos<\/p>\n<div id=\"contenedorcircuitos\"><\/div>\n\n\n    \n<script>\n\nobtenerproductoscategoria('contenedorboletosinternacionales','Boleto Internacional');\n\/\/obtenerproductoscategoria('contenedorboletosnacionales','Boleto Nacional');\nobtenerproductoscategoria('contenedorpaquetes','Paquete');\nobtenerproductoscategoria('contenedorhospedaje','Hospedaje');\nobtenerproductoscategoria('contenedoractividades','Actividades');\nobtenerproductoscategoria('contenedorconciertos','Concierto');\nobtenerproductoscategoria('contenedorcircuitos','Circuito');\n\n\nfunction obtenerproductoscategoria(contenedor,categoria){\n    var contenidoproductos = document.getElementById(contenedor);\n    contenidoproductos.innerHTML = \"\";\n    const xmlhttp = new XMLHttpRequest();\n    xmlhttp.onload = function() {\n        const myObj = JSON.parse(this.responseText);\n        contenidoproductos.innerHTML = mostrarproductosdirect(myObj,categoria,false,\"web\",\"CTAProducto\",\"TravelSaleJulio2024\");\n    }\n    xmlhttp.open(\"GET\", \"https:\/\/viajes.estropical.com\/productos\/travelsale.json\");\n    xmlhttp.send();\t    \n}\n\n\n<\/script>\n\n\n\t\t\t\t<\/div>\n\t\t\t\t<\/div>\n\t\t\t\t\t<\/div>\n\t\t<\/div>\n\t\t\t\t\t<\/div>\n\t\t<\/section>\n\t\t\t\t<section class=\"elementor-section elementor-top-section elementor-element elementor-element-1fbc845 elementor-section-boxed elementor-section-height-default elementor-section-height-default wpr-particle-no wpr-jarallax-no wpr-parallax-no wpr-sticky-section-no\" data-id=\"1fbc845\" data-element_type=\"section\">\n\t\t\t\t\t\t<div class=\"elementor-container elementor-column-gap-default\">\n\t\t\t\t\t<div class=\"elementor-column elementor-col-100 elementor-top-column elementor-element elementor-element-4f20740\" data-id=\"4f20740\" data-element_type=\"column\">\n\t\t\t<div class=\"elementor-widget-wrap elementor-element-populated\">\n\t\t\t\t\t\t<div class=\"elementor-element elementor-element-eefc314 elementor-widget elementor-widget-heading\" data-id=\"eefc314\" data-element_type=\"widget\" data-widget_type=\"heading.default\">\n\t\t\t\t<div class=\"elementor-widget-container\">\n\t\t\t\t\t<h2 class=\"elementor-heading-title elementor-size-default\"><b>\u00a1Travel Sale<\/b> en estropical.com!<\/h2>\t\t\t\t<\/div>\n\t\t\t\t<\/div>\n\t\t\t\t<div class=\"elementor-element elementor-element-f7c8210 elementor-widget elementor-widget-text-editor\" data-id=\"f7c8210\" data-element_type=\"widget\" data-widget_type=\"text-editor.default\">\n\t\t\t\t<div class=\"elementor-widget-container\">\n\t\t\t\t\t\t\t\t\t<p style=\"text-align: center;\">Tu destino para las mejores ofertas de viajes del momento. Nos apasiona hacer que tus sue\u00f1os de viaje se hagan realidad sin que tengas que romper tu presupuesto. En\u00a0<a href=\"https:\/\/www.estropical.com\/\">estropical.com<\/a>\u00a0encuentra las ofertas m\u00e1s exclusivas y emocionantes, para que puedas explorar el mundo a precios que te sorprender\u00e1n. \u00a1No esperes m\u00e1s para comenzar tu pr\u00f3xima aventura! Explora nuestras ofertas de viaje ahora y prep\u00e1rate para empacar tus maletas.<\/p>\t\t\t\t\t\t\t\t<\/div>\n\t\t\t\t<\/div>\n\t\t\t\t\t<\/div>\n\t\t<\/div>\n\t\t\t\t\t<\/div>\n\t\t<\/section>\n\t\t\t\t<\/div>","protected":false},"excerpt":{"rendered":"<p>Boletos Internacionales Paquetes Hospedaje Actividades Eventos Circuitos \u00a1Travel Sale en estropical.com! Tu destino para las mejores ofertas de viajes del momento. Nos apasiona hacer que tus sue\u00f1os de viaje se hagan realidad sin que tengas que romper tu presupuesto. En\u00a0estropical.com\u00a0encuentra las ofertas m\u00e1s exclusivas y emocionantes, para que puedas explorar el mundo a precios que te sorprender\u00e1n. \u00a1No esperes m\u00e1s para comenzar tu pr\u00f3xima aventura! Explora nuestras ofertas de viaje ahora y prep\u00e1rate para empacar tus maletas.<\/p>","protected":false},"author":14,"featured_media":0,"parent":14156,"menu_order":0,"comment_status":"closed","ping_status":"closed","template":"","meta":{"content-type":"","site-sidebar-layout":"no-sidebar","site-content-layout":"page-builder","ast-site-content-layout":"full-width-container","site-content-style":"unboxed","site-sidebar-style":"unboxed","ast-global-header-display":"","ast-banner-title-visibility":"","ast-main-header-display":"","ast-hfb-above-header-display":"","ast-hfb-below-header-display":"","ast-hfb-mobile-header-display":"","site-post-title":"disabled","ast-breadcrumbs-content":"","ast-featured-img":"disabled","footer-sml-layout":"","theme-transparent-header-meta":"default","adv-header-id-meta":"","stick-header-meta":"","header-above-stick-meta":"","header-main-stick-meta":"","header-below-stick-meta":"","astra-migrate-meta-layouts":"set","ast-page-background-enabled":"default","ast-page-background-meta":{"desktop":{"background-color":"var(--ast-global-color-4)","background-image":"","background-repeat":"repeat","background-position":"center center","background-size":"auto","background-attachment":"scroll","background-type":"","background-media":"","overlay-type":"","overlay-color":"","overlay-opacity":"","overlay-gradient":""},"tablet":{"background-color":"","background-image":"","background-repeat":"repeat","background-position":"center center","background-size":"auto","background-attachment":"scroll","background-type":"","background-media":"","overlay-type":"","overlay-color":"","overlay-opacity":"","overlay-gradient":""},"mobile":{"background-color":"","background-image":"","background-repeat":"repeat","background-position":"center center","background-size":"auto","background-attachment":"scroll","background-type":"","background-media":"","overlay-type":"","overlay-color":"","overlay-opacity":"","overlay-gradient":""}},"ast-content-background-meta":{"desktop":{"background-color":"var(--ast-global-color-5)","background-image":"","background-repeat":"repeat","background-position":"center center","background-size":"auto","background-attachment":"scroll","background-type":"","background-media":"","overlay-type":"","overlay-color":"","overlay-opacity":"","overlay-gradient":""},"tablet":{"background-color":"var(--ast-global-color-5)","background-image":"","background-repeat":"repeat","background-position":"center center","background-size":"auto","background-attachment":"scroll","background-type":"","background-media":"","overlay-type":"","overlay-color":"","overlay-opacity":"","overlay-gradient":""},"mobile":{"background-color":"var(--ast-global-color-5)","background-image":"","background-repeat":"repeat","background-position":"center center","background-size":"auto","background-attachment":"scroll","background-type":"","background-media":"","overlay-type":"","overlay-color":"","overlay-opacity":"","overlay-gradient":""}},"footnotes":""},"class_list":["post-9068","page","type-page","status-publish","hentry"],"yoast_head":"<!-- This site is optimized with the Yoast SEO plugin v26.7 - https:\/\/yoast.com\/wordpress\/plugins\/seo\/ -->\n<title>Travel Sale - estropical.com | Paquetes, Vuelos y Hoteles Baratos<\/title>\n<meta name=\"robots\" content=\"index, follow, max-snippet:-1, max-image-preview:large, max-video-preview:-1\" \/>\n<link rel=\"canonical\" href=\"https:\/\/viajes.estropical.com\/en\/ofertas\/travelsale\/\" \/>\n<meta property=\"og:locale\" content=\"en_US\" \/>\n<meta property=\"og:type\" content=\"article\" \/>\n<meta property=\"og:title\" content=\"Travel Sale - estropical.com | Paquetes, Vuelos y Hoteles Baratos\" \/>\n<meta property=\"og:description\" content=\"Boletos Internacionales Paquetes Hospedaje Actividades Eventos Circuitos \u00a1Travel Sale en estropical.com! Tu destino para las mejores ofertas de viajes del momento. Nos apasiona hacer que tus sue\u00f1os de viaje se hagan realidad sin que tengas que romper tu presupuesto. En\u00a0estropical.com\u00a0encuentra las ofertas m\u00e1s exclusivas y emocionantes, para que puedas explorar el mundo a precios que te sorprender\u00e1n. \u00a1No esperes m\u00e1s para comenzar tu pr\u00f3xima aventura! Explora nuestras ofertas de viaje ahora y prep\u00e1rate para empacar tus maletas.\" \/>\n<meta property=\"og:url\" content=\"https:\/\/viajes.estropical.com\/en\/ofertas\/travelsale\/\" \/>\n<meta property=\"og:site_name\" content=\"estropical.com | Paquetes, Vuelos y Hoteles Baratos\" \/>\n<meta property=\"article:publisher\" content=\"https:\/\/www.facebook.com\/estropicalcom\" \/>\n<meta property=\"article:modified_time\" content=\"2024-07-08T15:00:42+00:00\" \/>\n<meta property=\"og:image\" content=\"https:\/\/viajes.estropical.com\/\/wp-content\/uploads\/2024\/07\/banner-travelsale-desktop.jpg\" \/>\n<meta name=\"twitter:card\" content=\"summary_large_image\" \/>\n<meta name=\"twitter:label1\" content=\"Est. reading time\" \/>\n\t<meta name=\"twitter:data1\" content=\"18 minutes\" \/>\n<script type=\"application\/ld+json\" class=\"yoast-schema-graph\">{\"@context\":\"https:\/\/schema.org\",\"@graph\":[{\"@type\":\"WebPage\",\"@id\":\"https:\/\/viajes.estropical.com\/en\/ofertas\/travelsale\/\",\"url\":\"https:\/\/viajes.estropical.com\/en\/ofertas\/travelsale\/\",\"name\":\"Travel Sale - estropical.com | Paquetes, Vuelos y Hoteles Baratos\",\"isPartOf\":{\"@id\":\"https:\/\/viajes.estropical.com\/en\/#website\"},\"primaryImageOfPage\":{\"@id\":\"https:\/\/viajes.estropical.com\/en\/ofertas\/travelsale\/#primaryimage\"},\"image\":{\"@id\":\"https:\/\/viajes.estropical.com\/en\/ofertas\/travelsale\/#primaryimage\"},\"thumbnailUrl\":\"https:\/\/viajes.estropical.com\/\/wp-content\/uploads\/2024\/07\/banner-travelsale-desktop.jpg\",\"datePublished\":\"2024-01-24T15:12:46+00:00\",\"dateModified\":\"2024-07-08T15:00:42+00:00\",\"breadcrumb\":{\"@id\":\"https:\/\/viajes.estropical.com\/en\/ofertas\/travelsale\/#breadcrumb\"},\"inLanguage\":\"en-US\",\"potentialAction\":[{\"@type\":\"ReadAction\",\"target\":[\"https:\/\/viajes.estropical.com\/en\/ofertas\/travelsale\/\"]}]},{\"@type\":\"ImageObject\",\"inLanguage\":\"en-US\",\"@id\":\"https:\/\/viajes.estropical.com\/en\/ofertas\/travelsale\/#primaryimage\",\"url\":\"https:\/\/viajes.estropical.com\/\/wp-content\/uploads\/2024\/07\/banner-travelsale-desktop.jpg\",\"contentUrl\":\"https:\/\/viajes.estropical.com\/\/wp-content\/uploads\/2024\/07\/banner-travelsale-desktop.jpg\"},{\"@type\":\"BreadcrumbList\",\"@id\":\"https:\/\/viajes.estropical.com\/en\/ofertas\/travelsale\/#breadcrumb\",\"itemListElement\":[{\"@type\":\"ListItem\",\"position\":1,\"name\":\"Portada\",\"item\":\"https:\/\/viajes.estropical.com\/\"},{\"@type\":\"ListItem\",\"position\":2,\"name\":\"Ofertas\",\"item\":\"https:\/\/viajes.estropical.com\/ofertas\/\"},{\"@type\":\"ListItem\",\"position\":3,\"name\":\"Travel Sale\"}]},{\"@type\":\"WebSite\",\"@id\":\"https:\/\/viajes.estropical.com\/en\/#website\",\"url\":\"https:\/\/viajes.estropical.com\/en\/\",\"name\":\"estropical.com | Paquetes, Vuelos y Hoteles Baratos\",\"description\":\"\",\"publisher\":{\"@id\":\"https:\/\/viajes.estropical.com\/en\/#organization\"},\"potentialAction\":[{\"@type\":\"SearchAction\",\"target\":{\"@type\":\"EntryPoint\",\"urlTemplate\":\"https:\/\/viajes.estropical.com\/en\/?s={search_term_string}\"},\"query-input\":{\"@type\":\"PropertyValueSpecification\",\"valueRequired\":true,\"valueName\":\"search_term_string\"}}],\"inLanguage\":\"en-US\"},{\"@type\":\"Organization\",\"@id\":\"https:\/\/viajes.estropical.com\/en\/#organization\",\"name\":\"estropical.com | Paquetes, Vuelos y Hoteles Baratos\",\"url\":\"https:\/\/viajes.estropical.com\/en\/\",\"logo\":{\"@type\":\"ImageObject\",\"inLanguage\":\"en-US\",\"@id\":\"https:\/\/viajes.estropical.com\/en\/#\/schema\/logo\/image\/\",\"url\":\"https:\/\/viajes.estropical.com\/\/wp-content\/uploads\/2022\/07\/logo-estropical-opengraph.png\",\"contentUrl\":\"https:\/\/viajes.estropical.com\/\/wp-content\/uploads\/2022\/07\/logo-estropical-opengraph.png\",\"width\":200,\"height\":200,\"caption\":\"estropical.com | Paquetes, Vuelos y Hoteles Baratos\"},\"image\":{\"@id\":\"https:\/\/viajes.estropical.com\/en\/#\/schema\/logo\/image\/\"},\"sameAs\":[\"https:\/\/www.facebook.com\/estropicalcom\"]}]}<\/script>\n<!-- \/ Yoast SEO plugin. -->","yoast_head_json":{"title":"Travel Sale - estropical.com | Paquetes, Vuelos y Hoteles Baratos","robots":{"index":"index","follow":"follow","max-snippet":"max-snippet:-1","max-image-preview":"max-image-preview:large","max-video-preview":"max-video-preview:-1"},"canonical":"https:\/\/viajes.estropical.com\/en\/ofertas\/travelsale\/","og_locale":"en_US","og_type":"article","og_title":"Travel Sale - estropical.com | Paquetes, Vuelos y Hoteles Baratos","og_description":"Boletos Internacionales Paquetes Hospedaje Actividades Eventos Circuitos \u00a1Travel Sale en estropical.com! Tu destino para las mejores ofertas de viajes del momento. Nos apasiona hacer que tus sue\u00f1os de viaje se hagan realidad sin que tengas que romper tu presupuesto. En\u00a0estropical.com\u00a0encuentra las ofertas m\u00e1s exclusivas y emocionantes, para que puedas explorar el mundo a precios que te sorprender\u00e1n. \u00a1No esperes m\u00e1s para comenzar tu pr\u00f3xima aventura! Explora nuestras ofertas de viaje ahora y prep\u00e1rate para empacar tus maletas.","og_url":"https:\/\/viajes.estropical.com\/en\/ofertas\/travelsale\/","og_site_name":"estropical.com | Paquetes, Vuelos y Hoteles Baratos","article_publisher":"https:\/\/www.facebook.com\/estropicalcom","article_modified_time":"2024-07-08T15:00:42+00:00","og_image":[{"url":"https:\/\/viajes.estropical.com\/\/wp-content\/uploads\/2024\/07\/banner-travelsale-desktop.jpg","type":"","width":"","height":""}],"twitter_card":"summary_large_image","twitter_misc":{"Est. reading time":"18 minutes"},"schema":{"@context":"https:\/\/schema.org","@graph":[{"@type":"WebPage","@id":"https:\/\/viajes.estropical.com\/en\/ofertas\/travelsale\/","url":"https:\/\/viajes.estropical.com\/en\/ofertas\/travelsale\/","name":"Travel Sale - estropical.com | Paquetes, Vuelos y Hoteles Baratos","isPartOf":{"@id":"https:\/\/viajes.estropical.com\/en\/#website"},"primaryImageOfPage":{"@id":"https:\/\/viajes.estropical.com\/en\/ofertas\/travelsale\/#primaryimage"},"image":{"@id":"https:\/\/viajes.estropical.com\/en\/ofertas\/travelsale\/#primaryimage"},"thumbnailUrl":"https:\/\/viajes.estropical.com\/\/wp-content\/uploads\/2024\/07\/banner-travelsale-desktop.jpg","datePublished":"2024-01-24T15:12:46+00:00","dateModified":"2024-07-08T15:00:42+00:00","breadcrumb":{"@id":"https:\/\/viajes.estropical.com\/en\/ofertas\/travelsale\/#breadcrumb"},"inLanguage":"en-US","potentialAction":[{"@type":"ReadAction","target":["https:\/\/viajes.estropical.com\/en\/ofertas\/travelsale\/"]}]},{"@type":"ImageObject","inLanguage":"en-US","@id":"https:\/\/viajes.estropical.com\/en\/ofertas\/travelsale\/#primaryimage","url":"https:\/\/viajes.estropical.com\/\/wp-content\/uploads\/2024\/07\/banner-travelsale-desktop.jpg","contentUrl":"https:\/\/viajes.estropical.com\/\/wp-content\/uploads\/2024\/07\/banner-travelsale-desktop.jpg"},{"@type":"BreadcrumbList","@id":"https:\/\/viajes.estropical.com\/en\/ofertas\/travelsale\/#breadcrumb","itemListElement":[{"@type":"ListItem","position":1,"name":"Portada","item":"https:\/\/viajes.estropical.com\/"},{"@type":"ListItem","position":2,"name":"Ofertas","item":"https:\/\/viajes.estropical.com\/ofertas\/"},{"@type":"ListItem","position":3,"name":"Travel Sale"}]},{"@type":"WebSite","@id":"https:\/\/viajes.estropical.com\/en\/#website","url":"https:\/\/viajes.estropical.com\/en\/","name":"estropical.com | Paquetes, Vuelos y Hoteles Baratos","description":"","publisher":{"@id":"https:\/\/viajes.estropical.com\/en\/#organization"},"potentialAction":[{"@type":"SearchAction","target":{"@type":"EntryPoint","urlTemplate":"https:\/\/viajes.estropical.com\/en\/?s={search_term_string}"},"query-input":{"@type":"PropertyValueSpecification","valueRequired":true,"valueName":"search_term_string"}}],"inLanguage":"en-US"},{"@type":"Organization","@id":"https:\/\/viajes.estropical.com\/en\/#organization","name":"estropical.com | Paquetes, Vuelos y Hoteles Baratos","url":"https:\/\/viajes.estropical.com\/en\/","logo":{"@type":"ImageObject","inLanguage":"en-US","@id":"https:\/\/viajes.estropical.com\/en\/#\/schema\/logo\/image\/","url":"https:\/\/viajes.estropical.com\/\/wp-content\/uploads\/2022\/07\/logo-estropical-opengraph.png","contentUrl":"https:\/\/viajes.estropical.com\/\/wp-content\/uploads\/2022\/07\/logo-estropical-opengraph.png","width":200,"height":200,"caption":"estropical.com | Paquetes, Vuelos y Hoteles Baratos"},"image":{"@id":"https:\/\/viajes.estropical.com\/en\/#\/schema\/logo\/image\/"},"sameAs":["https:\/\/www.facebook.com\/estropicalcom"]}]}},"_links":{"self":[{"href":"https:\/\/viajes.estropical.com\/en\/wp-json\/wp\/v2\/pages\/9068","targetHints":{"allow":["GET"]}}],"collection":[{"href":"https:\/\/viajes.estropical.com\/en\/wp-json\/wp\/v2\/pages"}],"about":[{"href":"https:\/\/viajes.estropical.com\/en\/wp-json\/wp\/v2\/types\/page"}],"author":[{"embeddable":true,"href":"https:\/\/viajes.estropical.com\/en\/wp-json\/wp\/v2\/users\/14"}],"replies":[{"embeddable":true,"href":"https:\/\/viajes.estropical.com\/en\/wp-json\/wp\/v2\/comments?post=9068"}],"version-history":[{"count":59,"href":"https:\/\/viajes.estropical.com\/en\/wp-json\/wp\/v2\/pages\/9068\/revisions"}],"predecessor-version":[{"id":16461,"href":"https:\/\/viajes.estropical.com\/en\/wp-json\/wp\/v2\/pages\/9068\/revisions\/16461"}],"up":[{"embeddable":true,"href":"https:\/\/viajes.estropical.com\/en\/wp-json\/wp\/v2\/pages\/14156"}],"wp:attachment":[{"href":"https:\/\/viajes.estropical.com\/en\/wp-json\/wp\/v2\/media?parent=9068"}],"curies":[{"name":"wp","href":"https:\/\/api.w.org\/{rel}","templated":true}]}}