{"id":5197,"date":"2023-04-03T16:19:22","date_gmt":"2023-04-03T16:19:22","guid":{"rendered":"https:\/\/viajes.estropical.com\/?page_id=5197"},"modified":"2023-07-06T17:03:44","modified_gmt":"2023-07-06T17:03:44","slug":"canada","status":"publish","type":"page","link":"https:\/\/viajes.estropical.com\/en\/requisitos-para-visas\/canada\/","title":{"rendered":"Canad\u00e1"},"content":{"rendered":"<div data-elementor-type=\"wp-page\" data-elementor-id=\"5197\" class=\"elementor elementor-5197\">\n\t\t\t\t\t\t<section class=\"elementor-section elementor-top-section elementor-element elementor-element-98f3d90 elementor-section-height-min-height elementor-section-boxed elementor-section-height-default elementor-section-items-middle wpr-particle-no wpr-jarallax-no wpr-parallax-no wpr-sticky-section-no\" data-id=\"98f3d90\" data-element_type=\"section\" data-settings=\"{&quot;background_background&quot;:&quot;classic&quot;}\">\n\t\t\t\t\t\t\t<div class=\"elementor-background-overlay\"><\/div>\n\t\t\t\t\t\t\t<div class=\"elementor-container elementor-column-gap-default\">\n\t\t\t\t\t<div class=\"elementor-column elementor-col-100 elementor-top-column elementor-element elementor-element-a99c9d8\" data-id=\"a99c9d8\" data-element_type=\"column\">\n\t\t\t<div class=\"elementor-widget-wrap elementor-element-populated\">\n\t\t\t\t\t\t<div class=\"elementor-element elementor-element-c23bb78 elementor-widget elementor-widget-heading\" data-id=\"c23bb78\" data-element_type=\"widget\" data-widget_type=\"heading.default\">\n\t\t\t\t<div class=\"elementor-widget-container\">\n\t\t\t\t\t<h1 class=\"elementor-heading-title elementor-size-default\">Visa para Canad\u00e1<\/h1>\t\t\t\t<\/div>\n\t\t\t\t<\/div>\n\t\t\t\t\t<\/div>\n\t\t<\/div>\n\t\t\t\t\t<\/div>\n\t\t<\/section>\n\t\t\t\t<section class=\"elementor-section elementor-top-section elementor-element elementor-element-29b1232 elementor-section-boxed elementor-section-height-default elementor-section-height-default wpr-particle-no wpr-jarallax-no wpr-parallax-no wpr-sticky-section-no\" data-id=\"29b1232\" data-element_type=\"section\">\n\t\t\t\t\t\t<div class=\"elementor-container elementor-column-gap-default\">\n\t\t\t\t\t<div class=\"elementor-column elementor-col-66 elementor-top-column elementor-element elementor-element-9619a41\" data-id=\"9619a41\" data-element_type=\"column\">\n\t\t\t<div class=\"elementor-widget-wrap elementor-element-populated\">\n\t\t\t\t\t\t<div class=\"elementor-element elementor-element-fad6b38 elementor-widget elementor-widget-html\" data-id=\"fad6b38\" data-element_type=\"widget\" data-widget_type=\"html.default\">\n\t\t\t\t<div class=\"elementor-widget-container\">\n\t\t\t\t\t<link rel=\"stylesheet\" href=\"https:\/\/viajes.estropical.com\/requisitos-visas\/stylesrequisitosvisas.css\">\n<script src=\"https:\/\/viajes.estropical.com\/requisitos-visas\/requisitosvisasestropical.js\"><\/script>\n\n<div id=\"info\"><\/div>\n\n<script>\n\nvar info = document.getElementById(\"info\");\n    info.innerHTML = \"\";\n\nconst xmlhttp = new XMLHttpRequest();\n    xmlhttp.onload = function() {\n        const myObj = JSON.parse(this.responseText);\n        requisitosvisas(myObj,info);\n    }\n    xmlhttp.open(\"GET\", \"https:\/\/viajes.estropical.com\/requisitos-visas\/canada.php\");\n    xmlhttp.send();\t\n<\/script>\t\t\t\t<\/div>\n\t\t\t\t<\/div>\n\t\t\t\t\t<\/div>\n\t\t<\/div>\n\t\t\t\t<div class=\"elementor-column elementor-col-33 elementor-top-column elementor-element elementor-element-121ec3e\" data-id=\"121ec3e\" data-element_type=\"column\">\n\t\t\t<div class=\"elementor-widget-wrap elementor-element-populated\">\n\t\t\t\t\t\t<div class=\"elementor-element elementor-element-835e227 elementor-widget elementor-widget-html\" data-id=\"835e227\" data-element_type=\"widget\" data-widget_type=\"html.default\">\n\t\t\t\t<div class=\"elementor-widget-container\">\n\t\t\t\t\t<style>\n    #formsolicitudvisa, #formestadosolicitudvisa{\n        padding:10px;\n    }\n    \n    #formsolicitudvisa button, #formestadosolicitudvisa button{\n        background-color:#2d38d6;\n    }\n\n    #formsolicitudvisa{\n        background-color:#f2f2f2;\n    }\n    #formestadosolicitudvisa{\n        background-color:#f1f1f1;\n    }\n    #formsolicitudvisa input, #formsolicitudvisa select, #formestadosolicitudvisa input, #formestadosolicitudvisa select{\n        width:100%;\n        margin-bottom:20px;\n        font-family:'Urbanist';\n    }\n    \n    #formsolicitudvisa label, #formestadosolicitudvisa label{\n        font-size:13px;\n    }\n    \n    .separador{\n\n        margin-top:50px;\n        margin-bottom:50px;\n    }\n<\/style>\n\n<h3 style=\"text-align:center; margin-bottom:10px;\">Agenda tu cita<\/h3>\n<form id=\"formsolicitudvisa\" class=\"formsolicitudvisa\" action=\"\">\n    <label>Nombre<\/label><br>\n    <input type=\"text\" name=\"nombre\" id=\"nombre\" placeholder=\"Tu nombre...\"\/><br>\n    <label>Apellidos<\/label><br>\n    <input type=\"text\" name=\"apellidos\" id=\"apellidos\" placeholder=\"Tus apellidos...\"\/><br>\n    <label>Email<\/label><br>\n    <input type=\"text\" name=\"email\" id=\"email\" placeholder=\"Your email...\"\/><br>\n    <label>Tel\u00e9fono<\/label><br>\n    <input type=\"text\" name=\"telefono\" id=\"telefono\" placeholder=\"Tu tel\u00e9fono...\"\/><br>\n    <label>Nos contactamos contigo<\/label><br>\n    <select name=\"tiposolicitud\" id=\"tiposolicitud\">\n        <option>Agendar una llamada<\/option>\n        <option>Agendar una cita presencial<\/option>\n    <\/select><br>\n    <input type=\"hidden\" value=\"Canada\" name=\"solicitudvisa\" id=\"solicitudvisa\">\n    <button type=\"button\" onclick=\"return submitsolicitudvisa();\">Send<\/button>\n<input type=\"hidden\" name=\"trp-form-language\" value=\"en\"\/><\/form>\n\n<div class=\"separador\"><\/div>\n\n<h3 style=\"text-align:center; margin-bottom:10px;\">Estado de solicitud de Visa<\/h3>\n<form id=\"formestadosolicitudvisa\" action=\"\">\n    <label>Ver estado de tu solicitud<\/label><br>\n    <input type=\"text\" name=\"email\" id=\"email\" placeholder=\"tu email...\"\/><br>\n    <button type=\"button\" onclick=\"return submitestadosolicitudvisa();\">Ver estado<\/button>\n<input type=\"hidden\" name=\"trp-form-language\" value=\"en\"\/><\/form>\n\n\n\n<script>\n    \nfunction submitsolicitudvisa(){\n    \n}\n\nfunction submitestadosolicitudvisa(){\n    \n}\n    \n<\/script>\n\t\t\t\t<\/div>\n\t\t\t\t<\/div>\n\t\t\t\t\t<\/div>\n\t\t<\/div>\n\t\t\t\t\t<\/div>\n\t\t<\/section>\n\t\t\t\t<section class=\"elementor-section elementor-top-section elementor-element elementor-element-e4eeca0 elementor-section-boxed elementor-section-height-default elementor-section-height-default wpr-particle-no wpr-jarallax-no wpr-parallax-no wpr-sticky-section-no\" data-id=\"e4eeca0\" data-element_type=\"section\">\n\t\t\t\t\t\t<div class=\"elementor-container elementor-column-gap-default\">\n\t\t\t\t\t<div class=\"elementor-column elementor-col-50 elementor-top-column elementor-element elementor-element-329a4e4\" data-id=\"329a4e4\" data-element_type=\"column\">\n\t\t\t<div class=\"elementor-widget-wrap\">\n\t\t\t\t\t\t\t<\/div>\n\t\t<\/div>\n\t\t\t\t<div class=\"elementor-column elementor-col-50 elementor-top-column elementor-element elementor-element-c68f946\" data-id=\"c68f946\" data-element_type=\"column\">\n\t\t\t<div class=\"elementor-widget-wrap\">\n\t\t\t\t\t\t\t<\/div>\n\t\t<\/div>\n\t\t\t\t\t<\/div>\n\t\t<\/section>\n\t\t\t\t<\/div>","protected":false},"excerpt":{"rendered":"<p>Visa para Canad\u00e1 Descargar formulario de solicitud de Visa Agenda tu cita Nombre Apellidos Email Tel\u00e9fono Nos contactamos contigo Agendar una llamadaAgendar una cita presencial Enviar Estado de solicitud de Visa Ver estado de tu solicitud Ver estado<\/p>","protected":false},"author":14,"featured_media":0,"parent":5188,"menu_order":0,"comment_status":"closed","ping_status":"closed","template":"elementor_header_footer","meta":{"content-type":"","site-sidebar-layout":"no-sidebar","site-content-layout":"page-builder","ast-site-content-layout":"","site-content-style":"default","site-sidebar-style":"default","ast-global-header-display":"","ast-banner-title-visibility":"","ast-main-header-display":"","ast-hfb-above-header-display":"","ast-hfb-below-header-display":"","ast-hfb-mobile-header-display":"","site-post-title":"disabled","ast-breadcrumbs-content":"","ast-featured-img":"disabled","footer-sml-layout":"","theme-transparent-header-meta":"default","adv-header-id-meta":"","stick-header-meta":"","header-above-stick-meta":"","header-main-stick-meta":"","header-below-stick-meta":"","astra-migrate-meta-layouts":"default","ast-page-background-enabled":"default","ast-page-background-meta":{"desktop":{"background-color":"var(--ast-global-color-4)","background-image":"","background-repeat":"repeat","background-position":"center center","background-size":"auto","background-attachment":"scroll","background-type":"","background-media":"","overlay-type":"","overlay-color":"","overlay-opacity":"","overlay-gradient":""},"tablet":{"background-color":"","background-image":"","background-repeat":"repeat","background-position":"center center","background-size":"auto","background-attachment":"scroll","background-type":"","background-media":"","overlay-type":"","overlay-color":"","overlay-opacity":"","overlay-gradient":""},"mobile":{"background-color":"","background-image":"","background-repeat":"repeat","background-position":"center center","background-size":"auto","background-attachment":"scroll","background-type":"","background-media":"","overlay-type":"","overlay-color":"","overlay-opacity":"","overlay-gradient":""}},"ast-content-background-meta":{"desktop":{"background-color":"var(--ast-global-color-5)","background-image":"","background-repeat":"repeat","background-position":"center center","background-size":"auto","background-attachment":"scroll","background-type":"","background-media":"","overlay-type":"","overlay-color":"","overlay-opacity":"","overlay-gradient":""},"tablet":{"background-color":"var(--ast-global-color-5)","background-image":"","background-repeat":"repeat","background-position":"center center","background-size":"auto","background-attachment":"scroll","background-type":"","background-media":"","overlay-type":"","overlay-color":"","overlay-opacity":"","overlay-gradient":""},"mobile":{"background-color":"var(--ast-global-color-5)","background-image":"","background-repeat":"repeat","background-position":"center center","background-size":"auto","background-attachment":"scroll","background-type":"","background-media":"","overlay-type":"","overlay-color":"","overlay-opacity":"","overlay-gradient":""}},"footnotes":""},"class_list":["post-5197","page","type-page","status-publish","hentry"],"yoast_head":"<!-- This site is optimized with the Yoast SEO plugin v26.7 - https:\/\/yoast.com\/wordpress\/plugins\/seo\/ -->\n<title>Canad\u00e1 - estropical.com | Paquetes, Vuelos y Hoteles Baratos<\/title>\n<meta name=\"robots\" content=\"noindex, follow\" \/>\n<meta property=\"og:locale\" content=\"en_US\" \/>\n<meta property=\"og:type\" content=\"article\" \/>\n<meta property=\"og:title\" content=\"Canad\u00e1 - estropical.com | Paquetes, Vuelos y Hoteles Baratos\" \/>\n<meta property=\"og:description\" content=\"Visa para Canad\u00e1 Descargar formulario de solicitud de Visa Agenda tu cita Nombre Apellidos Email Tel\u00e9fono Nos contactamos contigo Agendar una llamadaAgendar una cita presencial Enviar Estado de solicitud de Visa Ver estado de tu solicitud Ver estado\" \/>\n<meta property=\"og:url\" content=\"https:\/\/viajes.estropical.com\/en\/requisitos-para-visas\/canada\/\" \/>\n<meta property=\"og:site_name\" content=\"estropical.com | Paquetes, Vuelos y Hoteles Baratos\" \/>\n<meta property=\"article:publisher\" content=\"https:\/\/www.facebook.com\/estropicalcom\" \/>\n<meta property=\"article:modified_time\" content=\"2023-07-06T17:03:44+00:00\" \/>\n<meta property=\"og:image\" content=\"https:\/\/viajes.estropical.com\/\/wp-content\/uploads\/2023\/09\/logo_azul_00414.png\" \/>\n\t<meta property=\"og:image:width\" content=\"1056\" \/>\n\t<meta property=\"og:image:height\" content=\"704\" \/>\n\t<meta property=\"og:image:type\" content=\"image\/png\" \/>\n<meta name=\"twitter:card\" content=\"summary_large_image\" \/>\n<meta name=\"twitter:label1\" content=\"Est. reading time\" \/>\n\t<meta name=\"twitter:data1\" content=\"2 minutes\" \/>\n<script type=\"application\/ld+json\" class=\"yoast-schema-graph\">{\"@context\":\"https:\/\/schema.org\",\"@graph\":[{\"@type\":\"WebPage\",\"@id\":\"https:\/\/viajes.estropical.com\/en\/requisitos-para-visas\/canada\/\",\"url\":\"https:\/\/viajes.estropical.com\/en\/requisitos-para-visas\/canada\/\",\"name\":\"Canad\u00e1 - estropical.com | Paquetes, Vuelos y Hoteles Baratos\",\"isPartOf\":{\"@id\":\"https:\/\/viajes.estropical.com\/en\/#website\"},\"datePublished\":\"2023-04-03T16:19:22+00:00\",\"dateModified\":\"2023-07-06T17:03:44+00:00\",\"breadcrumb\":{\"@id\":\"https:\/\/viajes.estropical.com\/en\/requisitos-para-visas\/canada\/#breadcrumb\"},\"inLanguage\":\"en-US\",\"potentialAction\":[{\"@type\":\"ReadAction\",\"target\":[\"https:\/\/viajes.estropical.com\/en\/requisitos-para-visas\/canada\/\"]}]},{\"@type\":\"BreadcrumbList\",\"@id\":\"https:\/\/viajes.estropical.com\/en\/requisitos-para-visas\/canada\/#breadcrumb\",\"itemListElement\":[{\"@type\":\"ListItem\",\"position\":1,\"name\":\"Portada\",\"item\":\"https:\/\/viajes.estropical.com\/\"},{\"@type\":\"ListItem\",\"position\":2,\"name\":\"Requisitos para Visas\",\"item\":\"https:\/\/viajes.estropical.com\/requisitos-para-visas\/\"},{\"@type\":\"ListItem\",\"position\":3,\"name\":\"Canad\u00e1\"}]},{\"@type\":\"WebSite\",\"@id\":\"https:\/\/viajes.estropical.com\/en\/#website\",\"url\":\"https:\/\/viajes.estropical.com\/en\/\",\"name\":\"estropical.com | Paquetes, Vuelos y Hoteles Baratos\",\"description\":\"\",\"publisher\":{\"@id\":\"https:\/\/viajes.estropical.com\/en\/#organization\"},\"potentialAction\":[{\"@type\":\"SearchAction\",\"target\":{\"@type\":\"EntryPoint\",\"urlTemplate\":\"https:\/\/viajes.estropical.com\/en\/?s={search_term_string}\"},\"query-input\":{\"@type\":\"PropertyValueSpecification\",\"valueRequired\":true,\"valueName\":\"search_term_string\"}}],\"inLanguage\":\"en-US\"},{\"@type\":\"Organization\",\"@id\":\"https:\/\/viajes.estropical.com\/en\/#organization\",\"name\":\"estropical.com | Paquetes, Vuelos y Hoteles Baratos\",\"url\":\"https:\/\/viajes.estropical.com\/en\/\",\"logo\":{\"@type\":\"ImageObject\",\"inLanguage\":\"en-US\",\"@id\":\"https:\/\/viajes.estropical.com\/en\/#\/schema\/logo\/image\/\",\"url\":\"https:\/\/viajes.estropical.com\/\/wp-content\/uploads\/2022\/07\/logo-estropical-opengraph.png\",\"contentUrl\":\"https:\/\/viajes.estropical.com\/\/wp-content\/uploads\/2022\/07\/logo-estropical-opengraph.png\",\"width\":200,\"height\":200,\"caption\":\"estropical.com | Paquetes, Vuelos y Hoteles Baratos\"},\"image\":{\"@id\":\"https:\/\/viajes.estropical.com\/en\/#\/schema\/logo\/image\/\"},\"sameAs\":[\"https:\/\/www.facebook.com\/estropicalcom\"]}]}<\/script>\n<!-- \/ Yoast SEO plugin. -->","yoast_head_json":{"title":"Canad\u00e1 - estropical.com | Paquetes, Vuelos y Hoteles Baratos","robots":{"index":"noindex","follow":"follow"},"og_locale":"en_US","og_type":"article","og_title":"Canad\u00e1 - estropical.com | Paquetes, Vuelos y Hoteles Baratos","og_description":"Visa para Canad\u00e1 Descargar formulario de solicitud de Visa Agenda tu cita Nombre Apellidos Email Tel\u00e9fono Nos contactamos contigo Agendar una llamadaAgendar una cita presencial Enviar Estado de solicitud de Visa Ver estado de tu solicitud Ver estado","og_url":"https:\/\/viajes.estropical.com\/en\/requisitos-para-visas\/canada\/","og_site_name":"estropical.com | Paquetes, Vuelos y Hoteles Baratos","article_publisher":"https:\/\/www.facebook.com\/estropicalcom","article_modified_time":"2023-07-06T17:03:44+00:00","og_image":[{"width":1056,"height":704,"url":"https:\/\/viajes.estropical.com\/\/wp-content\/uploads\/2023\/09\/logo_azul_00414.png","type":"image\/png"}],"twitter_card":"summary_large_image","twitter_misc":{"Est. reading time":"2 minutes"},"schema":{"@context":"https:\/\/schema.org","@graph":[{"@type":"WebPage","@id":"https:\/\/viajes.estropical.com\/en\/requisitos-para-visas\/canada\/","url":"https:\/\/viajes.estropical.com\/en\/requisitos-para-visas\/canada\/","name":"Canad\u00e1 - estropical.com | Paquetes, Vuelos y Hoteles Baratos","isPartOf":{"@id":"https:\/\/viajes.estropical.com\/en\/#website"},"datePublished":"2023-04-03T16:19:22+00:00","dateModified":"2023-07-06T17:03:44+00:00","breadcrumb":{"@id":"https:\/\/viajes.estropical.com\/en\/requisitos-para-visas\/canada\/#breadcrumb"},"inLanguage":"en-US","potentialAction":[{"@type":"ReadAction","target":["https:\/\/viajes.estropical.com\/en\/requisitos-para-visas\/canada\/"]}]},{"@type":"BreadcrumbList","@id":"https:\/\/viajes.estropical.com\/en\/requisitos-para-visas\/canada\/#breadcrumb","itemListElement":[{"@type":"ListItem","position":1,"name":"Portada","item":"https:\/\/viajes.estropical.com\/"},{"@type":"ListItem","position":2,"name":"Requisitos para Visas","item":"https:\/\/viajes.estropical.com\/requisitos-para-visas\/"},{"@type":"ListItem","position":3,"name":"Canad\u00e1"}]},{"@type":"WebSite","@id":"https:\/\/viajes.estropical.com\/en\/#website","url":"https:\/\/viajes.estropical.com\/en\/","name":"estropical.com | Paquetes, Vuelos y Hoteles Baratos","description":"","publisher":{"@id":"https:\/\/viajes.estropical.com\/en\/#organization"},"potentialAction":[{"@type":"SearchAction","target":{"@type":"EntryPoint","urlTemplate":"https:\/\/viajes.estropical.com\/en\/?s={search_term_string}"},"query-input":{"@type":"PropertyValueSpecification","valueRequired":true,"valueName":"search_term_string"}}],"inLanguage":"en-US"},{"@type":"Organization","@id":"https:\/\/viajes.estropical.com\/en\/#organization","name":"estropical.com | Paquetes, Vuelos y Hoteles Baratos","url":"https:\/\/viajes.estropical.com\/en\/","logo":{"@type":"ImageObject","inLanguage":"en-US","@id":"https:\/\/viajes.estropical.com\/en\/#\/schema\/logo\/image\/","url":"https:\/\/viajes.estropical.com\/\/wp-content\/uploads\/2022\/07\/logo-estropical-opengraph.png","contentUrl":"https:\/\/viajes.estropical.com\/\/wp-content\/uploads\/2022\/07\/logo-estropical-opengraph.png","width":200,"height":200,"caption":"estropical.com | Paquetes, Vuelos y Hoteles Baratos"},"image":{"@id":"https:\/\/viajes.estropical.com\/en\/#\/schema\/logo\/image\/"},"sameAs":["https:\/\/www.facebook.com\/estropicalcom"]}]}},"_links":{"self":[{"href":"https:\/\/viajes.estropical.com\/en\/wp-json\/wp\/v2\/pages\/5197","targetHints":{"allow":["GET"]}}],"collection":[{"href":"https:\/\/viajes.estropical.com\/en\/wp-json\/wp\/v2\/pages"}],"about":[{"href":"https:\/\/viajes.estropical.com\/en\/wp-json\/wp\/v2\/types\/page"}],"author":[{"embeddable":true,"href":"https:\/\/viajes.estropical.com\/en\/wp-json\/wp\/v2\/users\/14"}],"replies":[{"embeddable":true,"href":"https:\/\/viajes.estropical.com\/en\/wp-json\/wp\/v2\/comments?post=5197"}],"version-history":[{"count":84,"href":"https:\/\/viajes.estropical.com\/en\/wp-json\/wp\/v2\/pages\/5197\/revisions"}],"predecessor-version":[{"id":6469,"href":"https:\/\/viajes.estropical.com\/en\/wp-json\/wp\/v2\/pages\/5197\/revisions\/6469"}],"up":[{"embeddable":true,"href":"https:\/\/viajes.estropical.com\/en\/wp-json\/wp\/v2\/pages\/5188"}],"wp:attachment":[{"href":"https:\/\/viajes.estropical.com\/en\/wp-json\/wp\/v2\/media?parent=5197"}],"curies":[{"name":"wp","href":"https:\/\/api.w.org\/{rel}","templated":true}]}}