{"id":430,"date":"2022-06-23T20:25:37","date_gmt":"2022-06-23T20:25:37","guid":{"rendered":"http:\/\/www.cgmaia.com\/estropical\/?page_id=430"},"modified":"2023-09-28T15:49:18","modified_gmt":"2023-09-28T15:49:18","slug":"cookies","status":"publish","type":"page","link":"https:\/\/viajes.estropical.com\/en\/info\/cookies\/","title":{"rendered":"Cookies"},"content":{"rendered":"<div data-elementor-type=\"wp-page\" data-elementor-id=\"430\" class=\"elementor elementor-430\">\n\t\t\t\t\t\t<section class=\"elementor-section elementor-top-section elementor-element elementor-element-dd4acbe elementor-section-boxed elementor-section-height-default elementor-section-height-default wpr-particle-no wpr-jarallax-no wpr-parallax-no wpr-sticky-section-no\" data-id=\"dd4acbe\" data-element_type=\"section\" data-settings=\"{&quot;background_background&quot;:&quot;classic&quot;}\">\n\t\t\t\t\t\t<div class=\"elementor-container elementor-column-gap-default\">\n\t\t\t\t\t<div class=\"elementor-column elementor-col-100 elementor-top-column elementor-element elementor-element-2fbd8d3\" data-id=\"2fbd8d3\" data-element_type=\"column\">\n\t\t\t<div class=\"elementor-widget-wrap elementor-element-populated\">\n\t\t\t\t\t\t<div class=\"elementor-element elementor-element-bb0fd08 elementor-widget elementor-widget-heading\" data-id=\"bb0fd08\" data-element_type=\"widget\" data-widget_type=\"heading.default\">\n\t\t\t\t<div class=\"elementor-widget-container\">\n\t\t\t\t\t<h1 class=\"elementor-heading-title elementor-size-default\">Cookies policy<\/h1>\t\t\t\t<\/div>\n\t\t\t\t<\/div>\n\t\t\t\t\t<\/div>\n\t\t<\/div>\n\t\t\t\t\t<\/div>\n\t\t<\/section>\n\t\t\t\t<section class=\"elementor-section elementor-top-section elementor-element elementor-element-f0195ee elementor-section-boxed elementor-section-height-default elementor-section-height-default wpr-particle-no wpr-jarallax-no wpr-parallax-no wpr-sticky-section-no\" data-id=\"f0195ee\" data-element_type=\"section\">\n\t\t\t\t\t\t<div class=\"elementor-container elementor-column-gap-default\">\n\t\t\t\t\t<div class=\"elementor-column elementor-col-100 elementor-top-column elementor-element elementor-element-123199e\" data-id=\"123199e\" data-element_type=\"column\">\n\t\t\t<div class=\"elementor-widget-wrap elementor-element-populated\">\n\t\t\t\t\t\t<div class=\"elementor-element elementor-element-05fbede elementor-widget elementor-widget-text-editor\" data-id=\"05fbede\" data-element_type=\"widget\" data-widget_type=\"text-editor.default\">\n\t\t\t\t<div class=\"elementor-widget-container\">\n\t\t\t\t\t\t\t\t\t<p>Please note that when you access the website <a href=\"https:\/\/www.estropical.com\/en\/\">www.estropical.com<\/a> from Tropical Tours Ltda. we automatically receive information about you and your computer. We receive information from cookies (see definition below), web beacons (see definition below) regarding your browser and your operating system, the Internet pages you have visited, the links you have viewed, the IP address of your computer and the website you closed before accessing our Website. Tropical Tours Ltda. uses the information collected mainly to improve your user experience and improve our service.<\/p><p>At any time, you can choose not to receive a cookie file by enabling your web browser to reject cookies or inform you before accepting them. Please note that by refusing to accept a cookie you will not be able to access many travel services and planning tools offered by this Website.<\/p><p>\u201cCookies\u201d are text files that are automatically downloaded and stored on your computer's hard drive when you browse a page or a specific internet portal, which allow a certain amount of data to be saved about your internet activity. Cookies are used in order to know the interests, behavior and demographics of those who visit or are users of our Website and in this way, better understand their needs and interests and give them a better service or provide related information. We will also use the information obtained through cookies to analyze the pages browsed by the visitor or user, the searches performed, improve our commercial and promotional initiatives, show advertising or promotions, banners of interest, personalize content, presentation and services.<\/p><p>\u201cWeb beacons\u201d are images that may appear inserted in pages and websites and have a similar purpose to cookies. Additionally, a Web beacon is used to measure user traffic patterns from one page to another in order to maximize how traffic flows through the Web.<\/p>\t\t\t\t\t\t\t\t<\/div>\n\t\t\t\t<\/div>\n\t\t\t\t\t<\/div>\n\t\t<\/div>\n\t\t\t\t\t<\/div>\n\t\t<\/section>\n\t\t\t\t<\/div>","protected":false},"excerpt":{"rendered":"<p>Pol\u00edtica de Cookies Tenga presente que cuando acceda al sitio web www.estropical.com de Tropical Tours Ltda. nosotros autom\u00e1ticamente recibimos informaci\u00f3n sobre Usted y su computadora. Recibimos informaci\u00f3n de cookies (ver definici\u00f3n m\u00e1s abajo), web beacons (ver definici\u00f3n m\u00e1s abajo) respecto de su navegador y su sistema operativo, de las p\u00e1ginas de Internet que ha visitado, de los enlaces que ha visto, de la direcci\u00f3n de IP de su computadora y del sitio web que cerr\u00f3 antes de ingresar a nuestro Sitio Web. Tropical Tours Ltda. utiliza la informaci\u00f3n recopilada principalmente para mejorar su experiencia de usuario y mejorar nuestro servicio. En todo momento, podr\u00e1 elegir no recibir un archivo de cookies habilitando su navegador web para que rechace cookies o le informe antes de aceptarlas. Tenga en cuenta que al negarse a aceptar una cookie no podr\u00e1 obtener acceso a muchos servicios de viaje y herramientas de planificaci\u00f3n ofrecidos por este Sitio Web. \u201cCookies\u201d son archivos de texto que se descargan autom\u00e1ticamente y se almacenan en el disco r\u00edgido de su computadora cuando navega en una p\u00e1gina o en un portal de internet espec\u00edfico, los cuales permiten guardar cierta cantidad de datos sobre su actividad en internet. Las cookies se utilizan con el fin de conocer los intereses, el comportamiento y la demograf\u00eda de quienes visitan o son usuarios de nuestro Sitio Web y de esa forma, comprender mejor sus necesidades e intereses y darles un mejor servicio o proveer informaci\u00f3n relacionada. Tambi\u00e9n usaremos la informaci\u00f3n obtenida por intermedio de las cookies para analizar las p\u00e1ginas navegadas por el visitante o usuario, las b\u00fasquedas realizadas, mejorar nuestras iniciativas comerciales y promocionales, mostrar publicidad o promociones, banners de inter\u00e9s, personalizar contenidos, presentaci\u00f3n y servicios. \u201cWeb beacons\u201d son im\u00e1genes que pueden aparecer insertadas en p\u00e1ginas y sitios web y tienen una finalidad similar a los cookies. Adicionalmente un Web beacon es utilizado para medir patrones de tr\u00e1fico de los usuarios de una p\u00e1gina a otra con el objeto de maximizar como fluye el tr\u00e1fico a trav\u00e9s de la Web.<\/p>","protected":false},"author":14,"featured_media":0,"parent":3801,"menu_order":0,"comment_status":"closed","ping_status":"closed","template":"","meta":{"content-type":"","site-sidebar-layout":"no-sidebar","site-content-layout":"page-builder","ast-site-content-layout":"full-width-container","site-content-style":"unboxed","site-sidebar-style":"unboxed","ast-global-header-display":"","ast-banner-title-visibility":"","ast-main-header-display":"","ast-hfb-above-header-display":"","ast-hfb-below-header-display":"","ast-hfb-mobile-header-display":"","site-post-title":"disabled","ast-breadcrumbs-content":"","ast-featured-img":"disabled","footer-sml-layout":"","theme-transparent-header-meta":"default","adv-header-id-meta":"","stick-header-meta":"","header-above-stick-meta":"","header-main-stick-meta":"","header-below-stick-meta":"","astra-migrate-meta-layouts":"set","ast-page-background-enabled":"default","ast-page-background-meta":{"desktop":{"background-color":"var(--ast-global-color-4)","background-image":"","background-repeat":"repeat","background-position":"center center","background-size":"auto","background-attachment":"scroll","background-type":"","background-media":"","overlay-type":"","overlay-color":"","overlay-opacity":"","overlay-gradient":""},"tablet":{"background-color":"","background-image":"","background-repeat":"repeat","background-position":"center center","background-size":"auto","background-attachment":"scroll","background-type":"","background-media":"","overlay-type":"","overlay-color":"","overlay-opacity":"","overlay-gradient":""},"mobile":{"background-color":"","background-image":"","background-repeat":"repeat","background-position":"center center","background-size":"auto","background-attachment":"scroll","background-type":"","background-media":"","overlay-type":"","overlay-color":"","overlay-opacity":"","overlay-gradient":""}},"ast-content-background-meta":{"desktop":{"background-color":"var(--ast-global-color-5)","background-image":"","background-repeat":"repeat","background-position":"center center","background-size":"auto","background-attachment":"scroll","background-type":"","background-media":"","overlay-type":"","overlay-color":"","overlay-opacity":"","overlay-gradient":""},"tablet":{"background-color":"var(--ast-global-color-5)","background-image":"","background-repeat":"repeat","background-position":"center center","background-size":"auto","background-attachment":"scroll","background-type":"","background-media":"","overlay-type":"","overlay-color":"","overlay-opacity":"","overlay-gradient":""},"mobile":{"background-color":"var(--ast-global-color-5)","background-image":"","background-repeat":"repeat","background-position":"center center","background-size":"auto","background-attachment":"scroll","background-type":"","background-media":"","overlay-type":"","overlay-color":"","overlay-opacity":"","overlay-gradient":""}},"footnotes":""},"class_list":["post-430","page","type-page","status-publish","hentry"],"yoast_head":"<!-- This site is optimized with the Yoast SEO plugin v26.7 - https:\/\/yoast.com\/wordpress\/plugins\/seo\/ -->\n<title>Cookies - estropical.com | Paquetes, Vuelos y Hoteles Baratos<\/title>\n<meta name=\"description\" content=\"Tenga presente que cuando acceda al sitio web www.estropical.com de Tropical Tours Ltda. nosotros autom\u00e1ticamente recibimos informaci\u00f3n sobre Usted y su computadora.\" \/>\n<meta name=\"robots\" content=\"index, follow, max-snippet:-1, max-image-preview:large, max-video-preview:-1\" \/>\n<link rel=\"canonical\" href=\"https:\/\/viajes.estropical.com\/en\/info\/cookies\/\" \/>\n<meta property=\"og:locale\" content=\"en_US\" \/>\n<meta property=\"og:type\" content=\"article\" \/>\n<meta property=\"og:title\" content=\"Cookies - estropical.com | Paquetes, Vuelos y Hoteles Baratos\" \/>\n<meta property=\"og:description\" content=\"Tenga presente que cuando acceda al sitio web www.estropical.com de Tropical Tours Ltda. nosotros autom\u00e1ticamente recibimos informaci\u00f3n sobre Usted y su computadora.\" \/>\n<meta property=\"og:url\" content=\"https:\/\/viajes.estropical.com\/en\/info\/cookies\/\" \/>\n<meta property=\"og:site_name\" content=\"estropical.com | Paquetes, Vuelos y Hoteles Baratos\" \/>\n<meta property=\"article:publisher\" content=\"https:\/\/www.facebook.com\/estropicalcom\" \/>\n<meta property=\"article:modified_time\" content=\"2023-09-28T15:49:18+00:00\" \/>\n<meta property=\"og:image\" content=\"https:\/\/viajes.estropical.com\/\/wp-content\/uploads\/2023\/09\/logo_azul_00414.png\" \/>\n\t<meta property=\"og:image:width\" content=\"1056\" \/>\n\t<meta property=\"og:image:height\" content=\"704\" \/>\n\t<meta property=\"og:image:type\" content=\"image\/png\" \/>\n<meta name=\"twitter:card\" content=\"summary_large_image\" \/>\n<meta name=\"twitter:label1\" content=\"Est. reading time\" \/>\n\t<meta name=\"twitter:data1\" content=\"2 minutes\" \/>\n<script type=\"application\/ld+json\" class=\"yoast-schema-graph\">{\"@context\":\"https:\/\/schema.org\",\"@graph\":[{\"@type\":\"WebPage\",\"@id\":\"https:\/\/viajes.estropical.com\/en\/info\/cookies\/\",\"url\":\"https:\/\/viajes.estropical.com\/info\/cookies\/\",\"name\":\"Cookies - estropical.com | Paquetes, Vuelos y Hoteles Baratos\",\"isPartOf\":{\"@id\":\"https:\/\/viajes.estropical.com\/en\/#website\"},\"datePublished\":\"2022-06-23T20:25:37+00:00\",\"dateModified\":\"2023-09-28T15:49:18+00:00\",\"description\":\"Tenga presente que cuando acceda al sitio web www.estropical.com de Tropical Tours Ltda. nosotros autom\u00e1ticamente recibimos informaci\u00f3n sobre Usted y su computadora.\",\"breadcrumb\":{\"@id\":\"https:\/\/viajes.estropical.com\/info\/cookies\/#breadcrumb\"},\"inLanguage\":\"en-US\",\"potentialAction\":[{\"@type\":\"ReadAction\",\"target\":[\"https:\/\/viajes.estropical.com\/info\/cookies\/\"]}]},{\"@type\":\"BreadcrumbList\",\"@id\":\"https:\/\/viajes.estropical.com\/info\/cookies\/#breadcrumb\",\"itemListElement\":[{\"@type\":\"ListItem\",\"position\":1,\"name\":\"Portada\",\"item\":\"https:\/\/viajes.estropical.com\/\"},{\"@type\":\"ListItem\",\"position\":2,\"name\":\"Info\",\"item\":\"https:\/\/viajes.estropical.com\/info\/\"},{\"@type\":\"ListItem\",\"position\":3,\"name\":\"Cookies\"}]},{\"@type\":\"WebSite\",\"@id\":\"https:\/\/viajes.estropical.com\/en\/#website\",\"url\":\"https:\/\/viajes.estropical.com\/en\/\",\"name\":\"estropical.com | Paquetes, Vuelos y Hoteles Baratos\",\"description\":\"\",\"publisher\":{\"@id\":\"https:\/\/viajes.estropical.com\/en\/#organization\"},\"potentialAction\":[{\"@type\":\"SearchAction\",\"target\":{\"@type\":\"EntryPoint\",\"urlTemplate\":\"https:\/\/viajes.estropical.com\/en\/?s={search_term_string}\"},\"query-input\":{\"@type\":\"PropertyValueSpecification\",\"valueRequired\":true,\"valueName\":\"search_term_string\"}}],\"inLanguage\":\"en-US\"},{\"@type\":\"Organization\",\"@id\":\"https:\/\/viajes.estropical.com\/en\/#organization\",\"name\":\"estropical.com | Paquetes, Vuelos y Hoteles Baratos\",\"url\":\"https:\/\/viajes.estropical.com\/en\/\",\"logo\":{\"@type\":\"ImageObject\",\"inLanguage\":\"en-US\",\"@id\":\"https:\/\/viajes.estropical.com\/en\/#\/schema\/logo\/image\/\",\"url\":\"https:\/\/viajes.estropical.com\/\/wp-content\/uploads\/2022\/07\/logo-estropical-opengraph.png\",\"contentUrl\":\"https:\/\/viajes.estropical.com\/\/wp-content\/uploads\/2022\/07\/logo-estropical-opengraph.png\",\"width\":200,\"height\":200,\"caption\":\"estropical.com | Paquetes, Vuelos y Hoteles Baratos\"},\"image\":{\"@id\":\"https:\/\/viajes.estropical.com\/en\/#\/schema\/logo\/image\/\"},\"sameAs\":[\"https:\/\/www.facebook.com\/estropicalcom\"]}]}<\/script>\n<!-- \/ Yoast SEO plugin. -->","yoast_head_json":{"title":"Cookies - estropical.com | Paquetes, Vuelos y Hoteles Baratos","description":"Tenga presente que cuando acceda al sitio web www.estropical.com de Tropical Tours Ltda. nosotros autom\u00e1ticamente recibimos informaci\u00f3n sobre Usted y su computadora.","robots":{"index":"index","follow":"follow","max-snippet":"max-snippet:-1","max-image-preview":"max-image-preview:large","max-video-preview":"max-video-preview:-1"},"canonical":"https:\/\/viajes.estropical.com\/en\/info\/cookies\/","og_locale":"en_US","og_type":"article","og_title":"Cookies - estropical.com | Paquetes, Vuelos y Hoteles Baratos","og_description":"Tenga presente que cuando acceda al sitio web www.estropical.com de Tropical Tours Ltda. nosotros autom\u00e1ticamente recibimos informaci\u00f3n sobre Usted y su computadora.","og_url":"https:\/\/viajes.estropical.com\/en\/info\/cookies\/","og_site_name":"estropical.com | Paquetes, Vuelos y Hoteles Baratos","article_publisher":"https:\/\/www.facebook.com\/estropicalcom","article_modified_time":"2023-09-28T15:49:18+00:00","og_image":[{"width":1056,"height":704,"url":"https:\/\/viajes.estropical.com\/\/wp-content\/uploads\/2023\/09\/logo_azul_00414.png","type":"image\/png"}],"twitter_card":"summary_large_image","twitter_misc":{"Est. reading time":"2 minutes"},"schema":{"@context":"https:\/\/schema.org","@graph":[{"@type":"WebPage","@id":"https:\/\/viajes.estropical.com\/en\/info\/cookies\/","url":"https:\/\/viajes.estropical.com\/info\/cookies\/","name":"Cookies - estropical.com | Paquetes, Vuelos y Hoteles Baratos","isPartOf":{"@id":"https:\/\/viajes.estropical.com\/en\/#website"},"datePublished":"2022-06-23T20:25:37+00:00","dateModified":"2023-09-28T15:49:18+00:00","description":"Tenga presente que cuando acceda al sitio web www.estropical.com de Tropical Tours Ltda. nosotros autom\u00e1ticamente recibimos informaci\u00f3n sobre Usted y su computadora.","breadcrumb":{"@id":"https:\/\/viajes.estropical.com\/info\/cookies\/#breadcrumb"},"inLanguage":"en-US","potentialAction":[{"@type":"ReadAction","target":["https:\/\/viajes.estropical.com\/info\/cookies\/"]}]},{"@type":"BreadcrumbList","@id":"https:\/\/viajes.estropical.com\/info\/cookies\/#breadcrumb","itemListElement":[{"@type":"ListItem","position":1,"name":"Portada","item":"https:\/\/viajes.estropical.com\/"},{"@type":"ListItem","position":2,"name":"Info","item":"https:\/\/viajes.estropical.com\/info\/"},{"@type":"ListItem","position":3,"name":"Cookies"}]},{"@type":"WebSite","@id":"https:\/\/viajes.estropical.com\/en\/#website","url":"https:\/\/viajes.estropical.com\/en\/","name":"estropical.com | Paquetes, Vuelos y Hoteles Baratos","description":"","publisher":{"@id":"https:\/\/viajes.estropical.com\/en\/#organization"},"potentialAction":[{"@type":"SearchAction","target":{"@type":"EntryPoint","urlTemplate":"https:\/\/viajes.estropical.com\/en\/?s={search_term_string}"},"query-input":{"@type":"PropertyValueSpecification","valueRequired":true,"valueName":"search_term_string"}}],"inLanguage":"en-US"},{"@type":"Organization","@id":"https:\/\/viajes.estropical.com\/en\/#organization","name":"estropical.com | Paquetes, Vuelos y Hoteles Baratos","url":"https:\/\/viajes.estropical.com\/en\/","logo":{"@type":"ImageObject","inLanguage":"en-US","@id":"https:\/\/viajes.estropical.com\/en\/#\/schema\/logo\/image\/","url":"https:\/\/viajes.estropical.com\/\/wp-content\/uploads\/2022\/07\/logo-estropical-opengraph.png","contentUrl":"https:\/\/viajes.estropical.com\/\/wp-content\/uploads\/2022\/07\/logo-estropical-opengraph.png","width":200,"height":200,"caption":"estropical.com | Paquetes, Vuelos y Hoteles Baratos"},"image":{"@id":"https:\/\/viajes.estropical.com\/en\/#\/schema\/logo\/image\/"},"sameAs":["https:\/\/www.facebook.com\/estropicalcom"]}]}},"_links":{"self":[{"href":"https:\/\/viajes.estropical.com\/en\/wp-json\/wp\/v2\/pages\/430","targetHints":{"allow":["GET"]}}],"collection":[{"href":"https:\/\/viajes.estropical.com\/en\/wp-json\/wp\/v2\/pages"}],"about":[{"href":"https:\/\/viajes.estropical.com\/en\/wp-json\/wp\/v2\/types\/page"}],"author":[{"embeddable":true,"href":"https:\/\/viajes.estropical.com\/en\/wp-json\/wp\/v2\/users\/14"}],"replies":[{"embeddable":true,"href":"https:\/\/viajes.estropical.com\/en\/wp-json\/wp\/v2\/comments?post=430"}],"version-history":[{"count":6,"href":"https:\/\/viajes.estropical.com\/en\/wp-json\/wp\/v2\/pages\/430\/revisions"}],"predecessor-version":[{"id":8660,"href":"https:\/\/viajes.estropical.com\/en\/wp-json\/wp\/v2\/pages\/430\/revisions\/8660"}],"up":[{"embeddable":true,"href":"https:\/\/viajes.estropical.com\/en\/wp-json\/wp\/v2\/pages\/3801"}],"wp:attachment":[{"href":"https:\/\/viajes.estropical.com\/en\/wp-json\/wp\/v2\/media?parent=430"}],"curies":[{"name":"wp","href":"https:\/\/api.w.org\/{rel}","templated":true}]}}