{"id":4094,"date":"2022-10-07T18:57:34","date_gmt":"2022-10-07T18:57:34","guid":{"rendered":"https:\/\/aerolineas.estropical.com\/?page_id=2963"},"modified":"2023-10-11T16:59:53","modified_gmt":"2023-10-11T16:59:53","slug":"aerolineas","status":"publish","type":"page","link":"https:\/\/viajes.estropical.com\/en\/aerolineas\/","title":{"rendered":"Aerolineas"},"content":{"rendered":"<div data-elementor-type=\"wp-page\" data-elementor-id=\"4094\" class=\"elementor elementor-4094\">\n\t\t\t\t\t\t<section class=\"elementor-section elementor-top-section elementor-element elementor-element-4d32ec4 elementor-section-boxed elementor-section-height-default elementor-section-height-default wpr-particle-no wpr-jarallax-no wpr-parallax-no wpr-sticky-section-no\" data-id=\"4d32ec4\" data-element_type=\"section\">\n\t\t\t\t\t\t<div class=\"elementor-container elementor-column-gap-default\">\n\t\t\t\t\t<div class=\"elementor-column elementor-col-100 elementor-top-column elementor-element elementor-element-dcf7af1\" data-id=\"dcf7af1\" data-element_type=\"column\">\n\t\t\t<div class=\"elementor-widget-wrap elementor-element-populated\">\n\t\t\t\t\t\t<div class=\"elementor-element elementor-element-528e274 elementor-widget elementor-widget-heading\" data-id=\"528e274\" data-element_type=\"widget\" data-widget_type=\"heading.default\">\n\t\t\t\t<div class=\"elementor-widget-container\">\n\t\t\t\t\t<h1 class=\"elementor-heading-title elementor-size-default\">Airlines<\/h1>\t\t\t\t<\/div>\n\t\t\t\t<\/div>\n\t\t\t\t<div class=\"elementor-element elementor-element-ccfac9d elementor-widget elementor-widget-text-editor\" data-id=\"ccfac9d\" data-element_type=\"widget\" data-widget_type=\"text-editor.default\">\n\t\t\t\t<div class=\"elementor-widget-container\">\n\t\t\t\t\t\t\t\t\t<span>Encuentra vuelos muy econ\u00f3micos con las diferentes aerol\u00edneas con las que trabajamos.<\/span>\t\t\t\t\t\t\t\t<\/div>\n\t\t\t\t<\/div>\n\t\t\t\t\t<\/div>\n\t\t<\/div>\n\t\t\t\t\t<\/div>\n\t\t<\/section>\n\t\t\t\t<section class=\"elementor-section elementor-top-section elementor-element elementor-element-2ad2945 elementor-section-boxed elementor-section-height-default elementor-section-height-default wpr-particle-no wpr-jarallax-no wpr-parallax-no wpr-sticky-section-no\" data-id=\"2ad2945\" data-element_type=\"section\">\n\t\t\t\t\t\t<div class=\"elementor-container elementor-column-gap-default\">\n\t\t\t\t\t<div class=\"elementor-column elementor-col-33 elementor-top-column elementor-element elementor-element-109cbf8\" data-id=\"109cbf8\" data-element_type=\"column\" data-settings=\"{&quot;background_background&quot;:&quot;classic&quot;}\">\n\t\t\t<div class=\"elementor-widget-wrap elementor-element-populated\">\n\t\t\t\t\t\t<div class=\"elementor-element elementor-element-bc5b8ea elementor-widget elementor-widget-image\" data-id=\"bc5b8ea\" data-element_type=\"widget\" data-widget_type=\"image.default\">\n\t\t\t\t<div class=\"elementor-widget-container\">\n\t\t\t\t\t\t\t\t\t\t\t\t\t\t\t\t<a href=\"https:\/\/viajes.estropical.com\/en\/aerolineas\/boa\/\">\n\t\t\t\t\t\t\t<img fetchpriority=\"high\" decoding=\"async\" width=\"500\" height=\"400\" src=\"https:\/\/viajes.estropical.com\/\/wp-content\/uploads\/2022\/10\/aerolinea-boa-jpg.webp\" class=\"attachment-large size-large wp-image-2971\" alt=\"\" srcset=\"https:\/\/viajes.estropical.com\/\/wp-content\/uploads\/2022\/10\/aerolinea-boa-jpg.webp 500w, https:\/\/viajes.estropical.com\/\/wp-content\/uploads\/2022\/10\/aerolinea-boa-300x240.jpg 300w\" sizes=\"(max-width: 500px) 100vw, 500px\" \/>\t\t\t\t\t\t\t\t<\/a>\n\t\t\t\t\t\t\t\t\t\t\t\t\t\t\t<\/div>\n\t\t\t\t<\/div>\n\t\t\t\t<div class=\"elementor-element elementor-element-7fd3d9b elementor-widget elementor-widget-heading\" data-id=\"7fd3d9b\" data-element_type=\"widget\" data-widget_type=\"heading.default\">\n\t\t\t\t<div class=\"elementor-widget-container\">\n\t\t\t\t\t<h2 class=\"elementor-heading-title elementor-size-default\"><a href=\"https:\/\/viajes.estropical.com\/en\/aerolineas\/boa\/\">BoA<\/a><\/h2>\t\t\t\t<\/div>\n\t\t\t\t<\/div>\n\t\t\t\t\t<\/div>\n\t\t<\/div>\n\t\t\t\t<div class=\"elementor-column elementor-col-33 elementor-top-column elementor-element elementor-element-0ec12ca\" data-id=\"0ec12ca\" data-element_type=\"column\">\n\t\t\t<div class=\"elementor-widget-wrap elementor-element-populated\">\n\t\t\t\t\t\t<div class=\"elementor-element elementor-element-5c08f52 elementor-widget elementor-widget-image\" data-id=\"5c08f52\" data-element_type=\"widget\" data-widget_type=\"image.default\">\n\t\t\t\t<div class=\"elementor-widget-container\">\n\t\t\t\t\t\t\t\t\t\t\t\t\t\t\t\t<a href=\"https:\/\/viajes.estropical.com\/en\/aerolineas\/aireuropa\/\">\n\t\t\t\t\t\t\t<img decoding=\"async\" width=\"500\" height=\"400\" src=\"https:\/\/viajes.estropical.com\/\/wp-content\/uploads\/2022\/10\/aerolinea-aireuropa-jpg.webp\" class=\"attachment-large size-large wp-image-2972\" alt=\"\" srcset=\"https:\/\/viajes.estropical.com\/\/wp-content\/uploads\/2022\/10\/aerolinea-aireuropa-jpg.webp 500w, https:\/\/viajes.estropical.com\/\/wp-content\/uploads\/2022\/10\/aerolinea-aireuropa-300x240.jpg 300w\" sizes=\"(max-width: 500px) 100vw, 500px\" \/>\t\t\t\t\t\t\t\t<\/a>\n\t\t\t\t\t\t\t\t\t\t\t\t\t\t\t<\/div>\n\t\t\t\t<\/div>\n\t\t\t\t<div class=\"elementor-element elementor-element-09bcf4f elementor-widget elementor-widget-heading\" data-id=\"09bcf4f\" data-element_type=\"widget\" data-widget_type=\"heading.default\">\n\t\t\t\t<div class=\"elementor-widget-container\">\n\t\t\t\t\t<h2 class=\"elementor-heading-title elementor-size-default\"><a href=\"https:\/\/viajes.estropical.com\/en\/aerolineas\/aireuropa\/\">Air Europa<\/a><\/h2>\t\t\t\t<\/div>\n\t\t\t\t<\/div>\n\t\t\t\t\t<\/div>\n\t\t<\/div>\n\t\t\t\t<div class=\"elementor-column elementor-col-33 elementor-top-column elementor-element elementor-element-20c2273\" data-id=\"20c2273\" data-element_type=\"column\" data-settings=\"{&quot;background_background&quot;:&quot;classic&quot;}\">\n\t\t\t<div class=\"elementor-widget-wrap elementor-element-populated\">\n\t\t\t\t\t\t<div class=\"elementor-element elementor-element-6160a85 elementor-widget elementor-widget-image\" data-id=\"6160a85\" data-element_type=\"widget\" data-widget_type=\"image.default\">\n\t\t\t\t<div class=\"elementor-widget-container\">\n\t\t\t\t\t\t\t\t\t\t\t\t\t\t\t\t<a href=\"https:\/\/viajes.estropical.com\/en\/aerolineas\/aerolineasargentinas\/\">\n\t\t\t\t\t\t\t<img decoding=\"async\" width=\"500\" height=\"400\" src=\"https:\/\/viajes.estropical.com\/\/wp-content\/uploads\/2023\/06\/aerolineas-argentinas500x400-jpg.webp\" class=\"attachment-large size-large wp-image-5888\" alt=\"\" srcset=\"https:\/\/viajes.estropical.com\/\/wp-content\/uploads\/2023\/06\/aerolineas-argentinas500x400-jpg.webp 500w, https:\/\/viajes.estropical.com\/\/wp-content\/uploads\/2023\/06\/aerolineas-argentinas500x400-300x240.jpg 300w\" sizes=\"(max-width: 500px) 100vw, 500px\" \/>\t\t\t\t\t\t\t\t<\/a>\n\t\t\t\t\t\t\t\t\t\t\t\t\t\t\t<\/div>\n\t\t\t\t<\/div>\n\t\t\t\t<div class=\"elementor-element elementor-element-f7cce16 elementor-widget elementor-widget-heading\" data-id=\"f7cce16\" data-element_type=\"widget\" data-widget_type=\"heading.default\">\n\t\t\t\t<div class=\"elementor-widget-container\">\n\t\t\t\t\t<h2 class=\"elementor-heading-title elementor-size-default\"><a href=\"https:\/\/viajes.estropical.com\/en\/aerolineas\/aerolineasargentinas\/\">Aerol\u00edneas Argentinas<\/a><\/h2>\t\t\t\t<\/div>\n\t\t\t\t<\/div>\n\t\t\t\t\t<\/div>\n\t\t<\/div>\n\t\t\t\t\t<\/div>\n\t\t<\/section>\n\t\t\t\t<\/div>","protected":false},"excerpt":{"rendered":"<p>Aerol\u00edneas Encuentra vuelos muy econ\u00f3micos con las diferentes aerol\u00edneas con las que trabajamos. BoA Air Europa Aerol\u00edneas Argentinas<\/p>","protected":false},"author":14,"featured_media":0,"parent":0,"menu_order":0,"comment_status":"closed","ping_status":"closed","template":"","meta":{"content-type":"","site-sidebar-layout":"no-sidebar","site-content-layout":"page-builder","ast-site-content-layout":"full-width-container","site-content-style":"unboxed","site-sidebar-style":"unboxed","ast-global-header-display":"","ast-banner-title-visibility":"","ast-main-header-display":"","ast-hfb-above-header-display":"","ast-hfb-below-header-display":"","ast-hfb-mobile-header-display":"","site-post-title":"disabled","ast-breadcrumbs-content":"","ast-featured-img":"disabled","footer-sml-layout":"","theme-transparent-header-meta":"default","adv-header-id-meta":"","stick-header-meta":"","header-above-stick-meta":"","header-main-stick-meta":"","header-below-stick-meta":"","astra-migrate-meta-layouts":"set","ast-page-background-enabled":"default","ast-page-background-meta":{"desktop":{"background-color":"var(--ast-global-color-4)","background-image":"","background-repeat":"repeat","background-position":"center center","background-size":"auto","background-attachment":"scroll","background-type":"","background-media":"","overlay-type":"","overlay-color":"","overlay-opacity":"","overlay-gradient":""},"tablet":{"background-color":"","background-image":"","background-repeat":"repeat","background-position":"center center","background-size":"auto","background-attachment":"scroll","background-type":"","background-media":"","overlay-type":"","overlay-color":"","overlay-opacity":"","overlay-gradient":""},"mobile":{"background-color":"","background-image":"","background-repeat":"repeat","background-position":"center center","background-size":"auto","background-attachment":"scroll","background-type":"","background-media":"","overlay-type":"","overlay-color":"","overlay-opacity":"","overlay-gradient":""}},"ast-content-background-meta":{"desktop":{"background-color":"var(--ast-global-color-5)","background-image":"","background-repeat":"repeat","background-position":"center center","background-size":"auto","background-attachment":"scroll","background-type":"","background-media":"","overlay-type":"","overlay-color":"","overlay-opacity":"","overlay-gradient":""},"tablet":{"background-color":"var(--ast-global-color-5)","background-image":"","background-repeat":"repeat","background-position":"center center","background-size":"auto","background-attachment":"scroll","background-type":"","background-media":"","overlay-type":"","overlay-color":"","overlay-opacity":"","overlay-gradient":""},"mobile":{"background-color":"var(--ast-global-color-5)","background-image":"","background-repeat":"repeat","background-position":"center center","background-size":"auto","background-attachment":"scroll","background-type":"","background-media":"","overlay-type":"","overlay-color":"","overlay-opacity":"","overlay-gradient":""}},"footnotes":""},"class_list":["post-4094","page","type-page","status-publish","hentry"],"yoast_head":"<!-- This site is optimized with the Yoast SEO plugin v26.7 - https:\/\/yoast.com\/wordpress\/plugins\/seo\/ -->\n<title>Aerolineas - estropical.com | Paquetes, Vuelos y Hoteles Baratos<\/title>\n<meta name=\"description\" content=\"M\u00e1s de 530 opciones de Aerol\u00edneas para hacer tu viajes so\u00f1ado. BoA, Air Europa, Aerol\u00edneas Argentinas y muchas m\u00e1s.\" \/>\n<meta name=\"robots\" content=\"index, follow, max-snippet:-1, max-image-preview:large, max-video-preview:-1\" \/>\n<link rel=\"canonical\" href=\"https:\/\/viajes.estropical.com\/en\/aerolineas\/\" \/>\n<meta property=\"og:locale\" content=\"en_US\" \/>\n<meta property=\"og:type\" content=\"article\" \/>\n<meta property=\"og:title\" content=\"Aerolineas - estropical.com | Paquetes, Vuelos y Hoteles Baratos\" \/>\n<meta property=\"og:description\" content=\"M\u00e1s de 530 opciones de Aerol\u00edneas para hacer tu viajes so\u00f1ado. BoA, Air Europa, Aerol\u00edneas Argentinas y muchas m\u00e1s.\" \/>\n<meta property=\"og:url\" content=\"https:\/\/viajes.estropical.com\/en\/aerolineas\/\" \/>\n<meta property=\"og:site_name\" content=\"estropical.com | Paquetes, Vuelos y Hoteles Baratos\" \/>\n<meta property=\"article:publisher\" content=\"https:\/\/www.facebook.com\/estropicalcom\" \/>\n<meta property=\"article:modified_time\" content=\"2023-10-11T16:59:53+00:00\" \/>\n<meta property=\"og:image\" content=\"https:\/\/viajes.estropical.com\/\/wp-content\/uploads\/2022\/10\/aerolinea-boa-jpg.webp\" \/>\n<meta name=\"twitter:card\" content=\"summary_large_image\" \/>\n<meta name=\"twitter:label1\" content=\"Est. reading time\" \/>\n\t<meta name=\"twitter:data1\" content=\"1 minute\" \/>\n<script type=\"application\/ld+json\" class=\"yoast-schema-graph\">{\"@context\":\"https:\/\/schema.org\",\"@graph\":[{\"@type\":\"WebPage\",\"@id\":\"https:\/\/viajes.estropical.com\/en\/aerolineas\/\",\"url\":\"https:\/\/viajes.estropical.com\/en\/aerolineas\/\",\"name\":\"Aerolineas - estropical.com | Paquetes, Vuelos y Hoteles Baratos\",\"isPartOf\":{\"@id\":\"https:\/\/viajes.estropical.com\/en\/#website\"},\"primaryImageOfPage\":{\"@id\":\"https:\/\/viajes.estropical.com\/en\/aerolineas\/#primaryimage\"},\"image\":{\"@id\":\"https:\/\/viajes.estropical.com\/en\/aerolineas\/#primaryimage\"},\"thumbnailUrl\":\"https:\/\/viajes.estropical.com\/\/wp-content\/uploads\/2022\/10\/aerolinea-boa-jpg.webp\",\"datePublished\":\"2022-10-07T18:57:34+00:00\",\"dateModified\":\"2023-10-11T16:59:53+00:00\",\"description\":\"M\u00e1s de 530 opciones de Aerol\u00edneas para hacer tu viajes so\u00f1ado. BoA, Air Europa, Aerol\u00edneas Argentinas y muchas m\u00e1s.\",\"breadcrumb\":{\"@id\":\"https:\/\/viajes.estropical.com\/en\/aerolineas\/#breadcrumb\"},\"inLanguage\":\"en-US\",\"potentialAction\":[{\"@type\":\"ReadAction\",\"target\":[\"https:\/\/viajes.estropical.com\/en\/aerolineas\/\"]}]},{\"@type\":\"ImageObject\",\"inLanguage\":\"en-US\",\"@id\":\"https:\/\/viajes.estropical.com\/en\/aerolineas\/#primaryimage\",\"url\":\"https:\/\/viajes.estropical.com\/\/wp-content\/uploads\/2022\/10\/aerolinea-boa-jpg.webp\",\"contentUrl\":\"https:\/\/viajes.estropical.com\/\/wp-content\/uploads\/2022\/10\/aerolinea-boa-jpg.webp\"},{\"@type\":\"BreadcrumbList\",\"@id\":\"https:\/\/viajes.estropical.com\/en\/aerolineas\/#breadcrumb\",\"itemListElement\":[{\"@type\":\"ListItem\",\"position\":1,\"name\":\"Portada\",\"item\":\"https:\/\/viajes.estropical.com\/\"},{\"@type\":\"ListItem\",\"position\":2,\"name\":\"Aerolineas\"}]},{\"@type\":\"WebSite\",\"@id\":\"https:\/\/viajes.estropical.com\/en\/#website\",\"url\":\"https:\/\/viajes.estropical.com\/en\/\",\"name\":\"estropical.com | Paquetes, Vuelos y Hoteles Baratos\",\"description\":\"\",\"publisher\":{\"@id\":\"https:\/\/viajes.estropical.com\/en\/#organization\"},\"potentialAction\":[{\"@type\":\"SearchAction\",\"target\":{\"@type\":\"EntryPoint\",\"urlTemplate\":\"https:\/\/viajes.estropical.com\/en\/?s={search_term_string}\"},\"query-input\":{\"@type\":\"PropertyValueSpecification\",\"valueRequired\":true,\"valueName\":\"search_term_string\"}}],\"inLanguage\":\"en-US\"},{\"@type\":\"Organization\",\"@id\":\"https:\/\/viajes.estropical.com\/en\/#organization\",\"name\":\"estropical.com | Paquetes, Vuelos y Hoteles Baratos\",\"url\":\"https:\/\/viajes.estropical.com\/en\/\",\"logo\":{\"@type\":\"ImageObject\",\"inLanguage\":\"en-US\",\"@id\":\"https:\/\/viajes.estropical.com\/en\/#\/schema\/logo\/image\/\",\"url\":\"https:\/\/viajes.estropical.com\/\/wp-content\/uploads\/2022\/07\/logo-estropical-opengraph.png\",\"contentUrl\":\"https:\/\/viajes.estropical.com\/\/wp-content\/uploads\/2022\/07\/logo-estropical-opengraph.png\",\"width\":200,\"height\":200,\"caption\":\"estropical.com | Paquetes, Vuelos y Hoteles Baratos\"},\"image\":{\"@id\":\"https:\/\/viajes.estropical.com\/en\/#\/schema\/logo\/image\/\"},\"sameAs\":[\"https:\/\/www.facebook.com\/estropicalcom\"]}]}<\/script>\n<!-- \/ Yoast SEO plugin. -->","yoast_head_json":{"title":"Aerolineas - estropical.com | Paquetes, Vuelos y Hoteles Baratos","description":"M\u00e1s de 530 opciones de Aerol\u00edneas para hacer tu viajes so\u00f1ado. BoA, Air Europa, Aerol\u00edneas Argentinas y muchas m\u00e1s.","robots":{"index":"index","follow":"follow","max-snippet":"max-snippet:-1","max-image-preview":"max-image-preview:large","max-video-preview":"max-video-preview:-1"},"canonical":"https:\/\/viajes.estropical.com\/en\/aerolineas\/","og_locale":"en_US","og_type":"article","og_title":"Aerolineas - estropical.com | Paquetes, Vuelos y Hoteles Baratos","og_description":"M\u00e1s de 530 opciones de Aerol\u00edneas para hacer tu viajes so\u00f1ado. BoA, Air Europa, Aerol\u00edneas Argentinas y muchas m\u00e1s.","og_url":"https:\/\/viajes.estropical.com\/en\/aerolineas\/","og_site_name":"estropical.com | Paquetes, Vuelos y Hoteles Baratos","article_publisher":"https:\/\/www.facebook.com\/estropicalcom","article_modified_time":"2023-10-11T16:59:53+00:00","og_image":[{"url":"https:\/\/viajes.estropical.com\/\/wp-content\/uploads\/2022\/10\/aerolinea-boa-jpg.webp","type":"","width":"","height":""}],"twitter_card":"summary_large_image","twitter_misc":{"Est. reading time":"1 minute"},"schema":{"@context":"https:\/\/schema.org","@graph":[{"@type":"WebPage","@id":"https:\/\/viajes.estropical.com\/en\/aerolineas\/","url":"https:\/\/viajes.estropical.com\/en\/aerolineas\/","name":"Aerolineas - estropical.com | Paquetes, Vuelos y Hoteles Baratos","isPartOf":{"@id":"https:\/\/viajes.estropical.com\/en\/#website"},"primaryImageOfPage":{"@id":"https:\/\/viajes.estropical.com\/en\/aerolineas\/#primaryimage"},"image":{"@id":"https:\/\/viajes.estropical.com\/en\/aerolineas\/#primaryimage"},"thumbnailUrl":"https:\/\/viajes.estropical.com\/\/wp-content\/uploads\/2022\/10\/aerolinea-boa-jpg.webp","datePublished":"2022-10-07T18:57:34+00:00","dateModified":"2023-10-11T16:59:53+00:00","description":"M\u00e1s de 530 opciones de Aerol\u00edneas para hacer tu viajes so\u00f1ado. BoA, Air Europa, Aerol\u00edneas Argentinas y muchas m\u00e1s.","breadcrumb":{"@id":"https:\/\/viajes.estropical.com\/en\/aerolineas\/#breadcrumb"},"inLanguage":"en-US","potentialAction":[{"@type":"ReadAction","target":["https:\/\/viajes.estropical.com\/en\/aerolineas\/"]}]},{"@type":"ImageObject","inLanguage":"en-US","@id":"https:\/\/viajes.estropical.com\/en\/aerolineas\/#primaryimage","url":"https:\/\/viajes.estropical.com\/\/wp-content\/uploads\/2022\/10\/aerolinea-boa-jpg.webp","contentUrl":"https:\/\/viajes.estropical.com\/\/wp-content\/uploads\/2022\/10\/aerolinea-boa-jpg.webp"},{"@type":"BreadcrumbList","@id":"https:\/\/viajes.estropical.com\/en\/aerolineas\/#breadcrumb","itemListElement":[{"@type":"ListItem","position":1,"name":"Portada","item":"https:\/\/viajes.estropical.com\/"},{"@type":"ListItem","position":2,"name":"Aerolineas"}]},{"@type":"WebSite","@id":"https:\/\/viajes.estropical.com\/en\/#website","url":"https:\/\/viajes.estropical.com\/en\/","name":"estropical.com | Paquetes, Vuelos y Hoteles Baratos","description":"","publisher":{"@id":"https:\/\/viajes.estropical.com\/en\/#organization"},"potentialAction":[{"@type":"SearchAction","target":{"@type":"EntryPoint","urlTemplate":"https:\/\/viajes.estropical.com\/en\/?s={search_term_string}"},"query-input":{"@type":"PropertyValueSpecification","valueRequired":true,"valueName":"search_term_string"}}],"inLanguage":"en-US"},{"@type":"Organization","@id":"https:\/\/viajes.estropical.com\/en\/#organization","name":"estropical.com | Paquetes, Vuelos y Hoteles Baratos","url":"https:\/\/viajes.estropical.com\/en\/","logo":{"@type":"ImageObject","inLanguage":"en-US","@id":"https:\/\/viajes.estropical.com\/en\/#\/schema\/logo\/image\/","url":"https:\/\/viajes.estropical.com\/\/wp-content\/uploads\/2022\/07\/logo-estropical-opengraph.png","contentUrl":"https:\/\/viajes.estropical.com\/\/wp-content\/uploads\/2022\/07\/logo-estropical-opengraph.png","width":200,"height":200,"caption":"estropical.com | Paquetes, Vuelos y Hoteles Baratos"},"image":{"@id":"https:\/\/viajes.estropical.com\/en\/#\/schema\/logo\/image\/"},"sameAs":["https:\/\/www.facebook.com\/estropicalcom"]}]}},"_links":{"self":[{"href":"https:\/\/viajes.estropical.com\/en\/wp-json\/wp\/v2\/pages\/4094","targetHints":{"allow":["GET"]}}],"collection":[{"href":"https:\/\/viajes.estropical.com\/en\/wp-json\/wp\/v2\/pages"}],"about":[{"href":"https:\/\/viajes.estropical.com\/en\/wp-json\/wp\/v2\/types\/page"}],"author":[{"embeddable":true,"href":"https:\/\/viajes.estropical.com\/en\/wp-json\/wp\/v2\/users\/14"}],"replies":[{"embeddable":true,"href":"https:\/\/viajes.estropical.com\/en\/wp-json\/wp\/v2\/comments?post=4094"}],"version-history":[{"count":4,"href":"https:\/\/viajes.estropical.com\/en\/wp-json\/wp\/v2\/pages\/4094\/revisions"}],"predecessor-version":[{"id":16967,"href":"https:\/\/viajes.estropical.com\/en\/wp-json\/wp\/v2\/pages\/4094\/revisions\/16967"}],"wp:attachment":[{"href":"https:\/\/viajes.estropical.com\/en\/wp-json\/wp\/v2\/media?parent=4094"}],"curies":[{"name":"wp","href":"https:\/\/api.w.org\/{rel}","templated":true}]}}