{"id":3762,"date":"2022-11-08T23:21:11","date_gmt":"2022-11-08T23:21:11","guid":{"rendered":"https:\/\/blog.estropical.com\/?page_id=3762"},"modified":"2025-06-27T17:24:44","modified_gmt":"2025-06-27T21:24:44","slug":"blog","status":"publish","type":"page","link":"https:\/\/viajes.estropical.com\/en\/blog\/","title":{"rendered":"Traveler's Blog"},"content":{"rendered":"<div data-elementor-type=\"wp-page\" data-elementor-id=\"3762\" class=\"elementor elementor-3762\">\n\t\t\t\t\t\t<section class=\"elementor-section elementor-top-section elementor-element elementor-element-daead52 elementor-section-boxed elementor-section-height-default elementor-section-height-default wpr-particle-no wpr-jarallax-no wpr-parallax-no wpr-sticky-section-no\" data-id=\"daead52\" data-element_type=\"section\">\n\t\t\t\t\t\t<div class=\"elementor-container elementor-column-gap-default\">\n\t\t\t\t\t<div class=\"elementor-column elementor-col-100 elementor-top-column elementor-element elementor-element-feb6e6a\" data-id=\"feb6e6a\" data-element_type=\"column\">\n\t\t\t<div class=\"elementor-widget-wrap elementor-element-populated\">\n\t\t\t\t\t\t<div class=\"elementor-element elementor-element-237f3b3 elementor-widget elementor-widget-image\" data-id=\"237f3b3\" data-element_type=\"widget\" data-widget_type=\"image.default\">\n\t\t\t\t<div class=\"elementor-widget-container\">\n\t\t\t\t\t\t\t\t\t\t\t\t\t\t\t<img decoding=\"async\" src=\"https:\/\/viajes.estropical.com\/\/wp-content\/uploads\/2023\/03\/BLOG-estropical.com_.png\" title=\"\" alt=\"\" loading=\"lazy\" \/>\t\t\t\t\t\t\t\t\t\t\t\t\t\t\t<\/div>\n\t\t\t\t<\/div>\n\t\t\t\t\t<\/div>\n\t\t<\/div>\n\t\t\t\t\t<\/div>\n\t\t<\/section>\n\t\t\t\t<section class=\"elementor-section elementor-top-section elementor-element elementor-element-e5b7377 elementor-section-boxed elementor-section-height-default elementor-section-height-default wpr-particle-no wpr-jarallax-no wpr-parallax-no wpr-sticky-section-no\" data-id=\"e5b7377\" data-element_type=\"section\">\n\t\t\t\t\t\t<div class=\"elementor-container elementor-column-gap-default\">\n\t\t\t\t\t<div class=\"elementor-column elementor-col-100 elementor-top-column elementor-element elementor-element-ccf4ddb\" data-id=\"ccf4ddb\" data-element_type=\"column\">\n\t\t\t<div class=\"elementor-widget-wrap elementor-element-populated\">\n\t\t\t\t\t\t<div class=\"elementor-element elementor-element-f43fe67 elementor-widget elementor-widget-heading\" data-id=\"f43fe67\" data-element_type=\"widget\" data-widget_type=\"heading.default\">\n\t\t\t\t<div class=\"elementor-widget-container\">\n\t\t\t\t\t<h2 class=\"elementor-heading-title elementor-size-default\"><i>Hello, traveler! <\/i><br><i>Welcome to the place where you <\/i><i>will be inspired to discover more destinations.<\/i><\/h2>\t\t\t\t<\/div>\n\t\t\t\t<\/div>\n\t\t\t\t<div class=\"elementor-element elementor-element-1b4b426 elementor-widget elementor-widget-text-editor\" data-id=\"1b4b426\" data-element_type=\"widget\" data-widget_type=\"text-editor.default\">\n\t\t\t\t<div class=\"elementor-widget-container\">\n\t\t\t\t\t\t\t\t\t<p><\/p>\n<p>On this site you will find tips, destination guides and useful information for your trips. We have a special section for those travelers with less experience in putting together an itinerary, we will share all the basic information and the best tips to plan a trip from scratch.&nbsp;&nbsp;<\/p>\n<p>In addition, we will be telling you curious facts about different destinations to entertain your traveling mind. We are happy to start this adventure with you. Let's go around the world together!&nbsp;<\/p>\n<p style=\"margin-bottom: 6pt;line-height: 115%;background-image: initial;background-position: initial;background-size: initial;background-attachment: initial\">\n<\/p>\t\t\t\t\t\t\t\t<\/div>\n\t\t\t\t<\/div>\n\t\t\t\t\t<\/div>\n\t\t<\/div>\n\t\t\t\t\t<\/div>\n\t\t<\/section>\n\t\t\t\t<section class=\"elementor-section elementor-top-section elementor-element elementor-element-93efa68 elementor-section-boxed elementor-section-height-default elementor-section-height-default wpr-particle-no wpr-jarallax-no wpr-parallax-no wpr-sticky-section-no\" data-id=\"93efa68\" data-element_type=\"section\">\n\t\t\t\t\t\t<div class=\"elementor-container elementor-column-gap-default\">\n\t\t\t\t\t<div class=\"elementor-column elementor-col-100 elementor-top-column elementor-element elementor-element-651725e\" data-id=\"651725e\" data-element_type=\"column\">\n\t\t\t<div class=\"elementor-widget-wrap elementor-element-populated\">\n\t\t\t\t<div class=\"elementor-element elementor-element-501c31c e-flex e-con-boxed wpr-particle-no wpr-jarallax-no wpr-parallax-no wpr-sticky-section-no e-con e-parent\" data-id=\"501c31c\" data-element_type=\"container\">\n\t\t\t\t\t<div class=\"e-con-inner\">\n\t\t\t\t\t<\/div>\n\t\t\t\t<\/div>\n\t\t\t\t\t<\/div>\n\t\t<\/div>\n\t\t\t\t\t<\/div>\n\t\t<\/section>\n\t\t\t\t<section class=\"elementor-section elementor-top-section elementor-element elementor-element-9029150 elementor-section-boxed elementor-section-height-default elementor-section-height-default wpr-particle-no wpr-jarallax-no wpr-parallax-no wpr-sticky-section-no\" data-id=\"9029150\" data-element_type=\"section\">\n\t\t\t\t\t\t<div class=\"elementor-container elementor-column-gap-default\">\n\t\t\t\t\t<div class=\"elementor-column elementor-col-100 elementor-top-column elementor-element elementor-element-7c58906\" data-id=\"7c58906\" data-element_type=\"column\">\n\t\t\t<div class=\"elementor-widget-wrap\">\n\t\t\t\t\t\t\t<\/div>\n\t\t<\/div>\n\t\t\t\t\t<\/div>\n\t\t<\/section>\n\t\t\t\t<\/div>","protected":false},"excerpt":{"rendered":"<p>\u00a1Hola, viajero! Bienvenido al lugar donde te inspirar\u00e1s a descubrir m\u00e1s destinos. En este sitio encontrar\u00e1s consejos, gu\u00edas de destino e informaci\u00f3n \u00fatil para tus viajes. Tenemos una secci\u00f3n especial para aquellos viajeros con menor experiencia en armar un itinerario, nosotros compartiremos toda la informaci\u00f3n b\u00e1sica y los mejores tips para planificar un viaje desde 0.&nbsp;&nbsp; Adem\u00e1s, estaremos cont\u00e1ndote datos curiosos sobre diferentes destinos para entretener tu mente viajera.&nbsp; Estamos felices de iniciar esta aventura contigo. \u00a1Vamos a darle la vuelta al mundo juntos!&nbsp; Curiosidades \ud83c\udfdf\ufe0f Las 7 catedrales deportivas m\u00e1s emblem\u00e1ticas de Buenos Aires Experimenta una conectividad sin complicaciones en tus viajes con la&#8230; Leer m\u00e1s junio 27, 2025 Curiosidades Top Destinos A\u00f1o Nuevo en Brasil: Gu\u00eda Completa para una Celebraci\u00f3n Inolvidable Celebra el A\u00f1o Nuevo en Brasil y descubre las mejores&#8230; Leer m\u00e1s octubre 3, 2024 Top Destinos Tips de Viaje 5 Razones para Comprar tus Pasajes con Maleta Incluida en Estropical.com y Ahorrar en tu Pr\u00f3ximo Viaje Viajar con tu mascota puede ser una experiencia maravillosa, pero&#8230; Leer m\u00e1s septiembre 25, 2024 Tips de Viaje Tips de Viaje Olvida los l\u00edmites de tus tarjetas bolivianas; viaja sin restricciones comprando en estropical.com Traemos una solucion excepcional Como estropical.com, traemos una soluci\u00f3n excepcional&#8230; Leer m\u00e1s septiembre 9, 2024 Tips de Viaje Planifica tu viaje El Secreto Revelado: \u00bfEs Verdad que Durante la Noche se Encuentran las Mejores Ofertas? Buenos Aires, conocida como la \u00abPar\u00eds de Am\u00e9rica del Sur\u00bb,&#8230; Leer m\u00e1s febrero 8, 2024 Planifica tu viaje Explorando Destinos Entre Rascacielos y Naturaleza: Los Parques Ocultos de Buenos Aires Explora los rincones verdes de Buenos Aires con estropical.com. Descubre&#8230; Leer m\u00e1s enero 30, 2024 Explorando Destinos Curiosidades Viaja conectado: Gu\u00eda Completa sobre eSIM Para Viajeros Experimenta una conectividad sin complicaciones en tus viajes con la&#8230; Leer m\u00e1s enero 23, 2024 Curiosidades Explorando Destinos SuMa Recoleta: El Arte de Hospedar en el Distrito M\u00e1s Exclusivo de Buenos Aires Buenos Aires, una ciudad llena de encanto y diversidad, es&#8230; Leer m\u00e1s enero 11, 2024 Explorando Destinos Tips de Viaje Agencia de Viaje Online, \u00bfla Mejor Opci\u00f3n? \u00bfEst\u00e1s emocionado por tu pr\u00f3xima aventura y a\u00fan no conoces&#8230; Leer m\u00e1s octubre 16, 2023 Tips de Viaje Top 4 Ciudades M\u00e1s Movidas de Europa Descubre las ciudades europeas imprescindibles para tu itinerario de viaje&#8230;. Leer m\u00e1s marzo 4, 2023 Top Destinos 5 Curiosidades Sobre Pa\u00edses que No Conoc\u00edas (Hasta Hoy) Explora el fascinante mundo de curiosidades viajeras con estropical.com. Desde&#8230; Leer m\u00e1s diciembre 6, 2022 Curiosidades Tips Para Planificar tu Viaje Desde Cero Descubre tips para planificar tu viaje desde cero con estropical.com&#8230;. Leer m\u00e1s diciembre 6, 2022 Planifica tu viaje<\/p>","protected":false},"author":14,"featured_media":0,"parent":0,"menu_order":0,"comment_status":"closed","ping_status":"closed","template":"","meta":{"content-type":"","site-sidebar-layout":"no-sidebar","site-content-layout":"page-builder","ast-site-content-layout":"full-width-container","site-content-style":"unboxed","site-sidebar-style":"unboxed","ast-global-header-display":"","ast-banner-title-visibility":"","ast-main-header-display":"","ast-hfb-above-header-display":"","ast-hfb-below-header-display":"","ast-hfb-mobile-header-display":"","site-post-title":"disabled","ast-breadcrumbs-content":"","ast-featured-img":"disabled","footer-sml-layout":"","theme-transparent-header-meta":"default","adv-header-id-meta":"","stick-header-meta":"","header-above-stick-meta":"","header-main-stick-meta":"","header-below-stick-meta":"","astra-migrate-meta-layouts":"set","ast-page-background-enabled":"default","ast-page-background-meta":{"desktop":{"background-color":"var(--ast-global-color-4)","background-image":"","background-repeat":"repeat","background-position":"center center","background-size":"auto","background-attachment":"scroll","background-type":"","background-media":"","overlay-type":"","overlay-color":"","overlay-opacity":"","overlay-gradient":""},"tablet":{"background-color":"","background-image":"","background-repeat":"repeat","background-position":"center center","background-size":"auto","background-attachment":"scroll","background-type":"","background-media":"","overlay-type":"","overlay-color":"","overlay-opacity":"","overlay-gradient":""},"mobile":{"background-color":"","background-image":"","background-repeat":"repeat","background-position":"center center","background-size":"auto","background-attachment":"scroll","background-type":"","background-media":"","overlay-type":"","overlay-color":"","overlay-opacity":"","overlay-gradient":""}},"ast-content-background-meta":{"desktop":{"background-color":"var(--ast-global-color-5)","background-image":"","background-repeat":"repeat","background-position":"center center","background-size":"auto","background-attachment":"scroll","background-type":"","background-media":"","overlay-type":"","overlay-color":"","overlay-opacity":"","overlay-gradient":""},"tablet":{"background-color":"var(--ast-global-color-5)","background-image":"","background-repeat":"repeat","background-position":"center center","background-size":"auto","background-attachment":"scroll","background-type":"","background-media":"","overlay-type":"","overlay-color":"","overlay-opacity":"","overlay-gradient":""},"mobile":{"background-color":"var(--ast-global-color-5)","background-image":"","background-repeat":"repeat","background-position":"center center","background-size":"auto","background-attachment":"scroll","background-type":"","background-media":"","overlay-type":"","overlay-color":"","overlay-opacity":"","overlay-gradient":""}},"footnotes":""},"class_list":["post-3762","page","type-page","status-publish","hentry"],"yoast_head":"<!-- This site is optimized with the Yoast SEO plugin v26.7 - https:\/\/yoast.com\/wordpress\/plugins\/seo\/ -->\n<title>estropical.com - Blog del Viajero, la mejor gu\u00eda para tus viajes<\/title>\n<meta name=\"description\" content=\"Encuentra consejos, gu\u00edas de destino e informaci\u00f3n \u00fatil para tus viajes Estamos felices de iniciar esta aventura contigo. \u00a1Vamos a darle la vuelta al mundo juntos!\" \/>\n<meta name=\"robots\" content=\"index, follow, max-snippet:-1, max-image-preview:large, max-video-preview:-1\" \/>\n<link rel=\"canonical\" href=\"https:\/\/viajes.estropical.com\/en\/blog\/\" \/>\n<meta property=\"og:locale\" content=\"en_US\" \/>\n<meta property=\"og:type\" content=\"article\" \/>\n<meta property=\"og:title\" content=\"estropical.com - Blog del Viajero, la mejor gu\u00eda para tus viajes\" \/>\n<meta property=\"og:description\" content=\"Encuentra consejos, gu\u00edas de destino e informaci\u00f3n \u00fatil para tus viajes Estamos felices de iniciar esta aventura contigo. \u00a1Vamos a darle la vuelta al mundo juntos!\" \/>\n<meta property=\"og:url\" content=\"https:\/\/viajes.estropical.com\/en\/blog\/\" \/>\n<meta property=\"og:site_name\" content=\"estropical.com | Paquetes, Vuelos y Hoteles Baratos\" \/>\n<meta property=\"article:publisher\" content=\"https:\/\/www.facebook.com\/estropicalcom\" \/>\n<meta property=\"article:modified_time\" content=\"2025-06-27T21:24:44+00:00\" \/>\n<meta property=\"og:image\" content=\"https:\/\/viajes.estropical.com\/\/wp-content\/uploads\/2023\/03\/BLOG-estropical.com_.png\" \/>\n<meta name=\"twitter:card\" content=\"summary_large_image\" \/>\n<meta name=\"twitter:label1\" content=\"Est. reading time\" \/>\n\t<meta name=\"twitter:data1\" content=\"5 minutes\" \/>\n<script type=\"application\/ld+json\" class=\"yoast-schema-graph\">{\"@context\":\"https:\/\/schema.org\",\"@graph\":[{\"@type\":\"WebPage\",\"@id\":\"https:\/\/viajes.estropical.com\/en\/blog\/\",\"url\":\"https:\/\/viajes.estropical.com\/en\/blog\/\",\"name\":\"estropical.com - Blog del Viajero, la mejor gu\u00eda para tus viajes\",\"isPartOf\":{\"@id\":\"https:\/\/viajes.estropical.com\/en\/#website\"},\"primaryImageOfPage\":{\"@id\":\"https:\/\/viajes.estropical.com\/en\/blog\/#primaryimage\"},\"image\":{\"@id\":\"https:\/\/viajes.estropical.com\/en\/blog\/#primaryimage\"},\"thumbnailUrl\":\"https:\/\/viajes.estropical.com\/\/wp-content\/uploads\/2023\/03\/BLOG-estropical.com_.png\",\"datePublished\":\"2022-11-08T23:21:11+00:00\",\"dateModified\":\"2025-06-27T21:24:44+00:00\",\"description\":\"Encuentra consejos, gu\u00edas de destino e informaci\u00f3n \u00fatil para tus viajes Estamos felices de iniciar esta aventura contigo. \u00a1Vamos a darle la vuelta al mundo juntos!\",\"breadcrumb\":{\"@id\":\"https:\/\/viajes.estropical.com\/en\/blog\/#breadcrumb\"},\"inLanguage\":\"en-US\",\"potentialAction\":[{\"@type\":\"ReadAction\",\"target\":[\"https:\/\/viajes.estropical.com\/en\/blog\/\"]}]},{\"@type\":\"ImageObject\",\"inLanguage\":\"en-US\",\"@id\":\"https:\/\/viajes.estropical.com\/en\/blog\/#primaryimage\",\"url\":\"https:\/\/viajes.estropical.com\/\/wp-content\/uploads\/2023\/03\/BLOG-estropical.com_.png\",\"contentUrl\":\"https:\/\/viajes.estropical.com\/\/wp-content\/uploads\/2023\/03\/BLOG-estropical.com_.png\"},{\"@type\":\"BreadcrumbList\",\"@id\":\"https:\/\/viajes.estropical.com\/en\/blog\/#breadcrumb\",\"itemListElement\":[{\"@type\":\"ListItem\",\"position\":1,\"name\":\"Portada\",\"item\":\"https:\/\/viajes.estropical.com\/\"},{\"@type\":\"ListItem\",\"position\":2,\"name\":\"Blog del Viajero\"}]},{\"@type\":\"WebSite\",\"@id\":\"https:\/\/viajes.estropical.com\/en\/#website\",\"url\":\"https:\/\/viajes.estropical.com\/en\/\",\"name\":\"estropical.com | Paquetes, Vuelos y Hoteles Baratos\",\"description\":\"\",\"publisher\":{\"@id\":\"https:\/\/viajes.estropical.com\/en\/#organization\"},\"potentialAction\":[{\"@type\":\"SearchAction\",\"target\":{\"@type\":\"EntryPoint\",\"urlTemplate\":\"https:\/\/viajes.estropical.com\/en\/?s={search_term_string}\"},\"query-input\":{\"@type\":\"PropertyValueSpecification\",\"valueRequired\":true,\"valueName\":\"search_term_string\"}}],\"inLanguage\":\"en-US\"},{\"@type\":\"Organization\",\"@id\":\"https:\/\/viajes.estropical.com\/en\/#organization\",\"name\":\"estropical.com | Paquetes, Vuelos y Hoteles Baratos\",\"url\":\"https:\/\/viajes.estropical.com\/en\/\",\"logo\":{\"@type\":\"ImageObject\",\"inLanguage\":\"en-US\",\"@id\":\"https:\/\/viajes.estropical.com\/en\/#\/schema\/logo\/image\/\",\"url\":\"https:\/\/viajes.estropical.com\/\/wp-content\/uploads\/2022\/07\/logo-estropical-opengraph.png\",\"contentUrl\":\"https:\/\/viajes.estropical.com\/\/wp-content\/uploads\/2022\/07\/logo-estropical-opengraph.png\",\"width\":200,\"height\":200,\"caption\":\"estropical.com | Paquetes, Vuelos y Hoteles Baratos\"},\"image\":{\"@id\":\"https:\/\/viajes.estropical.com\/en\/#\/schema\/logo\/image\/\"},\"sameAs\":[\"https:\/\/www.facebook.com\/estropicalcom\"]}]}<\/script>\n<!-- \/ Yoast SEO plugin. -->","yoast_head_json":{"title":"estropical.com - Blog del Viajero, la mejor gu\u00eda para tus viajes","description":"Encuentra consejos, gu\u00edas de destino e informaci\u00f3n \u00fatil para tus viajes Estamos felices de iniciar esta aventura contigo. \u00a1Vamos a darle la vuelta al mundo juntos!","robots":{"index":"index","follow":"follow","max-snippet":"max-snippet:-1","max-image-preview":"max-image-preview:large","max-video-preview":"max-video-preview:-1"},"canonical":"https:\/\/viajes.estropical.com\/en\/blog\/","og_locale":"en_US","og_type":"article","og_title":"estropical.com - Blog del Viajero, la mejor gu\u00eda para tus viajes","og_description":"Encuentra consejos, gu\u00edas de destino e informaci\u00f3n \u00fatil para tus viajes Estamos felices de iniciar esta aventura contigo. \u00a1Vamos a darle la vuelta al mundo juntos!","og_url":"https:\/\/viajes.estropical.com\/en\/blog\/","og_site_name":"estropical.com | Paquetes, Vuelos y Hoteles Baratos","article_publisher":"https:\/\/www.facebook.com\/estropicalcom","article_modified_time":"2025-06-27T21:24:44+00:00","og_image":[{"url":"https:\/\/viajes.estropical.com\/\/wp-content\/uploads\/2023\/03\/BLOG-estropical.com_.png","type":"","width":"","height":""}],"twitter_card":"summary_large_image","twitter_misc":{"Est. reading time":"5 minutes"},"schema":{"@context":"https:\/\/schema.org","@graph":[{"@type":"WebPage","@id":"https:\/\/viajes.estropical.com\/en\/blog\/","url":"https:\/\/viajes.estropical.com\/en\/blog\/","name":"estropical.com - Blog del Viajero, la mejor gu\u00eda para tus viajes","isPartOf":{"@id":"https:\/\/viajes.estropical.com\/en\/#website"},"primaryImageOfPage":{"@id":"https:\/\/viajes.estropical.com\/en\/blog\/#primaryimage"},"image":{"@id":"https:\/\/viajes.estropical.com\/en\/blog\/#primaryimage"},"thumbnailUrl":"https:\/\/viajes.estropical.com\/\/wp-content\/uploads\/2023\/03\/BLOG-estropical.com_.png","datePublished":"2022-11-08T23:21:11+00:00","dateModified":"2025-06-27T21:24:44+00:00","description":"Encuentra consejos, gu\u00edas de destino e informaci\u00f3n \u00fatil para tus viajes Estamos felices de iniciar esta aventura contigo. \u00a1Vamos a darle la vuelta al mundo juntos!","breadcrumb":{"@id":"https:\/\/viajes.estropical.com\/en\/blog\/#breadcrumb"},"inLanguage":"en-US","potentialAction":[{"@type":"ReadAction","target":["https:\/\/viajes.estropical.com\/en\/blog\/"]}]},{"@type":"ImageObject","inLanguage":"en-US","@id":"https:\/\/viajes.estropical.com\/en\/blog\/#primaryimage","url":"https:\/\/viajes.estropical.com\/\/wp-content\/uploads\/2023\/03\/BLOG-estropical.com_.png","contentUrl":"https:\/\/viajes.estropical.com\/\/wp-content\/uploads\/2023\/03\/BLOG-estropical.com_.png"},{"@type":"BreadcrumbList","@id":"https:\/\/viajes.estropical.com\/en\/blog\/#breadcrumb","itemListElement":[{"@type":"ListItem","position":1,"name":"Portada","item":"https:\/\/viajes.estropical.com\/"},{"@type":"ListItem","position":2,"name":"Blog del Viajero"}]},{"@type":"WebSite","@id":"https:\/\/viajes.estropical.com\/en\/#website","url":"https:\/\/viajes.estropical.com\/en\/","name":"estropical.com | Paquetes, Vuelos y Hoteles Baratos","description":"","publisher":{"@id":"https:\/\/viajes.estropical.com\/en\/#organization"},"potentialAction":[{"@type":"SearchAction","target":{"@type":"EntryPoint","urlTemplate":"https:\/\/viajes.estropical.com\/en\/?s={search_term_string}"},"query-input":{"@type":"PropertyValueSpecification","valueRequired":true,"valueName":"search_term_string"}}],"inLanguage":"en-US"},{"@type":"Organization","@id":"https:\/\/viajes.estropical.com\/en\/#organization","name":"estropical.com | Paquetes, Vuelos y Hoteles Baratos","url":"https:\/\/viajes.estropical.com\/en\/","logo":{"@type":"ImageObject","inLanguage":"en-US","@id":"https:\/\/viajes.estropical.com\/en\/#\/schema\/logo\/image\/","url":"https:\/\/viajes.estropical.com\/\/wp-content\/uploads\/2022\/07\/logo-estropical-opengraph.png","contentUrl":"https:\/\/viajes.estropical.com\/\/wp-content\/uploads\/2022\/07\/logo-estropical-opengraph.png","width":200,"height":200,"caption":"estropical.com | Paquetes, Vuelos y Hoteles Baratos"},"image":{"@id":"https:\/\/viajes.estropical.com\/en\/#\/schema\/logo\/image\/"},"sameAs":["https:\/\/www.facebook.com\/estropicalcom"]}]}},"_links":{"self":[{"href":"https:\/\/viajes.estropical.com\/en\/wp-json\/wp\/v2\/pages\/3762","targetHints":{"allow":["GET"]}}],"collection":[{"href":"https:\/\/viajes.estropical.com\/en\/wp-json\/wp\/v2\/pages"}],"about":[{"href":"https:\/\/viajes.estropical.com\/en\/wp-json\/wp\/v2\/types\/page"}],"author":[{"embeddable":true,"href":"https:\/\/viajes.estropical.com\/en\/wp-json\/wp\/v2\/users\/14"}],"replies":[{"embeddable":true,"href":"https:\/\/viajes.estropical.com\/en\/wp-json\/wp\/v2\/comments?post=3762"}],"version-history":[{"count":55,"href":"https:\/\/viajes.estropical.com\/en\/wp-json\/wp\/v2\/pages\/3762\/revisions"}],"predecessor-version":[{"id":18226,"href":"https:\/\/viajes.estropical.com\/en\/wp-json\/wp\/v2\/pages\/3762\/revisions\/18226"}],"wp:attachment":[{"href":"https:\/\/viajes.estropical.com\/en\/wp-json\/wp\/v2\/media?parent=3762"}],"curies":[{"name":"wp","href":"https:\/\/api.w.org\/{rel}","templated":true}]}}