{"id":16281,"date":"2024-06-25T14:14:09","date_gmt":"2024-06-25T18:14:09","guid":{"rendered":"https:\/\/viajes.estropical.com\/?page_id=16281"},"modified":"2024-06-25T15:47:58","modified_gmt":"2024-06-25T19:47:58","slug":"vacaciones-en-cuotas-estropical-com","status":"publish","type":"page","link":"https:\/\/viajes.estropical.com\/en\/ofertas\/vacaciones-en-cuotas-estropical-com\/","title":{"rendered":"Vacaciones en cuotas | estropical.com"},"content":{"rendered":"<div data-elementor-type=\"wp-page\" data-elementor-id=\"16281\" class=\"elementor elementor-16281\">\n\t\t\t\t<div class=\"elementor-element elementor-element-b21973c e-con-full elementor-hidden-mobile e-flex wpr-particle-no wpr-jarallax-no wpr-parallax-no wpr-sticky-section-no e-con e-parent\" data-id=\"b21973c\" data-element_type=\"container\">\n\t\t\t\t<div class=\"elementor-element elementor-element-c32ec47 elementor-widget elementor-widget-image\" data-id=\"c32ec47\" data-element_type=\"widget\" data-widget_type=\"image.default\">\n\t\t\t\t<div class=\"elementor-widget-container\">\n\t\t\t\t\t\t\t\t\t\t\t\t\t\t\t<img decoding=\"async\" src=\"https:\/\/viajes.estropical.com\/\/wp-content\/uploads\/2024\/06\/BANNER-1500X400-VACACIONES-EN-CUOTAS.png\" title=\"\" alt=\"\" loading=\"lazy\" \/>\t\t\t\t\t\t\t\t\t\t\t\t\t\t\t<\/div>\n\t\t\t\t<\/div>\n\t\t\t\t<\/div>\n\t\t<div class=\"elementor-element elementor-element-a5afa33 e-con-full elementor-hidden-desktop elementor-hidden-tablet e-flex wpr-particle-no wpr-jarallax-no wpr-parallax-no wpr-sticky-section-no e-con e-parent\" data-id=\"a5afa33\" data-element_type=\"container\">\n\t\t\t\t<div class=\"elementor-element elementor-element-572bde5 elementor-widget elementor-widget-image\" data-id=\"572bde5\" data-element_type=\"widget\" data-widget_type=\"image.default\">\n\t\t\t\t<div class=\"elementor-widget-container\">\n\t\t\t\t\t\t\t\t\t\t\t\t\t\t\t<img decoding=\"async\" src=\"https:\/\/viajes.estropical.com\/\/wp-content\/uploads\/2024\/06\/1BANNER-768x720-VACACIONES-EN-CUOTAS-SB.png\" title=\"\" alt=\"\" loading=\"lazy\" \/>\t\t\t\t\t\t\t\t\t\t\t\t\t\t\t<\/div>\n\t\t\t\t<\/div>\n\t\t\t\t<\/div>\n\t\t<div class=\"elementor-element elementor-element-fc81208 e-con-full e-flex wpr-particle-no wpr-jarallax-no wpr-parallax-no wpr-sticky-section-no e-con e-parent\" data-id=\"fc81208\" data-element_type=\"container\">\n\t\t\t\t<div class=\"elementor-element elementor-element-5e2669b elementor-widget elementor-widget-shortcode\" data-id=\"5e2669b\" data-element_type=\"widget\" data-widget_type=\"shortcode.default\">\n\t\t\t\t<div class=\"elementor-widget-container\">\n\t\t\t\t\t\t\t<div class=\"elementor-shortcode\"><\/div>\n\t\t\t\t\t\t<\/div>\n\t\t\t\t<\/div>\n\t\t\t\t<\/div>\n\t\t<div class=\"elementor-element elementor-element-0909dc0 e-flex e-con-boxed wpr-particle-no wpr-jarallax-no wpr-parallax-no wpr-sticky-section-no e-con e-parent\" data-id=\"0909dc0\" data-element_type=\"container\">\n\t\t\t\t\t<div class=\"e-con-inner\">\n\t\t\t\t<div class=\"elementor-element elementor-element-8bc9228 elementor-widget elementor-widget-html\" data-id=\"8bc9228\" data-element_type=\"widget\" data-widget_type=\"html.default\">\n\t\t\t\t<div class=\"elementor-widget-container\">\n\t\t\t\t\t<link rel=\"stylesheet\" href=\"https:\/\/cdn.jsdelivr.net\/npm\/bootstrap@5.3.2\/dist\/css\/bootstrap.min.css\">\n<link rel=\"stylesheet\" href=\"https:\/\/viajes.estropical.com\/googlesheetphpnew\/getproducts3.css?c=50\">\n<script src=\"https:\/\/viajes.estropical.com\/googlesheetphpnew\/getproducts2024.js?c=10\"><\/script>\n\n<style>\nbody{\n    background-color:#fbfbfb !important;\n}\n\n.precioahora{\n    font-size:30px !important;\n}\n\n.boton-comprar{\n    border-bottom-left-radius: 0px;\n    border-bottom-right-radius: 0px;\n    text-transform: capitalize !important;\n    font-size: 16px;\n    border-bottom-left-radius: 7px;\n    border-bottom-right-radius: 7px;\n    background-color: #0047ba !important;\n}\n\n.boton-whatsapp{\n    color:#0047ba;\n    padding-top: 10px;\n    padding-bottom: 10px;\n    border-radius:7px;\n    text-align: center;\n    border: 2px solid #0047ba;\n    margin-top:10px;\n}\n\n.boton-whatsapp:hover{\n    background-color:#ffffff;\n}\n\n\n\n.boton-whatsapp img{\n    display: inline-block;\n}\n\n.tituloseccion{\n    font-size:25px;\n    line-height:25px;\n    font-weight:700;\n    margin-top:30px;\n}\n\n.contenido-producto-paquete p{\n    margin-top:5px;\n    margin-bottom:5px;\n}   \n    \n.contenido-producto-paquete{\n    border:1px solid #cccccc;\n    background-color:#ffffff;\n    min-height:390px !important;\n}\n\n.contenido-producto-aereo{\n    border:1px solid #cccccc;\n    background-color:#ffffff;\n    min-height:200px !important;\n}  \n\n.tituloseccion{\n    margin-bottom:0 !important;\n}\n\n.imagen-producto{\n    height:200px !important;\n}\n\n.equipaje img{\n    display:inline-block;\n}\n\n\n.col-9, .col-sm-9{\n    padding-left: 0 !important;\n}\n\n<\/style>\t\t\t\t<\/div>\n\t\t\t\t<\/div>\n\t\t\t\t<div class=\"elementor-element elementor-element-0f45778 elementor-widget elementor-widget-html\" data-id=\"0f45778\" data-element_type=\"widget\" data-widget_type=\"html.default\">\n\t\t\t\t<div class=\"elementor-widget-container\">\n\t\t\t\t\t<a id=\"paquetes\"><\/a>\n<p class=\"tituloseccion\">Paquetes<\/p>\n<div id=\"contenedorpaquetes\"><\/div>\n\n<script>\n\nobtenerproductoscategoria('contenedorpaquetes','Paquete');\n\n\nfunction obtenerproductoscategoria(contenedor,categoria){\n    var contenidoproductos = document.getElementById(contenedor);\n    contenidoproductos.innerHTML = \"\";\n    const xmlhttp = new XMLHttpRequest();\n    xmlhttp.onload = function() {\n        const myObj = JSON.parse(this.responseText);\n        contenidoproductos.innerHTML = mostrarproductosencuotas(myObj,categoria,true,\"web\",\"CTAProducto\",\"LandingVacacionesenCuotas\");\n    }\n    xmlhttp.open(\"GET\", \"https:\/\/viajes.estropical.com\/productos\/vacacionesencuotas.json\");\n    xmlhttp.send();\t    \n}\n\n\n<\/script>\n\n\n\t\t\t\t<\/div>\n\t\t\t\t<\/div>\n\t\t\t\t<div class=\"elementor-element elementor-element-722b5b3 elementor-widget elementor-widget-heading\" data-id=\"722b5b3\" data-element_type=\"widget\" data-widget_type=\"heading.default\">\n\t\t\t\t<div class=\"elementor-widget-container\">\n\t\t\t\t\t<h2 class=\"elementor-heading-title elementor-size-default\">Frequent questions<\/h2>\t\t\t\t<\/div>\n\t\t\t\t<\/div>\n\t\t\t\t\t<\/div>\n\t\t\t\t<\/div>\n\t\t<div class=\"elementor-element elementor-element-b8e2aaf e-flex e-con-boxed wpr-particle-no wpr-jarallax-no wpr-parallax-no wpr-sticky-section-no e-con e-parent\" data-id=\"b8e2aaf\" data-element_type=\"container\">\n\t\t\t\t\t<div class=\"e-con-inner\">\n\t\t\t\t<div class=\"elementor-element elementor-element-68b046a elementor-widget elementor-widget-heading\" data-id=\"68b046a\" data-element_type=\"widget\" data-widget_type=\"heading.default\">\n\t\t\t\t<div class=\"elementor-widget-container\">\n\t\t\t\t\t<h2 class=\"elementor-heading-title elementor-size-default\">\u00a1Aprovecha las ofertas de Vacaciones en Cuotas!\n<\/h2>\t\t\t\t<\/div>\n\t\t\t\t<\/div>\n\t\t\t\t<div class=\"elementor-element elementor-element-c955c9c elementor-widget elementor-widget-text-editor\" data-id=\"c955c9c\" data-element_type=\"widget\" data-widget_type=\"text-editor.default\">\n\t\t\t\t<div class=\"elementor-widget-container\">\n\t\t\t\t\t\t\t\t\t<div class=\"row\"><div class=\"col\"><div class=\"contenedor\"><div class=\"row\"><div class=\"col-sm\"><div class=\"row\"><div class=\"col\"><div class=\"container\"><div class=\"row\"><div class=\"col-sm\"><div class=\"container\"><div class=\"row\"><div class=\"col-sm\"><p>Disfruta de las ofertas vacaciones en cuotas con las mejores ofertas de viajes. En esta edici\u00f3n de vacaciones en cuotas, contamos con incre\u00edbles descuentos en Pasajes Baratos, Hoteles en oferta, Paquetes Tur\u00edsticos, Alquiler de Autos, y mucho m\u00e1s. Vas a poder aprovechar nuestras promociones de viajes a los mejores destinos para que puedas disfrutar al m\u00e1ximo de tus vacaciones. Planifica tu viaje disfrutando de las incre\u00edbles tarifas de Pasajes baratos. Promociones a\u00e9reas al mejor precio a Miami, Sao Paulo, R\u00edo de Janeiro, Buenos Aires, Santiago de Chile, Lima, Bogot\u00e1 y m\u00e1s destinos para tu viaje. Aprovecha de comprar nuestras ofertas de Hoteles con precios incre\u00edbles y Paquetes tur\u00edsticos baratos a destinos del caribe como Punta Cana, Canc\u00fan, San Andr\u00e9s. Descubre los mejores precios para tus vacaciones a los destinos preferidos, contamos con una gran variedad de ofertas con tarifas en promociones a\u00e9reas para los destinos m\u00e1s importantes de Estados Unidos, Europa, Brasil, Argentina y el Caribe con grandes descuentos. \u00a1Tambi\u00e9n encuentras los mejores precios en cuotas sin inter\u00e9s con tu tarjeta de cr\u00e9dito del BCP! El momento de armar tu viaje con estropical.com es ahora. Compra en nuestras vacaciones en cuotas con grandes descuentos.<\/p><\/div><\/div><\/div><\/div><\/div><\/div><\/div><\/div><\/div><\/div><\/div><footer class=\"Footer\"><\/footer><\/div><\/div>\t\t\t\t\t\t\t\t<\/div>\n\t\t\t\t<\/div>\n\t\t\t\t\t<\/div>\n\t\t\t\t<\/div>\n\t\t\t\t<\/div>","protected":false},"excerpt":{"rendered":"<p>&nbsp; Paquetes Preguntas frecuentes \u00bfCu\u00e1ndo inicia y finaliza la promoci\u00f3n Vacaciones en Cuotas en estropical.com? La promoci\u00f3n Vacaciones en Cuotas inicia el 25 de Junio y finaliza el 30 de Junio \u00a1Aprovecha estos d\u00edas para obtener incre\u00edbles descuentos en tus viajes! \u00bfQu\u00e9 es un circuito de viajes? Un circuito de viajes es un paquete que incluye actividades planificadas para cada d\u00eda en diferentes destinos. El objetivo es que el viajero explore la mayor cantidad de lugares en el menor tiempo posible, maximizando la experiencia en cada parada. Estos circuitos ofrecen itinerarios eficientes y bien organizados para aprovechar al m\u00e1ximo tu tiempo de viaje. \u00bfCu\u00e1les son los destinos incluidos en la promoci\u00f3n?Los destinos incluidos en la promoci\u00f3n son Canc\u00fan, Punta Cana, Miami, Cartagena, Madrid, hoteles de primer nivel y muchos m\u00e1s. Explora nuestras ofertas y elige tu destino ideal. \u00bfCu\u00e1les son las temporadas ideales para viajar a destinos como Canc\u00fan, Punta Cana y Miami con ofertas de pasajes exclusivas? Consulta nuestras ofertas de pasajes y paquetes para estos destinos caribe\u00f1os en las temporadas recomendadas, donde podr\u00e1s disfrutar de experiencias \u00fanicas con tarifas especiales. \u00bfC\u00f3mo puedo obtener los descuentos durante las vacaciones en cuotas?Puedes obtener los descuentos realizando compras tanto en nuestras sucursales (https:\/\/viajes.estropical.com\/info\/sucursales\/) como a trav\u00e9s de nuestra p\u00e1gina web (https:\/\/www.estropical.com\/). \u00a1Elige la opci\u00f3n que m\u00e1s te convenga y disfruta de las ofertas exclusivas! \u00bfOfrecen servicios de asistencia durante el viaje?S\u00ed, estamos comprometidos a brindarte soporte durante todo tu viaje. Contamos con un equipo de asistencia dedicado que est\u00e1 disponible para brindarte la atenci\u00f3n que necesites. Ya sea una pregunta sobre tu itinerario o una situaci\u00f3n imprevista, estamos aqu\u00ed para ayudarte a que tu experiencia de viaje sea lo m\u00e1s fluida y agradable posible. \u00bfC\u00f3mo puedo realizar una compra en l\u00ednea durante la promoci\u00f3n?Realizar una compra en l\u00ednea es f\u00e1cil. Visita nuestra p\u00e1gina web (https:\/\/viajes.estropical.com\/ofertas\/vacaciones-en-cuotas-estropical-com\/) durante las vacaciones en cuotas y sigue los sencillos pasos para asegurar tus descuentos en viajes. \u00a1Aprovecha las ofertas de Vacaciones en Cuotas! Disfruta de las ofertas vacaciones en cuotas con las mejores ofertas de viajes. En esta edici\u00f3n de vacaciones en cuotas, contamos con incre\u00edbles descuentos en Pasajes Baratos, Hoteles en oferta, Paquetes Tur\u00edsticos, Alquiler de Autos, y mucho m\u00e1s. Vas a poder aprovechar nuestras promociones de viajes a los mejores destinos para que puedas disfrutar al m\u00e1ximo de tus vacaciones. Planifica tu viaje disfrutando de las incre\u00edbles tarifas de Pasajes baratos. Promociones a\u00e9reas al mejor precio a Miami, Sao Paulo, R\u00edo de Janeiro, Buenos Aires, Santiago de Chile, Lima, Bogot\u00e1 y m\u00e1s destinos para tu viaje. Aprovecha de comprar nuestras ofertas de Hoteles con precios incre\u00edbles y Paquetes tur\u00edsticos baratos a destinos del caribe como Punta Cana, Canc\u00fan, San Andr\u00e9s. Descubre los mejores precios para tus vacaciones a los destinos preferidos, contamos con una gran variedad de ofertas con tarifas en promociones a\u00e9reas para los destinos m\u00e1s importantes de Estados Unidos, Europa, Brasil, Argentina y el Caribe con grandes descuentos. \u00a1Tambi\u00e9n encuentras los mejores precios en cuotas sin inter\u00e9s con tu tarjeta de cr\u00e9dito del BCP! El momento de armar tu viaje con estropical.com es ahora. Compra en nuestras vacaciones en cuotas con grandes descuentos.<\/p>","protected":false},"author":14,"featured_media":0,"parent":14156,"menu_order":0,"comment_status":"closed","ping_status":"closed","template":"elementor_header_footer","meta":{"content-type":"","site-sidebar-layout":"no-sidebar","site-content-layout":"page-builder","ast-site-content-layout":"full-width-container","site-content-style":"unboxed","site-sidebar-style":"unboxed","ast-global-header-display":"","ast-banner-title-visibility":"","ast-main-header-display":"","ast-hfb-above-header-display":"","ast-hfb-below-header-display":"","ast-hfb-mobile-header-display":"","site-post-title":"disabled","ast-breadcrumbs-content":"","ast-featured-img":"disabled","footer-sml-layout":"","theme-transparent-header-meta":"default","adv-header-id-meta":"","stick-header-meta":"","header-above-stick-meta":"","header-main-stick-meta":"","header-below-stick-meta":"","astra-migrate-meta-layouts":"set","ast-page-background-enabled":"default","ast-page-background-meta":{"desktop":{"background-color":"var(--ast-global-color-4)","background-image":"","background-repeat":"repeat","background-position":"center center","background-size":"auto","background-attachment":"scroll","background-type":"","background-media":"","overlay-type":"","overlay-color":"","overlay-opacity":"","overlay-gradient":""},"tablet":{"background-color":"","background-image":"","background-repeat":"repeat","background-position":"center center","background-size":"auto","background-attachment":"scroll","background-type":"","background-media":"","overlay-type":"","overlay-color":"","overlay-opacity":"","overlay-gradient":""},"mobile":{"background-color":"","background-image":"","background-repeat":"repeat","background-position":"center center","background-size":"auto","background-attachment":"scroll","background-type":"","background-media":"","overlay-type":"","overlay-color":"","overlay-opacity":"","overlay-gradient":""}},"ast-content-background-meta":{"desktop":{"background-color":"var(--ast-global-color-5)","background-image":"","background-repeat":"repeat","background-position":"center center","background-size":"auto","background-attachment":"scroll","background-type":"","background-media":"","overlay-type":"","overlay-color":"","overlay-opacity":"","overlay-gradient":""},"tablet":{"background-color":"var(--ast-global-color-5)","background-image":"","background-repeat":"repeat","background-position":"center center","background-size":"auto","background-attachment":"scroll","background-type":"","background-media":"","overlay-type":"","overlay-color":"","overlay-opacity":"","overlay-gradient":""},"mobile":{"background-color":"var(--ast-global-color-5)","background-image":"","background-repeat":"repeat","background-position":"center center","background-size":"auto","background-attachment":"scroll","background-type":"","background-media":"","overlay-type":"","overlay-color":"","overlay-opacity":"","overlay-gradient":""}},"footnotes":""},"class_list":["post-16281","page","type-page","status-publish","hentry"],"yoast_head":"<!-- This site is optimized with the Yoast SEO plugin v26.7 - https:\/\/yoast.com\/wordpress\/plugins\/seo\/ -->\n<title>Vacaciones | estropical.com - Paquetes, Vuelos y Hoteles Baratos<\/title>\n<meta name=\"description\" content=\"Vacaciones en cuotas en estropical.com . Compra vuelos baratos, hoteles, paquetes y m\u00e1s. Visita incre\u00edbles destinos a los mejores precios. Aprovecha grandes descuentos!\" \/>\n<meta name=\"robots\" content=\"index, follow, max-snippet:-1, max-image-preview:large, max-video-preview:-1\" \/>\n<link rel=\"canonical\" href=\"https:\/\/viajes.estropical.com\/en\/ofertas\/vacaciones-en-cuotas-estropical-com\/\" \/>\n<meta property=\"og:locale\" content=\"en_US\" \/>\n<meta property=\"og:type\" content=\"article\" \/>\n<meta property=\"og:title\" content=\"Vacaciones | estropical.com - Paquetes, Vuelos y Hoteles Baratos\" \/>\n<meta property=\"og:description\" content=\"Vacaciones en cuotas en estropical.com . Compra vuelos baratos, hoteles, paquetes y m\u00e1s. Visita incre\u00edbles destinos a los mejores precios. Aprovecha grandes descuentos!\" \/>\n<meta property=\"og:url\" content=\"https:\/\/viajes.estropical.com\/en\/ofertas\/vacaciones-en-cuotas-estropical-com\/\" \/>\n<meta property=\"og:site_name\" content=\"estropical.com | Paquetes, Vuelos y Hoteles Baratos\" \/>\n<meta property=\"article:publisher\" content=\"https:\/\/www.facebook.com\/estropicalcom\" \/>\n<meta property=\"article:modified_time\" content=\"2024-06-25T19:47:58+00:00\" \/>\n<meta property=\"og:image\" content=\"https:\/\/viajes.estropical.com\/\/wp-content\/uploads\/2024\/06\/Grafica-Low-cost-ecommerce-mobile-sin-boton.jpg\" \/>\n\t<meta property=\"og:image:width\" content=\"768\" \/>\n\t<meta property=\"og:image:height\" content=\"720\" \/>\n\t<meta property=\"og:image:type\" content=\"image\/jpeg\" \/>\n<meta name=\"twitter:card\" content=\"summary_large_image\" \/>\n<meta name=\"twitter:label1\" content=\"Est. reading time\" \/>\n\t<meta name=\"twitter:data1\" content=\"3 minutes\" \/>\n<script type=\"application\/ld+json\" class=\"yoast-schema-graph\">{\"@context\":\"https:\/\/schema.org\",\"@graph\":[{\"@type\":\"WebPage\",\"@id\":\"https:\/\/viajes.estropical.com\/en\/ofertas\/vacaciones-en-cuotas-estropical-com\/\",\"url\":\"https:\/\/viajes.estropical.com\/en\/ofertas\/vacaciones-en-cuotas-estropical-com\/\",\"name\":\"Vacaciones | estropical.com - Paquetes, Vuelos y Hoteles Baratos\",\"isPartOf\":{\"@id\":\"https:\/\/viajes.estropical.com\/en\/#website\"},\"primaryImageOfPage\":{\"@id\":\"https:\/\/viajes.estropical.com\/en\/ofertas\/vacaciones-en-cuotas-estropical-com\/#primaryimage\"},\"image\":{\"@id\":\"https:\/\/viajes.estropical.com\/en\/ofertas\/vacaciones-en-cuotas-estropical-com\/#primaryimage\"},\"thumbnailUrl\":\"https:\/\/viajes.estropical.com\/\/wp-content\/uploads\/2024\/06\/BANNER-1500X400-VACACIONES-EN-CUOTAS.png\",\"datePublished\":\"2024-06-25T18:14:09+00:00\",\"dateModified\":\"2024-06-25T19:47:58+00:00\",\"description\":\"Vacaciones en cuotas en estropical.com . Compra vuelos baratos, hoteles, paquetes y m\u00e1s. Visita incre\u00edbles destinos a los mejores precios. Aprovecha grandes descuentos!\",\"breadcrumb\":{\"@id\":\"https:\/\/viajes.estropical.com\/en\/ofertas\/vacaciones-en-cuotas-estropical-com\/#breadcrumb\"},\"inLanguage\":\"en-US\",\"potentialAction\":[{\"@type\":\"ReadAction\",\"target\":[\"https:\/\/viajes.estropical.com\/en\/ofertas\/vacaciones-en-cuotas-estropical-com\/\"]}]},{\"@type\":\"ImageObject\",\"inLanguage\":\"en-US\",\"@id\":\"https:\/\/viajes.estropical.com\/en\/ofertas\/vacaciones-en-cuotas-estropical-com\/#primaryimage\",\"url\":\"https:\/\/viajes.estropical.com\/\/wp-content\/uploads\/2024\/06\/BANNER-1500X400-VACACIONES-EN-CUOTAS.png\",\"contentUrl\":\"https:\/\/viajes.estropical.com\/\/wp-content\/uploads\/2024\/06\/BANNER-1500X400-VACACIONES-EN-CUOTAS.png\"},{\"@type\":\"BreadcrumbList\",\"@id\":\"https:\/\/viajes.estropical.com\/en\/ofertas\/vacaciones-en-cuotas-estropical-com\/#breadcrumb\",\"itemListElement\":[{\"@type\":\"ListItem\",\"position\":1,\"name\":\"Portada\",\"item\":\"https:\/\/viajes.estropical.com\/\"},{\"@type\":\"ListItem\",\"position\":2,\"name\":\"Ofertas\",\"item\":\"https:\/\/viajes.estropical.com\/ofertas\/\"},{\"@type\":\"ListItem\",\"position\":3,\"name\":\"Vacaciones en cuotas | estropical.com\"}]},{\"@type\":\"WebSite\",\"@id\":\"https:\/\/viajes.estropical.com\/en\/#website\",\"url\":\"https:\/\/viajes.estropical.com\/en\/\",\"name\":\"estropical.com | Paquetes, Vuelos y Hoteles Baratos\",\"description\":\"\",\"publisher\":{\"@id\":\"https:\/\/viajes.estropical.com\/en\/#organization\"},\"potentialAction\":[{\"@type\":\"SearchAction\",\"target\":{\"@type\":\"EntryPoint\",\"urlTemplate\":\"https:\/\/viajes.estropical.com\/en\/?s={search_term_string}\"},\"query-input\":{\"@type\":\"PropertyValueSpecification\",\"valueRequired\":true,\"valueName\":\"search_term_string\"}}],\"inLanguage\":\"en-US\"},{\"@type\":\"Organization\",\"@id\":\"https:\/\/viajes.estropical.com\/en\/#organization\",\"name\":\"estropical.com | Paquetes, Vuelos y Hoteles Baratos\",\"url\":\"https:\/\/viajes.estropical.com\/en\/\",\"logo\":{\"@type\":\"ImageObject\",\"inLanguage\":\"en-US\",\"@id\":\"https:\/\/viajes.estropical.com\/en\/#\/schema\/logo\/image\/\",\"url\":\"https:\/\/viajes.estropical.com\/\/wp-content\/uploads\/2022\/07\/logo-estropical-opengraph.png\",\"contentUrl\":\"https:\/\/viajes.estropical.com\/\/wp-content\/uploads\/2022\/07\/logo-estropical-opengraph.png\",\"width\":200,\"height\":200,\"caption\":\"estropical.com | Paquetes, Vuelos y Hoteles Baratos\"},\"image\":{\"@id\":\"https:\/\/viajes.estropical.com\/en\/#\/schema\/logo\/image\/\"},\"sameAs\":[\"https:\/\/www.facebook.com\/estropicalcom\"]}]}<\/script>\n<!-- \/ Yoast SEO plugin. -->","yoast_head_json":{"title":"Vacaciones | estropical.com - Paquetes, Vuelos y Hoteles Baratos","description":"Vacaciones en cuotas en estropical.com . Compra vuelos baratos, hoteles, paquetes y m\u00e1s. Visita incre\u00edbles destinos a los mejores precios. Aprovecha grandes descuentos!","robots":{"index":"index","follow":"follow","max-snippet":"max-snippet:-1","max-image-preview":"max-image-preview:large","max-video-preview":"max-video-preview:-1"},"canonical":"https:\/\/viajes.estropical.com\/en\/ofertas\/vacaciones-en-cuotas-estropical-com\/","og_locale":"en_US","og_type":"article","og_title":"Vacaciones | estropical.com - Paquetes, Vuelos y Hoteles Baratos","og_description":"Vacaciones en cuotas en estropical.com . Compra vuelos baratos, hoteles, paquetes y m\u00e1s. Visita incre\u00edbles destinos a los mejores precios. Aprovecha grandes descuentos!","og_url":"https:\/\/viajes.estropical.com\/en\/ofertas\/vacaciones-en-cuotas-estropical-com\/","og_site_name":"estropical.com | Paquetes, Vuelos y Hoteles Baratos","article_publisher":"https:\/\/www.facebook.com\/estropicalcom","article_modified_time":"2024-06-25T19:47:58+00:00","og_image":[{"width":768,"height":720,"url":"https:\/\/viajes.estropical.com\/\/wp-content\/uploads\/2024\/06\/Grafica-Low-cost-ecommerce-mobile-sin-boton.jpg","type":"image\/jpeg"}],"twitter_card":"summary_large_image","twitter_misc":{"Est. reading time":"3 minutes"},"schema":{"@context":"https:\/\/schema.org","@graph":[{"@type":"WebPage","@id":"https:\/\/viajes.estropical.com\/en\/ofertas\/vacaciones-en-cuotas-estropical-com\/","url":"https:\/\/viajes.estropical.com\/en\/ofertas\/vacaciones-en-cuotas-estropical-com\/","name":"Vacaciones | estropical.com - Paquetes, Vuelos y Hoteles Baratos","isPartOf":{"@id":"https:\/\/viajes.estropical.com\/en\/#website"},"primaryImageOfPage":{"@id":"https:\/\/viajes.estropical.com\/en\/ofertas\/vacaciones-en-cuotas-estropical-com\/#primaryimage"},"image":{"@id":"https:\/\/viajes.estropical.com\/en\/ofertas\/vacaciones-en-cuotas-estropical-com\/#primaryimage"},"thumbnailUrl":"https:\/\/viajes.estropical.com\/\/wp-content\/uploads\/2024\/06\/BANNER-1500X400-VACACIONES-EN-CUOTAS.png","datePublished":"2024-06-25T18:14:09+00:00","dateModified":"2024-06-25T19:47:58+00:00","description":"Vacaciones en cuotas en estropical.com . Compra vuelos baratos, hoteles, paquetes y m\u00e1s. Visita incre\u00edbles destinos a los mejores precios. Aprovecha grandes descuentos!","breadcrumb":{"@id":"https:\/\/viajes.estropical.com\/en\/ofertas\/vacaciones-en-cuotas-estropical-com\/#breadcrumb"},"inLanguage":"en-US","potentialAction":[{"@type":"ReadAction","target":["https:\/\/viajes.estropical.com\/en\/ofertas\/vacaciones-en-cuotas-estropical-com\/"]}]},{"@type":"ImageObject","inLanguage":"en-US","@id":"https:\/\/viajes.estropical.com\/en\/ofertas\/vacaciones-en-cuotas-estropical-com\/#primaryimage","url":"https:\/\/viajes.estropical.com\/\/wp-content\/uploads\/2024\/06\/BANNER-1500X400-VACACIONES-EN-CUOTAS.png","contentUrl":"https:\/\/viajes.estropical.com\/\/wp-content\/uploads\/2024\/06\/BANNER-1500X400-VACACIONES-EN-CUOTAS.png"},{"@type":"BreadcrumbList","@id":"https:\/\/viajes.estropical.com\/en\/ofertas\/vacaciones-en-cuotas-estropical-com\/#breadcrumb","itemListElement":[{"@type":"ListItem","position":1,"name":"Portada","item":"https:\/\/viajes.estropical.com\/"},{"@type":"ListItem","position":2,"name":"Ofertas","item":"https:\/\/viajes.estropical.com\/ofertas\/"},{"@type":"ListItem","position":3,"name":"Vacaciones en cuotas | estropical.com"}]},{"@type":"WebSite","@id":"https:\/\/viajes.estropical.com\/en\/#website","url":"https:\/\/viajes.estropical.com\/en\/","name":"estropical.com | Paquetes, Vuelos y Hoteles Baratos","description":"","publisher":{"@id":"https:\/\/viajes.estropical.com\/en\/#organization"},"potentialAction":[{"@type":"SearchAction","target":{"@type":"EntryPoint","urlTemplate":"https:\/\/viajes.estropical.com\/en\/?s={search_term_string}"},"query-input":{"@type":"PropertyValueSpecification","valueRequired":true,"valueName":"search_term_string"}}],"inLanguage":"en-US"},{"@type":"Organization","@id":"https:\/\/viajes.estropical.com\/en\/#organization","name":"estropical.com | Paquetes, Vuelos y Hoteles Baratos","url":"https:\/\/viajes.estropical.com\/en\/","logo":{"@type":"ImageObject","inLanguage":"en-US","@id":"https:\/\/viajes.estropical.com\/en\/#\/schema\/logo\/image\/","url":"https:\/\/viajes.estropical.com\/\/wp-content\/uploads\/2022\/07\/logo-estropical-opengraph.png","contentUrl":"https:\/\/viajes.estropical.com\/\/wp-content\/uploads\/2022\/07\/logo-estropical-opengraph.png","width":200,"height":200,"caption":"estropical.com | Paquetes, Vuelos y Hoteles Baratos"},"image":{"@id":"https:\/\/viajes.estropical.com\/en\/#\/schema\/logo\/image\/"},"sameAs":["https:\/\/www.facebook.com\/estropicalcom"]}]}},"_links":{"self":[{"href":"https:\/\/viajes.estropical.com\/en\/wp-json\/wp\/v2\/pages\/16281","targetHints":{"allow":["GET"]}}],"collection":[{"href":"https:\/\/viajes.estropical.com\/en\/wp-json\/wp\/v2\/pages"}],"about":[{"href":"https:\/\/viajes.estropical.com\/en\/wp-json\/wp\/v2\/types\/page"}],"author":[{"embeddable":true,"href":"https:\/\/viajes.estropical.com\/en\/wp-json\/wp\/v2\/users\/14"}],"replies":[{"embeddable":true,"href":"https:\/\/viajes.estropical.com\/en\/wp-json\/wp\/v2\/comments?post=16281"}],"version-history":[{"count":34,"href":"https:\/\/viajes.estropical.com\/en\/wp-json\/wp\/v2\/pages\/16281\/revisions"}],"predecessor-version":[{"id":16335,"href":"https:\/\/viajes.estropical.com\/en\/wp-json\/wp\/v2\/pages\/16281\/revisions\/16335"}],"up":[{"embeddable":true,"href":"https:\/\/viajes.estropical.com\/en\/wp-json\/wp\/v2\/pages\/14156"}],"wp:attachment":[{"href":"https:\/\/viajes.estropical.com\/en\/wp-json\/wp\/v2\/media?parent=16281"}],"curies":[{"name":"wp","href":"https:\/\/api.w.org\/{rel}","templated":true}]}}