{"id":13797,"date":"2024-01-24T11:10:30","date_gmt":"2024-01-24T15:10:30","guid":{"rendered":"https:\/\/viajes.estropical.com\/?page_id=13797"},"modified":"2024-01-26T12:21:57","modified_gmt":"2024-01-26T16:21:57","slug":"pasanakudeviajes","status":"publish","type":"page","link":"https:\/\/viajes.estropical.com\/en\/ofertas\/pasanakudeviajes\/","title":{"rendered":"Pasanaku de Viajes | estropical.com"},"content":{"rendered":"<div data-elementor-type=\"wp-page\" data-elementor-id=\"13797\" class=\"elementor elementor-13797\">\n\t\t\t\t<div class=\"elementor-element elementor-element-c5dae63 e-con-full e-flex wpr-particle-no wpr-jarallax-no wpr-parallax-no wpr-sticky-section-no e-con e-parent\" data-id=\"c5dae63\" data-element_type=\"container\">\n\t\t\t\t<div class=\"elementor-element elementor-element-9d27092 elementor-widget elementor-widget-image\" data-id=\"9d27092\" data-element_type=\"widget\" data-widget_type=\"image.default\">\n\t\t\t\t<div class=\"elementor-widget-container\">\n\t\t\t\t\t\t\t\t\t\t\t\t\t\t\t<img fetchpriority=\"high\" decoding=\"async\" width=\"1700\" height=\"600\" src=\"https:\/\/viajes.estropical.com\/\/wp-content\/uploads\/2024\/01\/banner-principal-pasanaku-jpg.webp\" class=\"attachment-full size-full wp-image-13798\" alt=\"\" srcset=\"https:\/\/viajes.estropical.com\/\/wp-content\/uploads\/2024\/01\/banner-principal-pasanaku-jpg.webp 1700w, https:\/\/viajes.estropical.com\/\/wp-content\/uploads\/2024\/01\/banner-principal-pasanaku-300x106.webp 300w, https:\/\/viajes.estropical.com\/\/wp-content\/uploads\/2024\/01\/banner-principal-pasanaku-1024x361.webp 1024w, https:\/\/viajes.estropical.com\/\/wp-content\/uploads\/2024\/01\/banner-principal-pasanaku-768x271.webp 768w, https:\/\/viajes.estropical.com\/\/wp-content\/uploads\/2024\/01\/banner-principal-pasanaku-1536x542.webp 1536w, https:\/\/viajes.estropical.com\/\/wp-content\/uploads\/2024\/01\/banner-principal-pasanaku-18x6.webp 18w, https:\/\/viajes.estropical.com\/\/wp-content\/uploads\/2024\/01\/banner-principal-pasanaku-24x8.webp 24w, https:\/\/viajes.estropical.com\/\/wp-content\/uploads\/2024\/01\/banner-principal-pasanaku-36x13.webp 36w, https:\/\/viajes.estropical.com\/\/wp-content\/uploads\/2024\/01\/banner-principal-pasanaku-48x17.webp 48w\" sizes=\"(max-width: 1700px) 100vw, 1700px\" \/>\t\t\t\t\t\t\t\t\t\t\t\t\t\t\t<\/div>\n\t\t\t\t<\/div>\n\t\t\t\t<\/div>\n\t\t\t\t<section class=\"elementor-section elementor-top-section elementor-element elementor-element-1eb359b elementor-section-full_width elementor-section-height-min-height elementor-hidden-desktop elementor-hidden-tablet elementor-hidden-mobile elementor-section-height-default elementor-section-items-middle wpr-particle-no wpr-jarallax-no wpr-parallax-no wpr-sticky-section-no\" data-id=\"1eb359b\" data-element_type=\"section\" data-settings=\"{&quot;background_background&quot;:&quot;classic&quot;}\">\n\t\t\t\t\t\t<div class=\"elementor-container elementor-column-gap-default\">\n\t\t\t\t\t<div class=\"elementor-column elementor-col-100 elementor-top-column elementor-element elementor-element-f0dc8ce\" data-id=\"f0dc8ce\" data-element_type=\"column\">\n\t\t\t<div class=\"elementor-widget-wrap elementor-element-populated\">\n\t\t\t\t\t\t<div class=\"elementor-element elementor-element-5d36db0 elementor-widget elementor-widget-heading\" data-id=\"5d36db0\" data-element_type=\"widget\" data-widget_type=\"heading.default\">\n\t\t\t\t<div class=\"elementor-widget-container\">\n\t\t\t\t\t<h1 class=\"elementor-heading-title elementor-size-default\">Vuelos baratos, hoteles, \u00a1Es hora de una escapada!\n\n<\/h1>\t\t\t\t<\/div>\n\t\t\t\t<\/div>\n\t\t\t\t<div class=\"elementor-element elementor-element-466b936 elementor-widget elementor-widget-heading\" data-id=\"466b936\" data-element_type=\"widget\" data-widget_type=\"heading.default\">\n\t\t\t\t<div class=\"elementor-widget-container\">\n\t\t\t\t\t<h3 class=\"elementor-heading-title elementor-size-default\">Reserva con USD 99 y paga el saldo en cuotas<\/h3>\t\t\t\t<\/div>\n\t\t\t\t<\/div>\n\t\t\t\t\t<\/div>\n\t\t<\/div>\n\t\t\t\t\t<\/div>\n\t\t<\/section>\n\t\t<div class=\"elementor-element elementor-element-fc81208 e-con-full e-flex wpr-particle-no wpr-jarallax-no wpr-parallax-no wpr-sticky-section-no e-con e-parent\" data-id=\"fc81208\" data-element_type=\"container\">\n\t\t\t\t<div class=\"elementor-element elementor-element-8bc9228 elementor-widget elementor-widget-html\" data-id=\"8bc9228\" data-element_type=\"widget\" data-widget_type=\"html.default\">\n\t\t\t\t<div class=\"elementor-widget-container\">\n\t\t\t\t\t<link rel=\"stylesheet\" href=\"https:\/\/viajes.estropical.com\/css\/getproductsapi.css?c=5\">\n<script src=\"https:\/\/viajes.estropical.com\/js\/getproductsapi.js?a=13\"><\/script>\t\t\t\t<\/div>\n\t\t\t\t<\/div>\n\t\t\t\t<\/div>\n\t\t<div class=\"elementor-element elementor-element-19ead41 e-flex e-con-boxed wpr-particle-no wpr-jarallax-no wpr-parallax-no wpr-sticky-section-no e-con e-parent\" data-id=\"19ead41\" data-element_type=\"container\">\n\t\t\t\t\t<div class=\"e-con-inner\">\n\t\t\t\t<div class=\"elementor-element elementor-element-f9730e3 elementor-widget-divider--view-line elementor-widget elementor-widget-divider\" data-id=\"f9730e3\" data-element_type=\"widget\" data-widget_type=\"divider.default\">\n\t\t\t\t<div class=\"elementor-widget-container\">\n\t\t\t\t\t\t\t<div class=\"elementor-divider\">\n\t\t\t<span class=\"elementor-divider-separator\">\n\t\t\t\t\t\t<\/span>\n\t\t<\/div>\n\t\t\t\t\t\t<\/div>\n\t\t\t\t<\/div>\n\t\t\t\t\t<\/div>\n\t\t\t\t<\/div>\n\t\t<div class=\"elementor-element elementor-element-c47bbd1 e-flex e-con-boxed wpr-particle-no wpr-jarallax-no wpr-parallax-no wpr-sticky-section-no e-con e-parent\" data-id=\"c47bbd1\" data-element_type=\"container\">\n\t\t\t\t\t<div class=\"e-con-inner\">\n\t\t\t\t<div class=\"elementor-element elementor-element-5e2669b elementor-widget elementor-widget-shortcode\" data-id=\"5e2669b\" data-element_type=\"widget\" data-widget_type=\"shortcode.default\">\n\t\t\t\t<div class=\"elementor-widget-container\">\n\t\t\t\t\t\t\t<div class=\"elementor-shortcode\"><\/div>\n\t\t\t\t\t\t<\/div>\n\t\t\t\t<\/div>\n\t\t\t\t\t<\/div>\n\t\t\t\t<\/div>\n\t\t<div class=\"elementor-element elementor-element-4242113 e-flex e-con-boxed wpr-particle-no wpr-jarallax-no wpr-parallax-no wpr-sticky-section-no e-con e-parent\" data-id=\"4242113\" data-element_type=\"container\">\n\t\t\t\t\t<div class=\"e-con-inner\">\n\t\t\t\t<div class=\"elementor-element elementor-element-3646604 elementor-widget elementor-widget-heading\" data-id=\"3646604\" data-element_type=\"widget\" data-widget_type=\"heading.default\">\n\t\t\t\t<div class=\"elementor-widget-container\">\n\t\t\t\t\t<h2 class=\"elementor-heading-title elementor-size-default\">\u00a1Aprovecha el Pasanaku de Viajes!<\/h2>\t\t\t\t<\/div>\n\t\t\t\t<\/div>\n\t\t\t\t\t<\/div>\n\t\t\t\t<\/div>\n\t\t<div class=\"elementor-element elementor-element-ffe200d e-flex e-con-boxed wpr-particle-no wpr-jarallax-no wpr-parallax-no wpr-sticky-section-no e-con e-parent\" data-id=\"ffe200d\" data-element_type=\"container\">\n\t\t\t\t\t<div class=\"e-con-inner\">\n\t\t\t\t<div class=\"elementor-element elementor-element-f408143 elementor-widget elementor-widget-text-editor\" data-id=\"f408143\" data-element_type=\"widget\" data-widget_type=\"text-editor.default\">\n\t\t\t\t<div class=\"elementor-widget-container\">\n\t\t\t\t\t\t\t\t\t<p style=\"text-align: center;\">Disfruta del Pasanaku de Viajes con las mejores ofertas de viajes. En esta edici\u00f3n del Pasanaku de Viajes, contamos con incre\u00edbles descuentos en Pasajes Baratos, Hoteles en oferta, Paquetes Tur\u00edsticos, Alquiler de Autos, y mucho m\u00e1s. Vas a poder aprovechar nuestras promociones de viajes a los mejores destinos para que puedas disfrutar al m\u00e1ximo de tus vacaciones. Planifica tu viaje disfrutando de las incre\u00edbles tarifas de Pasajes baratos. Promociones a\u00e9reas al mejor precio a Canc\u00fan, Santiago de Chile, Sao Paulo, Buenos Aires, Madrid, Barcelona, Miami, Bogot\u00e1, La Habana y m\u00e1s destinos para tu viaje. Aprovecha de comprar nuestras ofertas de Hoteles con precios incre\u00edbles y Paquetes tur\u00edsticos baratos a destinos del caribe como Punta Cana, Canc\u00fan, Cartagena, San Andres, Aruba, Kingston. Descubre los mejores precios para tus vacaciones a los destinos preferidos, contamos con una gran variedad de ofertas con tarifas en promociones a\u00e9reas para los destinos m\u00e1s importantes de Estados Unidos, Europa, Brasil, Argentina y el Caribe con grandes descuentos. \u00a1Tambi\u00e9n encuentras los mejores precios en cuotas sin inter\u00e9s! El momento de armar tu viaje con estropical.com es ahora. Compra en nuestro Pasanaku de Viajes con grandes descuentos.<\/p>\t\t\t\t\t\t\t\t<\/div>\n\t\t\t\t<\/div>\n\t\t\t\t\t<\/div>\n\t\t\t\t<\/div>\n\t\t\t\t<\/div>","protected":false},"excerpt":{"rendered":"<p>Vuelos baratos, hoteles, \u00a1Es hora de una escapada! Reserva con USD 99 y paga el saldo en cuotas \u00a1Aprovecha el Pasanaku de Viajes! Disfruta del Pasanaku de Viajes con las mejores ofertas de viajes. En esta edici\u00f3n del Pasanaku de Viajes, contamos con incre\u00edbles descuentos en Pasajes Baratos, Hoteles en oferta, Paquetes Tur\u00edsticos, Alquiler de Autos, y mucho m\u00e1s. Vas a poder aprovechar nuestras promociones de viajes a los mejores destinos para que puedas disfrutar al m\u00e1ximo de tus vacaciones. Planifica tu viaje disfrutando de las incre\u00edbles tarifas de Pasajes baratos. Promociones a\u00e9reas al mejor precio a Canc\u00fan, Santiago de Chile, Sao Paulo, Buenos Aires, Madrid, Barcelona, Miami, Bogot\u00e1, La Habana y m\u00e1s destinos para tu viaje. Aprovecha de comprar nuestras ofertas de Hoteles con precios incre\u00edbles y Paquetes tur\u00edsticos baratos a destinos del caribe como Punta Cana, Canc\u00fan, Cartagena, San Andres, Aruba, Kingston. Descubre los mejores precios para tus vacaciones a los destinos preferidos, contamos con una gran variedad de ofertas con tarifas en promociones a\u00e9reas para los destinos m\u00e1s importantes de Estados Unidos, Europa, Brasil, Argentina y el Caribe con grandes descuentos. \u00a1Tambi\u00e9n encuentras los mejores precios en cuotas sin inter\u00e9s! El momento de armar tu viaje con estropical.com es ahora. Compra en nuestro Pasanaku de Viajes con grandes descuentos.<\/p>","protected":false},"author":5,"featured_media":13798,"parent":14156,"menu_order":0,"comment_status":"closed","ping_status":"closed","template":"elementor_header_footer","meta":{"content-type":"","site-sidebar-layout":"no-sidebar","site-content-layout":"page-builder","ast-site-content-layout":"full-width-container","site-content-style":"unboxed","site-sidebar-style":"unboxed","ast-global-header-display":"","ast-banner-title-visibility":"","ast-main-header-display":"","ast-hfb-above-header-display":"","ast-hfb-below-header-display":"","ast-hfb-mobile-header-display":"","site-post-title":"disabled","ast-breadcrumbs-content":"","ast-featured-img":"disabled","footer-sml-layout":"","theme-transparent-header-meta":"default","adv-header-id-meta":"","stick-header-meta":"","header-above-stick-meta":"","header-main-stick-meta":"","header-below-stick-meta":"","astra-migrate-meta-layouts":"set","ast-page-background-enabled":"default","ast-page-background-meta":{"desktop":{"background-color":"var(--ast-global-color-4)","background-image":"","background-repeat":"repeat","background-position":"center center","background-size":"auto","background-attachment":"scroll","background-type":"","background-media":"","overlay-type":"","overlay-color":"","overlay-opacity":"","overlay-gradient":""},"tablet":{"background-color":"","background-image":"","background-repeat":"repeat","background-position":"center center","background-size":"auto","background-attachment":"scroll","background-type":"","background-media":"","overlay-type":"","overlay-color":"","overlay-opacity":"","overlay-gradient":""},"mobile":{"background-color":"","background-image":"","background-repeat":"repeat","background-position":"center center","background-size":"auto","background-attachment":"scroll","background-type":"","background-media":"","overlay-type":"","overlay-color":"","overlay-opacity":"","overlay-gradient":""}},"ast-content-background-meta":{"desktop":{"background-color":"var(--ast-global-color-5)","background-image":"","background-repeat":"repeat","background-position":"center center","background-size":"auto","background-attachment":"scroll","background-type":"","background-media":"","overlay-type":"","overlay-color":"","overlay-opacity":"","overlay-gradient":""},"tablet":{"background-color":"var(--ast-global-color-5)","background-image":"","background-repeat":"repeat","background-position":"center center","background-size":"auto","background-attachment":"scroll","background-type":"","background-media":"","overlay-type":"","overlay-color":"","overlay-opacity":"","overlay-gradient":""},"mobile":{"background-color":"var(--ast-global-color-5)","background-image":"","background-repeat":"repeat","background-position":"center center","background-size":"auto","background-attachment":"scroll","background-type":"","background-media":"","overlay-type":"","overlay-color":"","overlay-opacity":"","overlay-gradient":""}},"footnotes":""},"class_list":["post-13797","page","type-page","status-publish","has-post-thumbnail","hentry"],"yoast_head":"<!-- This site is optimized with the Yoast SEO plugin v26.7 - https:\/\/yoast.com\/wordpress\/plugins\/seo\/ -->\n<title>Pasanaku de Viajes | estropical.com - Paquetes, Vuelos y Hoteles Baratos<\/title>\n<meta name=\"description\" content=\"Reserva tu viaje de forma segura y online. Vuelos y hoteles baratos. Disfruta de tus vacaciones con estropical.comReserva tu viaje de forma segura y online. Vuelos y hoteles baratos con nuestro Pasanaku de viajes. Disfruta de tus vacaciones con estropical.com\" \/>\n<meta name=\"robots\" content=\"index, follow, max-snippet:-1, max-image-preview:large, max-video-preview:-1\" \/>\n<link rel=\"canonical\" href=\"https:\/\/viajes.estropical.com\/en\/ofertas\/pasanakudeviajes\/\" \/>\n<meta property=\"og:locale\" content=\"en_US\" \/>\n<meta property=\"og:type\" content=\"article\" \/>\n<meta property=\"og:title\" content=\"Pasanaku de Viajes | estropical.com - Paquetes, Vuelos y Hoteles Baratos\" \/>\n<meta property=\"og:description\" content=\"Reserva tu viaje de forma segura y online. Vuelos y hoteles baratos. Disfruta de tus vacaciones con estropical.comReserva tu viaje de forma segura y online. Vuelos y hoteles baratos con nuestro Pasanaku de viajes. Disfruta de tus vacaciones con estropical.com\" \/>\n<meta property=\"og:url\" content=\"https:\/\/viajes.estropical.com\/en\/ofertas\/pasanakudeviajes\/\" \/>\n<meta property=\"og:site_name\" content=\"estropical.com | Paquetes, Vuelos y Hoteles Baratos\" \/>\n<meta property=\"article:publisher\" content=\"https:\/\/www.facebook.com\/estropicalcom\" \/>\n<meta property=\"article:modified_time\" content=\"2024-01-26T16:21:57+00:00\" \/>\n<meta property=\"og:image\" content=\"https:\/\/viajes.estropical.com\/\/wp-content\/uploads\/2024\/01\/banner-principal-pasanaku-jpg.webp\" \/>\n\t<meta property=\"og:image:width\" content=\"1700\" \/>\n\t<meta property=\"og:image:height\" content=\"600\" \/>\n\t<meta property=\"og:image:type\" content=\"image\/jpeg\" \/>\n<meta name=\"twitter:card\" content=\"summary_large_image\" \/>\n<meta name=\"twitter:label1\" content=\"Est. reading time\" \/>\n\t<meta name=\"twitter:data1\" content=\"2 minutes\" \/>\n<script type=\"application\/ld+json\" class=\"yoast-schema-graph\">{\"@context\":\"https:\/\/schema.org\",\"@graph\":[{\"@type\":\"WebPage\",\"@id\":\"https:\/\/viajes.estropical.com\/en\/ofertas\/pasanakudeviajes\/\",\"url\":\"https:\/\/viajes.estropical.com\/en\/ofertas\/pasanakudeviajes\/\",\"name\":\"Pasanaku de Viajes | estropical.com - Paquetes, Vuelos y Hoteles Baratos\",\"isPartOf\":{\"@id\":\"https:\/\/viajes.estropical.com\/en\/#website\"},\"primaryImageOfPage\":{\"@id\":\"https:\/\/viajes.estropical.com\/en\/ofertas\/pasanakudeviajes\/#primaryimage\"},\"image\":{\"@id\":\"https:\/\/viajes.estropical.com\/en\/ofertas\/pasanakudeviajes\/#primaryimage\"},\"thumbnailUrl\":\"https:\/\/viajes.estropical.com\/\/wp-content\/uploads\/2024\/01\/banner-principal-pasanaku-jpg.webp\",\"datePublished\":\"2024-01-24T15:10:30+00:00\",\"dateModified\":\"2024-01-26T16:21:57+00:00\",\"description\":\"Reserva tu viaje de forma segura y online. Vuelos y hoteles baratos. Disfruta de tus vacaciones con estropical.comReserva tu viaje de forma segura y online. Vuelos y hoteles baratos con nuestro Pasanaku de viajes. Disfruta de tus vacaciones con estropical.com\",\"breadcrumb\":{\"@id\":\"https:\/\/viajes.estropical.com\/en\/ofertas\/pasanakudeviajes\/#breadcrumb\"},\"inLanguage\":\"en-US\",\"potentialAction\":[{\"@type\":\"ReadAction\",\"target\":[\"https:\/\/viajes.estropical.com\/en\/ofertas\/pasanakudeviajes\/\"]}]},{\"@type\":\"ImageObject\",\"inLanguage\":\"en-US\",\"@id\":\"https:\/\/viajes.estropical.com\/en\/ofertas\/pasanakudeviajes\/#primaryimage\",\"url\":\"https:\/\/viajes.estropical.com\/\/wp-content\/uploads\/2024\/01\/banner-principal-pasanaku-jpg.webp\",\"contentUrl\":\"https:\/\/viajes.estropical.com\/\/wp-content\/uploads\/2024\/01\/banner-principal-pasanaku-jpg.webp\",\"width\":1700,\"height\":600},{\"@type\":\"BreadcrumbList\",\"@id\":\"https:\/\/viajes.estropical.com\/en\/ofertas\/pasanakudeviajes\/#breadcrumb\",\"itemListElement\":[{\"@type\":\"ListItem\",\"position\":1,\"name\":\"Portada\",\"item\":\"https:\/\/viajes.estropical.com\/\"},{\"@type\":\"ListItem\",\"position\":2,\"name\":\"Ofertas\",\"item\":\"https:\/\/viajes.estropical.com\/ofertas\/\"},{\"@type\":\"ListItem\",\"position\":3,\"name\":\"Pasanaku de Viajes | estropical.com\"}]},{\"@type\":\"WebSite\",\"@id\":\"https:\/\/viajes.estropical.com\/en\/#website\",\"url\":\"https:\/\/viajes.estropical.com\/en\/\",\"name\":\"estropical.com | Paquetes, Vuelos y Hoteles Baratos\",\"description\":\"\",\"publisher\":{\"@id\":\"https:\/\/viajes.estropical.com\/en\/#organization\"},\"potentialAction\":[{\"@type\":\"SearchAction\",\"target\":{\"@type\":\"EntryPoint\",\"urlTemplate\":\"https:\/\/viajes.estropical.com\/en\/?s={search_term_string}\"},\"query-input\":{\"@type\":\"PropertyValueSpecification\",\"valueRequired\":true,\"valueName\":\"search_term_string\"}}],\"inLanguage\":\"en-US\"},{\"@type\":\"Organization\",\"@id\":\"https:\/\/viajes.estropical.com\/en\/#organization\",\"name\":\"estropical.com | Paquetes, Vuelos y Hoteles Baratos\",\"url\":\"https:\/\/viajes.estropical.com\/en\/\",\"logo\":{\"@type\":\"ImageObject\",\"inLanguage\":\"en-US\",\"@id\":\"https:\/\/viajes.estropical.com\/en\/#\/schema\/logo\/image\/\",\"url\":\"https:\/\/viajes.estropical.com\/\/wp-content\/uploads\/2022\/07\/logo-estropical-opengraph.png\",\"contentUrl\":\"https:\/\/viajes.estropical.com\/\/wp-content\/uploads\/2022\/07\/logo-estropical-opengraph.png\",\"width\":200,\"height\":200,\"caption\":\"estropical.com | Paquetes, Vuelos y Hoteles Baratos\"},\"image\":{\"@id\":\"https:\/\/viajes.estropical.com\/en\/#\/schema\/logo\/image\/\"},\"sameAs\":[\"https:\/\/www.facebook.com\/estropicalcom\"]}]}<\/script>\n<!-- \/ Yoast SEO plugin. -->","yoast_head_json":{"title":"Pasanaku de Viajes | estropical.com - Paquetes, Vuelos y Hoteles Baratos","description":"Reserva tu viaje de forma segura y online. Vuelos y hoteles baratos. Disfruta de tus vacaciones con estropical.comReserva tu viaje de forma segura y online. Vuelos y hoteles baratos con nuestro Pasanaku de viajes. Disfruta de tus vacaciones con estropical.com","robots":{"index":"index","follow":"follow","max-snippet":"max-snippet:-1","max-image-preview":"max-image-preview:large","max-video-preview":"max-video-preview:-1"},"canonical":"https:\/\/viajes.estropical.com\/en\/ofertas\/pasanakudeviajes\/","og_locale":"en_US","og_type":"article","og_title":"Pasanaku de Viajes | estropical.com - Paquetes, Vuelos y Hoteles Baratos","og_description":"Reserva tu viaje de forma segura y online. Vuelos y hoteles baratos. Disfruta de tus vacaciones con estropical.comReserva tu viaje de forma segura y online. Vuelos y hoteles baratos con nuestro Pasanaku de viajes. Disfruta de tus vacaciones con estropical.com","og_url":"https:\/\/viajes.estropical.com\/en\/ofertas\/pasanakudeviajes\/","og_site_name":"estropical.com | Paquetes, Vuelos y Hoteles Baratos","article_publisher":"https:\/\/www.facebook.com\/estropicalcom","article_modified_time":"2024-01-26T16:21:57+00:00","og_image":[{"width":1700,"height":600,"url":"https:\/\/viajes.estropical.com\/\/wp-content\/uploads\/2024\/01\/banner-principal-pasanaku-jpg.webp","type":"image\/jpeg"}],"twitter_card":"summary_large_image","twitter_misc":{"Est. reading time":"2 minutes"},"schema":{"@context":"https:\/\/schema.org","@graph":[{"@type":"WebPage","@id":"https:\/\/viajes.estropical.com\/en\/ofertas\/pasanakudeviajes\/","url":"https:\/\/viajes.estropical.com\/en\/ofertas\/pasanakudeviajes\/","name":"Pasanaku de Viajes | estropical.com - Paquetes, Vuelos y Hoteles Baratos","isPartOf":{"@id":"https:\/\/viajes.estropical.com\/en\/#website"},"primaryImageOfPage":{"@id":"https:\/\/viajes.estropical.com\/en\/ofertas\/pasanakudeviajes\/#primaryimage"},"image":{"@id":"https:\/\/viajes.estropical.com\/en\/ofertas\/pasanakudeviajes\/#primaryimage"},"thumbnailUrl":"https:\/\/viajes.estropical.com\/\/wp-content\/uploads\/2024\/01\/banner-principal-pasanaku-jpg.webp","datePublished":"2024-01-24T15:10:30+00:00","dateModified":"2024-01-26T16:21:57+00:00","description":"Reserva tu viaje de forma segura y online. Vuelos y hoteles baratos. Disfruta de tus vacaciones con estropical.comReserva tu viaje de forma segura y online. Vuelos y hoteles baratos con nuestro Pasanaku de viajes. Disfruta de tus vacaciones con estropical.com","breadcrumb":{"@id":"https:\/\/viajes.estropical.com\/en\/ofertas\/pasanakudeviajes\/#breadcrumb"},"inLanguage":"en-US","potentialAction":[{"@type":"ReadAction","target":["https:\/\/viajes.estropical.com\/en\/ofertas\/pasanakudeviajes\/"]}]},{"@type":"ImageObject","inLanguage":"en-US","@id":"https:\/\/viajes.estropical.com\/en\/ofertas\/pasanakudeviajes\/#primaryimage","url":"https:\/\/viajes.estropical.com\/\/wp-content\/uploads\/2024\/01\/banner-principal-pasanaku-jpg.webp","contentUrl":"https:\/\/viajes.estropical.com\/\/wp-content\/uploads\/2024\/01\/banner-principal-pasanaku-jpg.webp","width":1700,"height":600},{"@type":"BreadcrumbList","@id":"https:\/\/viajes.estropical.com\/en\/ofertas\/pasanakudeviajes\/#breadcrumb","itemListElement":[{"@type":"ListItem","position":1,"name":"Portada","item":"https:\/\/viajes.estropical.com\/"},{"@type":"ListItem","position":2,"name":"Ofertas","item":"https:\/\/viajes.estropical.com\/ofertas\/"},{"@type":"ListItem","position":3,"name":"Pasanaku de Viajes | estropical.com"}]},{"@type":"WebSite","@id":"https:\/\/viajes.estropical.com\/en\/#website","url":"https:\/\/viajes.estropical.com\/en\/","name":"estropical.com | Paquetes, Vuelos y Hoteles Baratos","description":"","publisher":{"@id":"https:\/\/viajes.estropical.com\/en\/#organization"},"potentialAction":[{"@type":"SearchAction","target":{"@type":"EntryPoint","urlTemplate":"https:\/\/viajes.estropical.com\/en\/?s={search_term_string}"},"query-input":{"@type":"PropertyValueSpecification","valueRequired":true,"valueName":"search_term_string"}}],"inLanguage":"en-US"},{"@type":"Organization","@id":"https:\/\/viajes.estropical.com\/en\/#organization","name":"estropical.com | Paquetes, Vuelos y Hoteles Baratos","url":"https:\/\/viajes.estropical.com\/en\/","logo":{"@type":"ImageObject","inLanguage":"en-US","@id":"https:\/\/viajes.estropical.com\/en\/#\/schema\/logo\/image\/","url":"https:\/\/viajes.estropical.com\/\/wp-content\/uploads\/2022\/07\/logo-estropical-opengraph.png","contentUrl":"https:\/\/viajes.estropical.com\/\/wp-content\/uploads\/2022\/07\/logo-estropical-opengraph.png","width":200,"height":200,"caption":"estropical.com | Paquetes, Vuelos y Hoteles Baratos"},"image":{"@id":"https:\/\/viajes.estropical.com\/en\/#\/schema\/logo\/image\/"},"sameAs":["https:\/\/www.facebook.com\/estropicalcom"]}]}},"_links":{"self":[{"href":"https:\/\/viajes.estropical.com\/en\/wp-json\/wp\/v2\/pages\/13797","targetHints":{"allow":["GET"]}}],"collection":[{"href":"https:\/\/viajes.estropical.com\/en\/wp-json\/wp\/v2\/pages"}],"about":[{"href":"https:\/\/viajes.estropical.com\/en\/wp-json\/wp\/v2\/types\/page"}],"author":[{"embeddable":true,"href":"https:\/\/viajes.estropical.com\/en\/wp-json\/wp\/v2\/users\/5"}],"replies":[{"embeddable":true,"href":"https:\/\/viajes.estropical.com\/en\/wp-json\/wp\/v2\/comments?post=13797"}],"version-history":[{"count":13,"href":"https:\/\/viajes.estropical.com\/en\/wp-json\/wp\/v2\/pages\/13797\/revisions"}],"predecessor-version":[{"id":14573,"href":"https:\/\/viajes.estropical.com\/en\/wp-json\/wp\/v2\/pages\/13797\/revisions\/14573"}],"up":[{"embeddable":true,"href":"https:\/\/viajes.estropical.com\/en\/wp-json\/wp\/v2\/pages\/14156"}],"wp:featuredmedia":[{"embeddable":true,"href":"https:\/\/viajes.estropical.com\/en\/wp-json\/wp\/v2\/media\/13798"}],"wp:attachment":[{"href":"https:\/\/viajes.estropical.com\/en\/wp-json\/wp\/v2\/media?parent=13797"}],"curies":[{"name":"wp","href":"https:\/\/api.w.org\/{rel}","templated":true}]}}