{"id":13750,"date":"2024-01-24T11:09:02","date_gmt":"2024-01-24T15:09:02","guid":{"rendered":"https:\/\/viajes.estropical.com\/?page_id=13750"},"modified":"2024-02-17T11:32:16","modified_gmt":"2024-02-17T15:32:16","slug":"destinos2024","status":"publish","type":"page","link":"https:\/\/viajes.estropical.com\/en\/ofertas\/destinos2024\/","title":{"rendered":"Destinos 2024 | estropical.com"},"content":{"rendered":"<div data-elementor-type=\"wp-page\" data-elementor-id=\"13750\" class=\"elementor elementor-13750\">\n\t\t\t\t<div class=\"elementor-element elementor-element-7f1a237 e-con-full elementor-hidden-mobile e-flex wpr-particle-no wpr-jarallax-no wpr-parallax-no wpr-sticky-section-no e-con e-parent\" data-id=\"7f1a237\" data-element_type=\"container\">\n\t\t\t\t<div class=\"elementor-element elementor-element-d85eafe elementor-widget elementor-widget-image\" data-id=\"d85eafe\" data-element_type=\"widget\" data-widget_type=\"image.default\">\n\t\t\t\t<div class=\"elementor-widget-container\">\n\t\t\t\t\t\t\t\t\t\t\t\t\t\t\t<img fetchpriority=\"high\" decoding=\"async\" width=\"1500\" height=\"400\" src=\"https:\/\/viajes.estropical.com\/\/wp-content\/uploads\/2024\/01\/banner-destinos2024-desktop-jpg.webp\" class=\"attachment-full size-full wp-image-13754\" alt=\"Destinos 2024 estropical.com\" srcset=\"https:\/\/viajes.estropical.com\/\/wp-content\/uploads\/2024\/01\/banner-destinos2024-desktop-jpg.webp 1500w, https:\/\/viajes.estropical.com\/\/wp-content\/uploads\/2024\/01\/banner-destinos2024-desktop-300x80.webp 300w, https:\/\/viajes.estropical.com\/\/wp-content\/uploads\/2024\/01\/banner-destinos2024-desktop-1024x273.webp 1024w, https:\/\/viajes.estropical.com\/\/wp-content\/uploads\/2024\/01\/banner-destinos2024-desktop-768x205.webp 768w, https:\/\/viajes.estropical.com\/\/wp-content\/uploads\/2024\/01\/banner-destinos2024-desktop-18x5.webp 18w, https:\/\/viajes.estropical.com\/\/wp-content\/uploads\/2024\/01\/banner-destinos2024-desktop-24x6.webp 24w, https:\/\/viajes.estropical.com\/\/wp-content\/uploads\/2024\/01\/banner-destinos2024-desktop-36x10.webp 36w, https:\/\/viajes.estropical.com\/\/wp-content\/uploads\/2024\/01\/banner-destinos2024-desktop-48x13.webp 48w\" sizes=\"(max-width: 1500px) 100vw, 1500px\" \/>\t\t\t\t\t\t\t\t\t\t\t\t\t\t\t<\/div>\n\t\t\t\t<\/div>\n\t\t\t\t<\/div>\n\t\t<div class=\"elementor-element elementor-element-fe93ab3 e-con-full elementor-hidden-desktop elementor-hidden-tablet e-flex wpr-particle-no wpr-jarallax-no wpr-parallax-no wpr-sticky-section-no e-con e-parent\" data-id=\"fe93ab3\" data-element_type=\"container\">\n\t\t\t\t<div class=\"elementor-element elementor-element-d6b2919 elementor-widget elementor-widget-image\" data-id=\"d6b2919\" data-element_type=\"widget\" data-widget_type=\"image.default\">\n\t\t\t\t<div class=\"elementor-widget-container\">\n\t\t\t\t\t\t\t\t\t\t\t\t\t\t\t<img decoding=\"async\" width=\"600\" height=\"563\" src=\"https:\/\/viajes.estropical.com\/\/wp-content\/uploads\/2024\/01\/banner-destinos2024-mobile-jpg.webp\" class=\"attachment-full size-full wp-image-13752\" alt=\"Destinos 2024 estropical.com\" srcset=\"https:\/\/viajes.estropical.com\/\/wp-content\/uploads\/2024\/01\/banner-destinos2024-mobile-jpg.webp 600w, https:\/\/viajes.estropical.com\/\/wp-content\/uploads\/2024\/01\/banner-destinos2024-mobile-300x282.webp 300w, https:\/\/viajes.estropical.com\/\/wp-content\/uploads\/2024\/01\/banner-destinos2024-mobile-13x12.webp 13w, https:\/\/viajes.estropical.com\/\/wp-content\/uploads\/2024\/01\/banner-destinos2024-mobile-24x24.webp 24w, https:\/\/viajes.estropical.com\/\/wp-content\/uploads\/2024\/01\/banner-destinos2024-mobile-36x34.webp 36w, https:\/\/viajes.estropical.com\/\/wp-content\/uploads\/2024\/01\/banner-destinos2024-mobile-48x45.webp 48w\" sizes=\"(max-width: 600px) 100vw, 600px\" \/>\t\t\t\t\t\t\t\t\t\t\t\t\t\t\t<\/div>\n\t\t\t\t<\/div>\n\t\t\t\t<\/div>\n\t\t<div class=\"elementor-element elementor-element-125be73 e-con-full e-flex wpr-particle-no wpr-jarallax-no wpr-parallax-no wpr-sticky-section-no e-con e-parent\" data-id=\"125be73\" data-element_type=\"container\">\n\t\t\t\t<div class=\"elementor-element elementor-element-5e2669b elementor-widget elementor-widget-shortcode\" data-id=\"5e2669b\" data-element_type=\"widget\" data-widget_type=\"shortcode.default\">\n\t\t\t\t<div class=\"elementor-widget-container\">\n\t\t\t\t\t\t\t<div class=\"elementor-shortcode\"><\/div>\n\t\t\t\t\t\t<\/div>\n\t\t\t\t<\/div>\n\t\t\t\t<\/div>\n\t\t<div class=\"elementor-element elementor-element-fc81208 elementor-hidden-desktop elementor-hidden-tablet elementor-hidden-mobile e-flex e-con-boxed wpr-particle-no wpr-jarallax-no wpr-parallax-no wpr-sticky-section-no e-con e-parent\" data-id=\"fc81208\" data-element_type=\"container\">\n\t\t\t\t\t<div class=\"e-con-inner\">\n\t\t\t\t<div class=\"elementor-element elementor-element-8bc9228 elementor-widget elementor-widget-html\" data-id=\"8bc9228\" data-element_type=\"widget\" data-widget_type=\"html.default\">\n\t\t\t\t<div class=\"elementor-widget-container\">\n\t\t\t\t\t<link rel=\"stylesheet\" href=\"https:\/\/viajes.estropical.com\/googlesheetphpnew\/getproducts3.css\">\n<script src=\"https:\/\/viajes.estropical.com\/googlesheetphpnew\/getproducts3.js\"><\/script>\t\t\t\t<\/div>\n\t\t\t\t<\/div>\n\t\t\t\t<div class=\"elementor-element elementor-element-996aa1c elementor-widget elementor-widget-html\" data-id=\"996aa1c\" data-element_type=\"widget\" data-widget_type=\"html.default\">\n\t\t\t\t<div class=\"elementor-widget-container\">\n\t\t\t\t\t<style>\n\nhtml,body{\n    font-family:\"Urbanist\" !important;\n    font-size:16px;\n    margin:0;\n    padding:0;\n    background-color:#f1f1f1 !important;\n    overflow-x:hidden !important;\n   \n}\n\n.tituloseccion{\n    margin-top:30px;\n    margin-bottom:0px;\n    font-size:30px;\n    line-height:25px;\n    font-weight:bold;\n    color:#2E2E2E;\n}\n\n\n\n\n\n.accordion {\n  background-color: #f5f5f5;\n  color: #444;\n  cursor: pointer;\n  padding: 18px;\n  width: 100%;\n  text-align: left;\n  border: none;\n  outline: none;\n  transition: 0.4s;\n  font-family:\"Urbanist\" !important;\n  font-size:20px;\n  font-weight:400;\n  border:1px solid #ffffff !important;\n}\n\n\n.active, .accordion:hover {\n  background-color: #ccc;\n}\n\n.panel {\n  padding: 0 18px;\n  background-color: white;\n  max-height: 0;\n  overflow: hidden;\n  transition: max-height 0.2s ease-out;\n  text-align: left;\n}\n\n.container-acordeon{\n    width:100%;\n    max-width:700px;\n    margin-left:auto;\n    margin-right:auto;\n}\n\n.sbcontenedor{\n    background-color:#f7f7f7;\n    margin-bottom:50px;\n    border-radius:10px;\n}\n\n.owl-carousel.owl-drag .owl-item{\n    background:none;\n}\n\n\n\n\n.bgfiltros{ background-color:#8038d7; }\n.botonfiltro{ border:2px solid #752fca; }\n.botonfiltro:hover{ border:2px solid #5d1fa7; }\n\n\n.vigencia{\n    width:85% !important;\n    max-width:400px !important;\n    margin-left:auto;\n    margin-right:auto;\n    position:absolute;\n    left:0;\n    right:0;\n    top:80% !important;\n    margin-bottom:50px;\n    background-color:#8038d7;\n    color:#ffffff;\n    padding:5px 10px 5px 10px;\n    border-radius:25px;\n    font-size:30px;\n    line-height:30px;\n    text-align:center;\n    font-weight:600;\n}\n\n\n.precioahora{\n    font-size:40px;\n    line-height:35px;\n}\n\n\n@media screen and (max-width:480px){\n    .vigencia{\n        font-size:20px;\n        line-height:20px;\n    }\n}\n\n<\/style>\n\n    <p class=\"tituloseccion\">Paquetes de viajes<\/p>\n    <div id=\"contenedorpaquetes\"><\/div>\n    <p class=\"tituloseccion\">Circuitos<\/p>\n    <div id=\"contenedorcircuitos\"><\/div>\n    \n<script>\n\n\nobtenerproductoscategoria('contenedorpaquetes','Paquete');\nobtenerproductoscategoria('contenedorcircuitos','Circuito');\n\nfunction obtenerproductoscategoria(contenedor,categoria){\n    var contenidoproductos = document.getElementById(contenedor);\n    contenidoproductos.innerHTML = \"\";\n    const xmlhttp = new XMLHttpRequest();\n    xmlhttp.onload = function() {\n        const myObj = JSON.parse(this.responseText);\n        contenidoproductos.innerHTML = mostrarproductosdirect(myObj,categoria,false,\"web\",\"CTAProducto\",\"NoviembreDestinos2024\");\n    }\n    xmlhttp.open(\"GET\", \"https:\/\/viajes.estropical.com\/googlesheetphpnew\/destinos2024.php\");\n    xmlhttp.send();\t    \n}\n\nfunction obtenerproductostarjetas(contenedor){\n    var productosespeciales = document.getElementById(contenedor);\n    productosespeciales.innerHTML = \"\";\n    \n    const xmlhttp = new XMLHttpRequest();\n    xmlhttp.onload = function() {\n        const myObj = JSON.parse(this.responseText);\n        productosespeciales.innerHTML = creartarjetas(myObj,\"web\",\"CTAProducto\",\"NoviembreDestinos2024\");\n    }\n    xmlhttp.open(\"GET\", \"https:\/\/viajes.estropical.com\/googlesheetphpnew\/destinos2024.php\");\n    xmlhttp.send();\n    \n}\n\n<\/script>\n    \t\t\t\t<\/div>\n\t\t\t\t<\/div>\n\t\t\t\t\t<\/div>\n\t\t\t\t<\/div>\n\t\t<div class=\"elementor-element elementor-element-4242113 e-flex e-con-boxed wpr-particle-no wpr-jarallax-no wpr-parallax-no wpr-sticky-section-no e-con e-parent\" data-id=\"4242113\" data-element_type=\"container\">\n\t\t\t\t\t<div class=\"e-con-inner\">\n\t\t\t\t<div class=\"elementor-element elementor-element-3646604 elementor-widget elementor-widget-heading\" data-id=\"3646604\" data-element_type=\"widget\" data-widget_type=\"heading.default\">\n\t\t\t\t<div class=\"elementor-widget-container\">\n\t\t\t\t\t<h2 class=\"elementor-heading-title elementor-size-default\">\u00a1Destinos 2024 en estropical.com!<\/h2>\t\t\t\t<\/div>\n\t\t\t\t<\/div>\n\t\t\t\t\t<\/div>\n\t\t\t\t<\/div>\n\t\t<div class=\"elementor-element elementor-element-19ead41 e-flex e-con-boxed wpr-particle-no wpr-jarallax-no wpr-parallax-no wpr-sticky-section-no e-con e-parent\" data-id=\"19ead41\" data-element_type=\"container\">\n\t\t\t\t\t<div class=\"e-con-inner\">\n\t\t\t\t<div class=\"elementor-element elementor-element-f9730e3 elementor-widget-divider--view-line elementor-widget elementor-widget-divider\" data-id=\"f9730e3\" data-element_type=\"widget\" data-widget_type=\"divider.default\">\n\t\t\t\t<div class=\"elementor-widget-container\">\n\t\t\t\t\t\t\t<div class=\"elementor-divider\">\n\t\t\t<span class=\"elementor-divider-separator\">\n\t\t\t\t\t\t<\/span>\n\t\t<\/div>\n\t\t\t\t\t\t<\/div>\n\t\t\t\t<\/div>\n\t\t\t\t\t<\/div>\n\t\t\t\t<\/div>\n\t\t<div class=\"elementor-element elementor-element-ffe200d e-flex e-con-boxed wpr-particle-no wpr-jarallax-no wpr-parallax-no wpr-sticky-section-no e-con e-parent\" data-id=\"ffe200d\" data-element_type=\"container\">\n\t\t\t\t\t<div class=\"e-con-inner\">\n\t\t\t\t<div class=\"elementor-element elementor-element-f408143 elementor-widget elementor-widget-text-editor\" data-id=\"f408143\" data-element_type=\"widget\" data-widget_type=\"text-editor.default\">\n\t\t\t\t<div class=\"elementor-widget-container\">\n\t\t\t\t\t\t\t\t\t<p style=\"text-align: center;\">En el emocionante horizonte de viajes para el a\u00f1o 2024, Estropical.com se erige como el faro para aquellos viajeros exigentes y conocedores que buscan m\u00e1s que unas simples vacaciones. Nuestra cuidada selecci\u00f3n de destinos es la clave para desbloquear experiencias \u00fanicas y enriquecedoras que van m\u00e1s all\u00e1 de las expectativas convencionales. Sum\u00e9rgete en la serenidad de nuestras majestuosas playas tropicales, donde cada grano de arena cuenta una historia y cada ola susurra secretos ancestrales. O avent\u00farate en las calles empedradas de ciudades hist\u00f3ricas, testigos silenciosos de siglos de eventos y cultura. Cada destino, meticulosamente seleccionado, es una promesa de momentos memorables y conexiones aut\u00e9nticas. Cada escapada es una oportunidad para descubrir historias por contar, momentos por vivir y una conexi\u00f3n aut\u00e9ntica con el mundo. En estropical.com, no vendemos simplemente destinos; ofrecemos una puerta abierta a la maravilla, a la emoci\u00f3n y a la verdadera esencia de viajar.<\/p>\t\t\t\t\t\t\t\t<\/div>\n\t\t\t\t<\/div>\n\t\t\t\t\t<\/div>\n\t\t\t\t<\/div>\n\t\t\t\t<\/div>","protected":false},"excerpt":{"rendered":"<p>Paquetes de viajes Circuitos \u00a1Destinos 2024 en estropical.com! En el emocionante horizonte de viajes para el a\u00f1o 2024, Estropical.com se erige como el faro para aquellos viajeros exigentes y conocedores que buscan m\u00e1s que unas simples vacaciones. Nuestra cuidada selecci\u00f3n de destinos es la clave para desbloquear experiencias \u00fanicas y enriquecedoras que van m\u00e1s all\u00e1 de las expectativas convencionales. Sum\u00e9rgete en la serenidad de nuestras majestuosas playas tropicales, donde cada grano de arena cuenta una historia y cada ola susurra secretos ancestrales. O avent\u00farate en las calles empedradas de ciudades hist\u00f3ricas, testigos silenciosos de siglos de eventos y cultura. Cada destino, meticulosamente seleccionado, es una promesa de momentos memorables y conexiones aut\u00e9nticas. Cada escapada es una oportunidad para descubrir historias por contar, momentos por vivir y una conexi\u00f3n aut\u00e9ntica con el mundo. En estropical.com, no vendemos simplemente destinos; ofrecemos una puerta abierta a la maravilla, a la emoci\u00f3n y a la verdadera esencia de viajar.<\/p>","protected":false},"author":5,"featured_media":13752,"parent":14156,"menu_order":0,"comment_status":"closed","ping_status":"closed","template":"elementor_header_footer","meta":{"content-type":"","site-sidebar-layout":"no-sidebar","site-content-layout":"page-builder","ast-site-content-layout":"full-width-container","site-content-style":"unboxed","site-sidebar-style":"unboxed","ast-global-header-display":"","ast-banner-title-visibility":"","ast-main-header-display":"","ast-hfb-above-header-display":"","ast-hfb-below-header-display":"","ast-hfb-mobile-header-display":"","site-post-title":"disabled","ast-breadcrumbs-content":"","ast-featured-img":"disabled","footer-sml-layout":"","theme-transparent-header-meta":"default","adv-header-id-meta":"","stick-header-meta":"","header-above-stick-meta":"","header-main-stick-meta":"","header-below-stick-meta":"","astra-migrate-meta-layouts":"set","ast-page-background-enabled":"default","ast-page-background-meta":{"desktop":{"background-color":"var(--ast-global-color-4)","background-image":"","background-repeat":"repeat","background-position":"center center","background-size":"auto","background-attachment":"scroll","background-type":"","background-media":"","overlay-type":"","overlay-color":"","overlay-opacity":"","overlay-gradient":""},"tablet":{"background-color":"","background-image":"","background-repeat":"repeat","background-position":"center center","background-size":"auto","background-attachment":"scroll","background-type":"","background-media":"","overlay-type":"","overlay-color":"","overlay-opacity":"","overlay-gradient":""},"mobile":{"background-color":"","background-image":"","background-repeat":"repeat","background-position":"center center","background-size":"auto","background-attachment":"scroll","background-type":"","background-media":"","overlay-type":"","overlay-color":"","overlay-opacity":"","overlay-gradient":""}},"ast-content-background-meta":{"desktop":{"background-color":"var(--ast-global-color-5)","background-image":"","background-repeat":"repeat","background-position":"center center","background-size":"auto","background-attachment":"scroll","background-type":"","background-media":"","overlay-type":"","overlay-color":"","overlay-opacity":"","overlay-gradient":""},"tablet":{"background-color":"var(--ast-global-color-5)","background-image":"","background-repeat":"repeat","background-position":"center center","background-size":"auto","background-attachment":"scroll","background-type":"","background-media":"","overlay-type":"","overlay-color":"","overlay-opacity":"","overlay-gradient":""},"mobile":{"background-color":"var(--ast-global-color-5)","background-image":"","background-repeat":"repeat","background-position":"center center","background-size":"auto","background-attachment":"scroll","background-type":"","background-media":"","overlay-type":"","overlay-color":"","overlay-opacity":"","overlay-gradient":""}},"footnotes":""},"class_list":["post-13750","page","type-page","status-publish","has-post-thumbnail","hentry"],"yoast_head":"<!-- This site is optimized with the Yoast SEO plugin v26.7 - https:\/\/yoast.com\/wordpress\/plugins\/seo\/ -->\n<title>Destinos 2024 | estropical.com - Paquetes, Vuelos y Hoteles Baratos<\/title>\n<meta name=\"description\" content=\"Reserva tu viaje de forma segura y online. Vuelos y hoteles baratos. Disfruta de tus vacaciones con estropical.com\" \/>\n<meta name=\"robots\" content=\"index, follow, max-snippet:-1, max-image-preview:large, max-video-preview:-1\" \/>\n<link rel=\"canonical\" href=\"https:\/\/viajes.estropical.com\/en\/ofertas\/destinos2024\/\" \/>\n<meta property=\"og:locale\" content=\"en_US\" \/>\n<meta property=\"og:type\" content=\"article\" \/>\n<meta property=\"og:title\" content=\"Destinos 2024 | estropical.com - Paquetes, Vuelos y Hoteles Baratos\" \/>\n<meta property=\"og:description\" content=\"Reserva tu viaje de forma segura y online. Vuelos y hoteles baratos. Disfruta de tus vacaciones con estropical.com\" \/>\n<meta property=\"og:url\" content=\"https:\/\/viajes.estropical.com\/en\/ofertas\/destinos2024\/\" \/>\n<meta property=\"og:site_name\" content=\"estropical.com | Paquetes, Vuelos y Hoteles Baratos\" \/>\n<meta property=\"article:publisher\" content=\"https:\/\/www.facebook.com\/estropicalcom\" \/>\n<meta property=\"article:modified_time\" content=\"2024-02-17T15:32:16+00:00\" \/>\n<meta property=\"og:image\" content=\"https:\/\/viajes.estropical.com\/\/wp-content\/uploads\/2024\/01\/banner-destinos2024-mobile-jpg.webp\" \/>\n\t<meta property=\"og:image:width\" content=\"600\" \/>\n\t<meta property=\"og:image:height\" content=\"563\" \/>\n\t<meta property=\"og:image:type\" content=\"image\/jpeg\" \/>\n<meta name=\"twitter:card\" content=\"summary_large_image\" \/>\n<meta name=\"twitter:label1\" content=\"Est. reading time\" \/>\n\t<meta name=\"twitter:data1\" content=\"2 minutes\" \/>\n<script type=\"application\/ld+json\" class=\"yoast-schema-graph\">{\"@context\":\"https:\/\/schema.org\",\"@graph\":[{\"@type\":\"WebPage\",\"@id\":\"https:\/\/viajes.estropical.com\/en\/ofertas\/destinos2024\/\",\"url\":\"https:\/\/viajes.estropical.com\/en\/ofertas\/destinos2024\/\",\"name\":\"Destinos 2024 | estropical.com - Paquetes, Vuelos y Hoteles Baratos\",\"isPartOf\":{\"@id\":\"https:\/\/viajes.estropical.com\/en\/#website\"},\"primaryImageOfPage\":{\"@id\":\"https:\/\/viajes.estropical.com\/en\/ofertas\/destinos2024\/#primaryimage\"},\"image\":{\"@id\":\"https:\/\/viajes.estropical.com\/en\/ofertas\/destinos2024\/#primaryimage\"},\"thumbnailUrl\":\"https:\/\/viajes.estropical.com\/\/wp-content\/uploads\/2024\/01\/banner-destinos2024-mobile-jpg.webp\",\"datePublished\":\"2024-01-24T15:09:02+00:00\",\"dateModified\":\"2024-02-17T15:32:16+00:00\",\"description\":\"Reserva tu viaje de forma segura y online. Vuelos y hoteles baratos. Disfruta de tus vacaciones con estropical.com\",\"breadcrumb\":{\"@id\":\"https:\/\/viajes.estropical.com\/en\/ofertas\/destinos2024\/#breadcrumb\"},\"inLanguage\":\"en-US\",\"potentialAction\":[{\"@type\":\"ReadAction\",\"target\":[\"https:\/\/viajes.estropical.com\/en\/ofertas\/destinos2024\/\"]}]},{\"@type\":\"ImageObject\",\"inLanguage\":\"en-US\",\"@id\":\"https:\/\/viajes.estropical.com\/en\/ofertas\/destinos2024\/#primaryimage\",\"url\":\"https:\/\/viajes.estropical.com\/\/wp-content\/uploads\/2024\/01\/banner-destinos2024-mobile-jpg.webp\",\"contentUrl\":\"https:\/\/viajes.estropical.com\/\/wp-content\/uploads\/2024\/01\/banner-destinos2024-mobile-jpg.webp\",\"width\":600,\"height\":563,\"caption\":\"Destinos 2024 estropical.com\"},{\"@type\":\"BreadcrumbList\",\"@id\":\"https:\/\/viajes.estropical.com\/en\/ofertas\/destinos2024\/#breadcrumb\",\"itemListElement\":[{\"@type\":\"ListItem\",\"position\":1,\"name\":\"Portada\",\"item\":\"https:\/\/viajes.estropical.com\/\"},{\"@type\":\"ListItem\",\"position\":2,\"name\":\"Ofertas\",\"item\":\"https:\/\/viajes.estropical.com\/ofertas\/\"},{\"@type\":\"ListItem\",\"position\":3,\"name\":\"Destinos 2024 | estropical.com\"}]},{\"@type\":\"WebSite\",\"@id\":\"https:\/\/viajes.estropical.com\/en\/#website\",\"url\":\"https:\/\/viajes.estropical.com\/en\/\",\"name\":\"estropical.com | Paquetes, Vuelos y Hoteles Baratos\",\"description\":\"\",\"publisher\":{\"@id\":\"https:\/\/viajes.estropical.com\/en\/#organization\"},\"potentialAction\":[{\"@type\":\"SearchAction\",\"target\":{\"@type\":\"EntryPoint\",\"urlTemplate\":\"https:\/\/viajes.estropical.com\/en\/?s={search_term_string}\"},\"query-input\":{\"@type\":\"PropertyValueSpecification\",\"valueRequired\":true,\"valueName\":\"search_term_string\"}}],\"inLanguage\":\"en-US\"},{\"@type\":\"Organization\",\"@id\":\"https:\/\/viajes.estropical.com\/en\/#organization\",\"name\":\"estropical.com | Paquetes, Vuelos y Hoteles Baratos\",\"url\":\"https:\/\/viajes.estropical.com\/en\/\",\"logo\":{\"@type\":\"ImageObject\",\"inLanguage\":\"en-US\",\"@id\":\"https:\/\/viajes.estropical.com\/en\/#\/schema\/logo\/image\/\",\"url\":\"https:\/\/viajes.estropical.com\/\/wp-content\/uploads\/2022\/07\/logo-estropical-opengraph.png\",\"contentUrl\":\"https:\/\/viajes.estropical.com\/\/wp-content\/uploads\/2022\/07\/logo-estropical-opengraph.png\",\"width\":200,\"height\":200,\"caption\":\"estropical.com | Paquetes, Vuelos y Hoteles Baratos\"},\"image\":{\"@id\":\"https:\/\/viajes.estropical.com\/en\/#\/schema\/logo\/image\/\"},\"sameAs\":[\"https:\/\/www.facebook.com\/estropicalcom\"]}]}<\/script>\n<!-- \/ Yoast SEO plugin. -->","yoast_head_json":{"title":"Destinos 2024 | estropical.com - Paquetes, Vuelos y Hoteles Baratos","description":"Reserva tu viaje de forma segura y online. Vuelos y hoteles baratos. Disfruta de tus vacaciones con estropical.com","robots":{"index":"index","follow":"follow","max-snippet":"max-snippet:-1","max-image-preview":"max-image-preview:large","max-video-preview":"max-video-preview:-1"},"canonical":"https:\/\/viajes.estropical.com\/en\/ofertas\/destinos2024\/","og_locale":"en_US","og_type":"article","og_title":"Destinos 2024 | estropical.com - Paquetes, Vuelos y Hoteles Baratos","og_description":"Reserva tu viaje de forma segura y online. Vuelos y hoteles baratos. Disfruta de tus vacaciones con estropical.com","og_url":"https:\/\/viajes.estropical.com\/en\/ofertas\/destinos2024\/","og_site_name":"estropical.com | Paquetes, Vuelos y Hoteles Baratos","article_publisher":"https:\/\/www.facebook.com\/estropicalcom","article_modified_time":"2024-02-17T15:32:16+00:00","og_image":[{"width":600,"height":563,"url":"https:\/\/viajes.estropical.com\/\/wp-content\/uploads\/2024\/01\/banner-destinos2024-mobile-jpg.webp","type":"image\/jpeg"}],"twitter_card":"summary_large_image","twitter_misc":{"Est. reading time":"2 minutes"},"schema":{"@context":"https:\/\/schema.org","@graph":[{"@type":"WebPage","@id":"https:\/\/viajes.estropical.com\/en\/ofertas\/destinos2024\/","url":"https:\/\/viajes.estropical.com\/en\/ofertas\/destinos2024\/","name":"Destinos 2024 | estropical.com - Paquetes, Vuelos y Hoteles Baratos","isPartOf":{"@id":"https:\/\/viajes.estropical.com\/en\/#website"},"primaryImageOfPage":{"@id":"https:\/\/viajes.estropical.com\/en\/ofertas\/destinos2024\/#primaryimage"},"image":{"@id":"https:\/\/viajes.estropical.com\/en\/ofertas\/destinos2024\/#primaryimage"},"thumbnailUrl":"https:\/\/viajes.estropical.com\/\/wp-content\/uploads\/2024\/01\/banner-destinos2024-mobile-jpg.webp","datePublished":"2024-01-24T15:09:02+00:00","dateModified":"2024-02-17T15:32:16+00:00","description":"Reserva tu viaje de forma segura y online. Vuelos y hoteles baratos. Disfruta de tus vacaciones con estropical.com","breadcrumb":{"@id":"https:\/\/viajes.estropical.com\/en\/ofertas\/destinos2024\/#breadcrumb"},"inLanguage":"en-US","potentialAction":[{"@type":"ReadAction","target":["https:\/\/viajes.estropical.com\/en\/ofertas\/destinos2024\/"]}]},{"@type":"ImageObject","inLanguage":"en-US","@id":"https:\/\/viajes.estropical.com\/en\/ofertas\/destinos2024\/#primaryimage","url":"https:\/\/viajes.estropical.com\/\/wp-content\/uploads\/2024\/01\/banner-destinos2024-mobile-jpg.webp","contentUrl":"https:\/\/viajes.estropical.com\/\/wp-content\/uploads\/2024\/01\/banner-destinos2024-mobile-jpg.webp","width":600,"height":563,"caption":"Destinos 2024 estropical.com"},{"@type":"BreadcrumbList","@id":"https:\/\/viajes.estropical.com\/en\/ofertas\/destinos2024\/#breadcrumb","itemListElement":[{"@type":"ListItem","position":1,"name":"Portada","item":"https:\/\/viajes.estropical.com\/"},{"@type":"ListItem","position":2,"name":"Ofertas","item":"https:\/\/viajes.estropical.com\/ofertas\/"},{"@type":"ListItem","position":3,"name":"Destinos 2024 | estropical.com"}]},{"@type":"WebSite","@id":"https:\/\/viajes.estropical.com\/en\/#website","url":"https:\/\/viajes.estropical.com\/en\/","name":"estropical.com | Paquetes, Vuelos y Hoteles Baratos","description":"","publisher":{"@id":"https:\/\/viajes.estropical.com\/en\/#organization"},"potentialAction":[{"@type":"SearchAction","target":{"@type":"EntryPoint","urlTemplate":"https:\/\/viajes.estropical.com\/en\/?s={search_term_string}"},"query-input":{"@type":"PropertyValueSpecification","valueRequired":true,"valueName":"search_term_string"}}],"inLanguage":"en-US"},{"@type":"Organization","@id":"https:\/\/viajes.estropical.com\/en\/#organization","name":"estropical.com | Paquetes, Vuelos y Hoteles Baratos","url":"https:\/\/viajes.estropical.com\/en\/","logo":{"@type":"ImageObject","inLanguage":"en-US","@id":"https:\/\/viajes.estropical.com\/en\/#\/schema\/logo\/image\/","url":"https:\/\/viajes.estropical.com\/\/wp-content\/uploads\/2022\/07\/logo-estropical-opengraph.png","contentUrl":"https:\/\/viajes.estropical.com\/\/wp-content\/uploads\/2022\/07\/logo-estropical-opengraph.png","width":200,"height":200,"caption":"estropical.com | Paquetes, Vuelos y Hoteles Baratos"},"image":{"@id":"https:\/\/viajes.estropical.com\/en\/#\/schema\/logo\/image\/"},"sameAs":["https:\/\/www.facebook.com\/estropicalcom"]}]}},"_links":{"self":[{"href":"https:\/\/viajes.estropical.com\/en\/wp-json\/wp\/v2\/pages\/13750","targetHints":{"allow":["GET"]}}],"collection":[{"href":"https:\/\/viajes.estropical.com\/en\/wp-json\/wp\/v2\/pages"}],"about":[{"href":"https:\/\/viajes.estropical.com\/en\/wp-json\/wp\/v2\/types\/page"}],"author":[{"embeddable":true,"href":"https:\/\/viajes.estropical.com\/en\/wp-json\/wp\/v2\/users\/5"}],"replies":[{"embeddable":true,"href":"https:\/\/viajes.estropical.com\/en\/wp-json\/wp\/v2\/comments?post=13750"}],"version-history":[{"count":25,"href":"https:\/\/viajes.estropical.com\/en\/wp-json\/wp\/v2\/pages\/13750\/revisions"}],"predecessor-version":[{"id":15067,"href":"https:\/\/viajes.estropical.com\/en\/wp-json\/wp\/v2\/pages\/13750\/revisions\/15067"}],"up":[{"embeddable":true,"href":"https:\/\/viajes.estropical.com\/en\/wp-json\/wp\/v2\/pages\/14156"}],"wp:featuredmedia":[{"embeddable":true,"href":"https:\/\/viajes.estropical.com\/en\/wp-json\/wp\/v2\/media\/13752"}],"wp:attachment":[{"href":"https:\/\/viajes.estropical.com\/en\/wp-json\/wp\/v2\/media?parent=13750"}],"curies":[{"name":"wp","href":"https:\/\/api.w.org\/{rel}","templated":true}]}}